{"id":4584,"date":"2024-12-18T14:14:18","date_gmt":"2024-12-18T13:14:18","guid":{"rendered":"https:\/\/benchaaben-fragrance.com\/?post_type=product&#038;p=4584"},"modified":"2024-12-18T14:15:18","modified_gmt":"2024-12-18T13:15:18","slug":"leau-dissey-pour-homme-issey-miyake-extrait-de-parfum","status":"publish","type":"product","link":"https:\/\/benchaaben-fragrance.com\/?product=leau-dissey-pour-homme-issey-miyake-extrait-de-parfum","title":{"rendered":"L&rsquo;Eau d&rsquo;Issey Pour Homme Issey Miyake Extrait De Parfum"},"content":{"rendered":"<p><b>L&rsquo;Eau d&rsquo;Issey Pour Homme<\/b>\u00a0de\u00a0<b>Issey Miyake<\/b>\u00a0est un parfum Bois\u00e9 Aquatique pour homme.\u00a0<b>L&rsquo;Eau d&rsquo;Issey Pour Homme<\/b>\u00a0a \u00e9t\u00e9 lanc\u00e9 en 1994. Le nez derri\u00e8re ce parfum est Jacques Cavallier Belletrud. Les notes de t\u00eate sont Yuzu, Citron, Bergamote, Verveine odorante, Mandarine, Cypr\u00e8s, Calone, Coriandre, Estragon et Sauge; les notes de coeur sont Lotus bleu, Noix de muscade, Muguet, G\u00e9ranium bourbon, Safran, Cannelle Ceylan et R\u00e9s\u00e9da; les notes de fond sont V\u00e9tiver de Tahiti, Musc, C\u00e8dre, Bois de santal, Ambre et Tabac.<\/p>\n","protected":false},"excerpt":{"rendered":"<p><b>L&rsquo;Eau d&rsquo;Issey Pour Homme<\/b>\u00a0de\u00a0<b>Issey Miyake<\/b>\u00a0est un parfum Bois\u00e9 Aquatique pour homme.\u00a0<b>L&rsquo;Eau d&rsquo;Issey Pour Homme<\/b>\u00a0a \u00e9t\u00e9 lanc\u00e9 en 1994. Le nez derri\u00e8re ce parfum est Jacques Cavallier Belletrud. Les notes de t\u00eate sont Yuzu, Citron, Bergamote, Verveine odorante, Mandarine, Cypr\u00e8s, Calone, Coriandre, Estragon et Sauge; les notes de coeur sont Lotus bleu, Noix de muscade, Muguet, G\u00e9ranium bourbon, Safran, Cannelle Ceylan et R\u00e9s\u00e9da; les notes de fond sont V\u00e9tiver de Tahiti, Musc, C\u00e8dre, Bois de santal, Ambre et Tabac.<\/p>\n","protected":false},"featured_media":4587,"comment_status":"open","ping_status":"closed","template":"","meta":[],"product_brand":[],"product_cat":[195],"product_tag":[251,204],"class_list":{"0":"post-4584","1":"product","2":"type-product","3":"status-publish","4":"has-post-thumbnail","6":"product_cat-parfum-homme","7":"product_tag-issey-miyake","8":"product_tag-parfum-homme","10":"first","11":"instock","12":"shipping-taxable","13":"purchasable","14":"product-type-variable","15":"has-default-attributes"},"jetpack_sharing_enabled":true,"_links":{"self":[{"href":"https:\/\/benchaaben-fragrance.com\/index.php?rest_route=\/wp\/v2\/product\/4584","targetHints":{"allow":["GET"]}}],"collection":[{"href":"https:\/\/benchaaben-fragrance.com\/index.php?rest_route=\/wp\/v2\/product"}],"about":[{"href":"https:\/\/benchaaben-fragrance.com\/index.php?rest_route=\/wp\/v2\/types\/product"}],"replies":[{"embeddable":true,"href":"https:\/\/benchaaben-fragrance.com\/index.php?rest_route=%2Fwp%2Fv2%2Fcomments&post=4584"}],"wp:featuredmedia":[{"embeddable":true,"href":"https:\/\/benchaaben-fragrance.com\/index.php?rest_route=\/wp\/v2\/media\/4587"}],"wp:attachment":[{"href":"https:\/\/benchaaben-fragrance.com\/index.php?rest_route=%2Fwp%2Fv2%2Fmedia&parent=4584"}],"wp:term":[{"taxonomy":"product_brand","embeddable":true,"href":"https:\/\/benchaaben-fragrance.com\/index.php?rest_route=%2Fwp%2Fv2%2Fproduct_brand&post=4584"},{"taxonomy":"product_cat","embeddable":true,"href":"https:\/\/benchaaben-fragrance.com\/index.php?rest_route=%2Fwp%2Fv2%2Fproduct_cat&post=4584"},{"taxonomy":"product_tag","embeddable":true,"href":"https:\/\/benchaaben-fragrance.com\/index.php?rest_route=%2Fwp%2Fv2%2Fproduct_tag&post=4584"}],"curies":[{"name":"wp","href":"https:\/\/api.w.org\/{rel}","templated":true}]}}