{"id":4600,"date":"2024-12-18T14:27:02","date_gmt":"2024-12-18T13:27:02","guid":{"rendered":"https:\/\/benchaaben-fragrance.com\/?post_type=product&#038;p=4600"},"modified":"2024-12-18T14:28:08","modified_gmt":"2024-12-18T13:28:08","slug":"eau-des-sens-diptyque-extrait-de-parfum","status":"publish","type":"product","link":"https:\/\/benchaaben-fragrance.com\/?product=eau-des-sens-diptyque-extrait-de-parfum","title":{"rendered":"Eau des Sens Diptyque Extrait De Parfum"},"content":{"rendered":"<p><b>Eau des Sens <\/b>\u00a0de\u00a0<b>Diptyque<\/b>\u00a0est un parfum Hesp\u00e9rid\u00e9 aromatique pour homme et femme.\u00a0<b>Eau des Sens <\/b>\u00a0a \u00e9t\u00e9 lanc\u00e9 en 2016. Le nez derri\u00e8re ce parfum est Olivier Pescheux. Les notes de t\u00eate sont Fleur d&rsquo;oranger et Bigarade; la note de coeur est Baies de gen\u00e9vrier; les notes de fond sont Ang\u00e9lique et Patchouli.<\/p>\n","protected":false},"excerpt":{"rendered":"<p><b>Eau des Sens <\/b>\u00a0de\u00a0<b>Diptyque<\/b>\u00a0est un parfum Hesp\u00e9rid\u00e9 aromatique pour homme et femme.\u00a0<b>Eau des Sens <\/b>\u00a0a \u00e9t\u00e9 lanc\u00e9 en 2016. Le nez derri\u00e8re ce parfum est Olivier Pescheux. Les notes de t\u00eate sont Fleur d&rsquo;oranger et Bigarade; la note de coeur est Baies de gen\u00e9vrier; les notes de fond sont Ang\u00e9lique et Patchouli.<\/p>\n","protected":false},"featured_media":4603,"comment_status":"open","ping_status":"closed","template":"","meta":[],"product_brand":[],"product_cat":[196,195,197],"product_tag":[252,198,204],"class_list":{"0":"post-4600","1":"product","2":"type-product","3":"status-publish","4":"has-post-thumbnail","6":"product_cat-parfum-femme","7":"product_cat-parfum-homme","8":"product_cat-parfum-unisexe","9":"product_tag-diptyque","10":"product_tag-parfum-femme","11":"product_tag-parfum-homme","13":"first","14":"instock","15":"shipping-taxable","16":"purchasable","17":"product-type-variable","18":"has-default-attributes"},"jetpack_sharing_enabled":true,"_links":{"self":[{"href":"https:\/\/benchaaben-fragrance.com\/index.php?rest_route=\/wp\/v2\/product\/4600","targetHints":{"allow":["GET"]}}],"collection":[{"href":"https:\/\/benchaaben-fragrance.com\/index.php?rest_route=\/wp\/v2\/product"}],"about":[{"href":"https:\/\/benchaaben-fragrance.com\/index.php?rest_route=\/wp\/v2\/types\/product"}],"replies":[{"embeddable":true,"href":"https:\/\/benchaaben-fragrance.com\/index.php?rest_route=%2Fwp%2Fv2%2Fcomments&post=4600"}],"wp:featuredmedia":[{"embeddable":true,"href":"https:\/\/benchaaben-fragrance.com\/index.php?rest_route=\/wp\/v2\/media\/4603"}],"wp:attachment":[{"href":"https:\/\/benchaaben-fragrance.com\/index.php?rest_route=%2Fwp%2Fv2%2Fmedia&parent=4600"}],"wp:term":[{"taxonomy":"product_brand","embeddable":true,"href":"https:\/\/benchaaben-fragrance.com\/index.php?rest_route=%2Fwp%2Fv2%2Fproduct_brand&post=4600"},{"taxonomy":"product_cat","embeddable":true,"href":"https:\/\/benchaaben-fragrance.com\/index.php?rest_route=%2Fwp%2Fv2%2Fproduct_cat&post=4600"},{"taxonomy":"product_tag","embeddable":true,"href":"https:\/\/benchaaben-fragrance.com\/index.php?rest_route=%2Fwp%2Fv2%2Fproduct_tag&post=4600"}],"curies":[{"name":"wp","href":"https:\/\/api.w.org\/{rel}","templated":true}]}}