{"id":4608,"date":"2024-12-18T14:32:08","date_gmt":"2024-12-18T13:32:08","guid":{"rendered":"https:\/\/benchaaben-fragrance.com\/?post_type=product&#038;p=4608"},"modified":"2024-12-18T14:34:37","modified_gmt":"2024-12-18T13:34:37","slug":"scandal-pour-homme-jean-paul-gaultier-extrait-de-parfum","status":"publish","type":"product","link":"https:\/\/benchaaben-fragrance.com\/?product=scandal-pour-homme-jean-paul-gaultier-extrait-de-parfum","title":{"rendered":"Scandal Pour Homme Jean Paul Gaultier Extrait De Parfum"},"content":{"rendered":"<p><b>Scandal Pour Homme<\/b>\u00a0de\u00a0<b>Jean Paul Gaultier<\/b>\u00a0est un parfum Orientale bois\u00e9 pour homme.\u00a0<b>Scandal Pour Homme<\/b>\u00a0a \u00e9t\u00e9 lanc\u00e9 en 2021. Scandal Pour Homme a \u00e9t\u00e9 cr\u00e9\u00e9 par Quentin Bisch, Christophe Raynaud et Natalie Gracia-Cetto. Les notes de t\u00eate sont Mandarine et Sauge sclar\u00e9e; les notes de coeur sont Caramel et F\u00e8ve de tonka; la note de fond est V\u00e9tiver.<\/p>\n","protected":false},"excerpt":{"rendered":"<p><b>Scandal Pour Homme<\/b>\u00a0de\u00a0<b>Jean Paul Gaultier<\/b>\u00a0est un parfum Orientale bois\u00e9 pour homme.\u00a0<b>Scandal Pour Homme<\/b>\u00a0a \u00e9t\u00e9 lanc\u00e9 en 2021. Scandal Pour Homme a \u00e9t\u00e9 cr\u00e9\u00e9 par Quentin Bisch, Christophe Raynaud et Natalie Gracia-Cetto. Les notes de t\u00eate sont Mandarine et Sauge sclar\u00e9e; les notes de coeur sont Caramel et F\u00e8ve de tonka; la note de fond est V\u00e9tiver.<\/p>\n","protected":false},"featured_media":4611,"comment_status":"open","ping_status":"closed","template":"","meta":[],"product_brand":[],"product_cat":[195],"product_tag":[247,204],"class_list":{"0":"post-4608","1":"product","2":"type-product","3":"status-publish","4":"has-post-thumbnail","6":"product_cat-parfum-homme","7":"product_tag-jean-paul-gaultier","8":"product_tag-parfum-homme","10":"first","11":"instock","12":"shipping-taxable","13":"purchasable","14":"product-type-variable","15":"has-default-attributes"},"jetpack_sharing_enabled":true,"_links":{"self":[{"href":"https:\/\/benchaaben-fragrance.com\/index.php?rest_route=\/wp\/v2\/product\/4608","targetHints":{"allow":["GET"]}}],"collection":[{"href":"https:\/\/benchaaben-fragrance.com\/index.php?rest_route=\/wp\/v2\/product"}],"about":[{"href":"https:\/\/benchaaben-fragrance.com\/index.php?rest_route=\/wp\/v2\/types\/product"}],"replies":[{"embeddable":true,"href":"https:\/\/benchaaben-fragrance.com\/index.php?rest_route=%2Fwp%2Fv2%2Fcomments&post=4608"}],"wp:featuredmedia":[{"embeddable":true,"href":"https:\/\/benchaaben-fragrance.com\/index.php?rest_route=\/wp\/v2\/media\/4611"}],"wp:attachment":[{"href":"https:\/\/benchaaben-fragrance.com\/index.php?rest_route=%2Fwp%2Fv2%2Fmedia&parent=4608"}],"wp:term":[{"taxonomy":"product_brand","embeddable":true,"href":"https:\/\/benchaaben-fragrance.com\/index.php?rest_route=%2Fwp%2Fv2%2Fproduct_brand&post=4608"},{"taxonomy":"product_cat","embeddable":true,"href":"https:\/\/benchaaben-fragrance.com\/index.php?rest_route=%2Fwp%2Fv2%2Fproduct_cat&post=4608"},{"taxonomy":"product_tag","embeddable":true,"href":"https:\/\/benchaaben-fragrance.com\/index.php?rest_route=%2Fwp%2Fv2%2Fproduct_tag&post=4608"}],"curies":[{"name":"wp","href":"https:\/\/api.w.org\/{rel}","templated":true}]}}