{"id":4612,"date":"2024-12-18T14:36:49","date_gmt":"2024-12-18T13:36:49","guid":{"rendered":"https:\/\/benchaaben-fragrance.com\/?post_type=product&#038;p=4612"},"modified":"2024-12-18T14:37:43","modified_gmt":"2024-12-18T13:37:43","slug":"linstant-de-guerlain-pour-homme-edp-guerlain-extrait-de-parfum","status":"publish","type":"product","link":"https:\/\/benchaaben-fragrance.com\/?product=linstant-de-guerlain-pour-homme-edp-guerlain-extrait-de-parfum","title":{"rendered":"L&rsquo;Instant de Guerlain pour Homme EDP Guerlain Extrait De Parfum"},"content":{"rendered":"<p><b>L&rsquo;Instant de Guerlain pour Homme EDP<\/b>\u00a0de\u00a0<b>Guerlain<\/b>\u00a0est un parfum Bois\u00e9 pour homme.\u00a0<b>L&rsquo;Instant de Guerlain pour Homme EDP<\/b>\u00a0a \u00e9t\u00e9 lanc\u00e9 en 2015. Le nez derri\u00e8re ce parfum est Beatrice Piquet. Les notes de t\u00eate sont Badiane de Chine, Bergamote, \u00c9l\u00e9mi, Citron et Poivre; les notes de coeur sont Cosse de cacao, Bois de santal, Fum\u00e9e, Th\u00e9 et Jasmin; la note de fond est Patchouli.<\/p>\n","protected":false},"excerpt":{"rendered":"<p><b>L&rsquo;Instant de Guerlain pour Homme EDP<\/b>\u00a0de\u00a0<b>Guerlain<\/b>\u00a0est un parfum Bois\u00e9 pour homme.\u00a0<b>L&rsquo;Instant de Guerlain pour Homme EDP<\/b>\u00a0a \u00e9t\u00e9 lanc\u00e9 en 2015. Le nez derri\u00e8re ce parfum est Beatrice Piquet. Les notes de t\u00eate sont Badiane de Chine, Bergamote, \u00c9l\u00e9mi, Citron et Poivre; les notes de coeur sont Cosse de cacao, Bois de santal, Fum\u00e9e, Th\u00e9 et Jasmin; la note de fond est Patchouli.<\/p>\n","protected":false},"featured_media":4615,"comment_status":"open","ping_status":"closed","template":"","meta":[],"product_brand":[],"product_cat":[195],"product_tag":[211,204],"class_list":{"0":"post-4612","1":"product","2":"type-product","3":"status-publish","4":"has-post-thumbnail","6":"product_cat-parfum-homme","7":"product_tag-guerlain","8":"product_tag-parfum-homme","10":"first","11":"instock","12":"shipping-taxable","13":"purchasable","14":"product-type-variable","15":"has-default-attributes"},"jetpack_sharing_enabled":true,"_links":{"self":[{"href":"https:\/\/benchaaben-fragrance.com\/index.php?rest_route=\/wp\/v2\/product\/4612","targetHints":{"allow":["GET"]}}],"collection":[{"href":"https:\/\/benchaaben-fragrance.com\/index.php?rest_route=\/wp\/v2\/product"}],"about":[{"href":"https:\/\/benchaaben-fragrance.com\/index.php?rest_route=\/wp\/v2\/types\/product"}],"replies":[{"embeddable":true,"href":"https:\/\/benchaaben-fragrance.com\/index.php?rest_route=%2Fwp%2Fv2%2Fcomments&post=4612"}],"wp:featuredmedia":[{"embeddable":true,"href":"https:\/\/benchaaben-fragrance.com\/index.php?rest_route=\/wp\/v2\/media\/4615"}],"wp:attachment":[{"href":"https:\/\/benchaaben-fragrance.com\/index.php?rest_route=%2Fwp%2Fv2%2Fmedia&parent=4612"}],"wp:term":[{"taxonomy":"product_brand","embeddable":true,"href":"https:\/\/benchaaben-fragrance.com\/index.php?rest_route=%2Fwp%2Fv2%2Fproduct_brand&post=4612"},{"taxonomy":"product_cat","embeddable":true,"href":"https:\/\/benchaaben-fragrance.com\/index.php?rest_route=%2Fwp%2Fv2%2Fproduct_cat&post=4612"},{"taxonomy":"product_tag","embeddable":true,"href":"https:\/\/benchaaben-fragrance.com\/index.php?rest_route=%2Fwp%2Fv2%2Fproduct_tag&post=4612"}],"curies":[{"name":"wp","href":"https:\/\/api.w.org\/{rel}","templated":true}]}}