{"id":4620,"date":"2024-12-18T14:43:09","date_gmt":"2024-12-18T13:43:09","guid":{"rendered":"https:\/\/benchaaben-fragrance.com\/?post_type=product&#038;p=4620"},"modified":"2024-12-18T14:43:57","modified_gmt":"2024-12-18T13:43:57","slug":"noir-extreme-tom-ford-extrait-de-parfum","status":"publish","type":"product","link":"https:\/\/benchaaben-fragrance.com\/?product=noir-extreme-tom-ford-extrait-de-parfum","title":{"rendered":"Noir Extreme Tom Ford Extrait De Parfum"},"content":{"rendered":"<p><b>Noir Extreme<\/b>\u00a0de\u00a0<b>Tom Ford<\/b>\u00a0est un parfum Orientale bois\u00e9 pour homme.\u00a0<b>Noir Extreme<\/b>\u00a0a \u00e9t\u00e9 lanc\u00e9 en 2015. Le nez derri\u00e8re ce parfum est Sonia Constant. Les notes de t\u00eate sont Cardamome, Noix de muscade, Safran, Mandarine et N\u00e9roli; les notes de coeur sont Kulfi, Rose, Lentisque, Fleur d&rsquo;oranger et Jasmin; les notes de fond sont Vanille, Ambre, Notes bois\u00e9es et Bois de santal.<\/p>\n","protected":false},"excerpt":{"rendered":"<p><b>Noir Extreme<\/b>\u00a0de\u00a0<b>Tom Ford<\/b>\u00a0est un parfum Orientale bois\u00e9 pour homme.\u00a0<b>Noir Extreme<\/b>\u00a0a \u00e9t\u00e9 lanc\u00e9 en 2015. Le nez derri\u00e8re ce parfum est Sonia Constant. Les notes de t\u00eate sont Cardamome, Noix de muscade, Safran, Mandarine et N\u00e9roli; les notes de coeur sont Kulfi, Rose, Lentisque, Fleur d&rsquo;oranger et Jasmin; les notes de fond sont Vanille, Ambre, Notes bois\u00e9es et Bois de santal.<\/p>\n","protected":false},"featured_media":4623,"comment_status":"open","ping_status":"closed","template":"","meta":[],"product_brand":[],"product_cat":[195],"product_tag":[204,236],"class_list":{"0":"post-4620","1":"product","2":"type-product","3":"status-publish","4":"has-post-thumbnail","6":"product_cat-parfum-homme","7":"product_tag-parfum-homme","8":"product_tag-tom-ford","10":"first","11":"instock","12":"shipping-taxable","13":"purchasable","14":"product-type-variable","15":"has-default-attributes"},"jetpack_sharing_enabled":true,"_links":{"self":[{"href":"https:\/\/benchaaben-fragrance.com\/index.php?rest_route=\/wp\/v2\/product\/4620","targetHints":{"allow":["GET"]}}],"collection":[{"href":"https:\/\/benchaaben-fragrance.com\/index.php?rest_route=\/wp\/v2\/product"}],"about":[{"href":"https:\/\/benchaaben-fragrance.com\/index.php?rest_route=\/wp\/v2\/types\/product"}],"replies":[{"embeddable":true,"href":"https:\/\/benchaaben-fragrance.com\/index.php?rest_route=%2Fwp%2Fv2%2Fcomments&post=4620"}],"wp:featuredmedia":[{"embeddable":true,"href":"https:\/\/benchaaben-fragrance.com\/index.php?rest_route=\/wp\/v2\/media\/4623"}],"wp:attachment":[{"href":"https:\/\/benchaaben-fragrance.com\/index.php?rest_route=%2Fwp%2Fv2%2Fmedia&parent=4620"}],"wp:term":[{"taxonomy":"product_brand","embeddable":true,"href":"https:\/\/benchaaben-fragrance.com\/index.php?rest_route=%2Fwp%2Fv2%2Fproduct_brand&post=4620"},{"taxonomy":"product_cat","embeddable":true,"href":"https:\/\/benchaaben-fragrance.com\/index.php?rest_route=%2Fwp%2Fv2%2Fproduct_cat&post=4620"},{"taxonomy":"product_tag","embeddable":true,"href":"https:\/\/benchaaben-fragrance.com\/index.php?rest_route=%2Fwp%2Fv2%2Fproduct_tag&post=4620"}],"curies":[{"name":"wp","href":"https:\/\/api.w.org\/{rel}","templated":true}]}}