{"id":4624,"date":"2024-12-18T14:47:43","date_gmt":"2024-12-18T13:47:43","guid":{"rendered":"https:\/\/benchaaben-fragrance.com\/?post_type=product&#038;p=4624"},"modified":"2024-12-18T14:48:32","modified_gmt":"2024-12-18T13:48:32","slug":"black-orchid-parfum-tom-ford-extrait-de-parfum","status":"publish","type":"product","link":"https:\/\/benchaaben-fragrance.com\/?product=black-orchid-parfum-tom-ford-extrait-de-parfum","title":{"rendered":"Black Orchid Parfum Tom Ford Extrait De Parfum"},"content":{"rendered":"<p><b>Black Orchid Parfum<\/b>\u00a0de\u00a0<b>Tom Ford<\/b>\u00a0est un parfum Orientale Floral pour homme et femme.\u00a0<b>Black Orchid Parfum<\/b>\u00a0a \u00e9t\u00e9 lanc\u00e9 en 2020. Les notes de t\u00eate sont Truffe et Prune; les notes de coeur sont Rhum, Ylang-ylang et Orchid\u00e9e noire; la note de fond est Patchouli.<\/p>\n","protected":false},"excerpt":{"rendered":"<p><b>Black Orchid Parfum<\/b>\u00a0de\u00a0<b>Tom Ford<\/b>\u00a0est un parfum Orientale Floral pour homme et femme.\u00a0<b>Black Orchid Parfum<\/b>\u00a0a \u00e9t\u00e9 lanc\u00e9 en 2020. Les notes de t\u00eate sont Truffe et Prune; les notes de coeur sont Rhum, Ylang-ylang et Orchid\u00e9e noire; la note de fond est Patchouli.<\/p>\n","protected":false},"featured_media":4627,"comment_status":"open","ping_status":"closed","template":"","meta":[],"product_brand":[],"product_cat":[196,195,197],"product_tag":[198,204,236],"class_list":{"0":"post-4624","1":"product","2":"type-product","3":"status-publish","4":"has-post-thumbnail","6":"product_cat-parfum-femme","7":"product_cat-parfum-homme","8":"product_cat-parfum-unisexe","9":"product_tag-parfum-femme","10":"product_tag-parfum-homme","11":"product_tag-tom-ford","13":"first","14":"instock","15":"shipping-taxable","16":"purchasable","17":"product-type-variable","18":"has-default-attributes"},"jetpack_sharing_enabled":true,"_links":{"self":[{"href":"https:\/\/benchaaben-fragrance.com\/index.php?rest_route=\/wp\/v2\/product\/4624","targetHints":{"allow":["GET"]}}],"collection":[{"href":"https:\/\/benchaaben-fragrance.com\/index.php?rest_route=\/wp\/v2\/product"}],"about":[{"href":"https:\/\/benchaaben-fragrance.com\/index.php?rest_route=\/wp\/v2\/types\/product"}],"replies":[{"embeddable":true,"href":"https:\/\/benchaaben-fragrance.com\/index.php?rest_route=%2Fwp%2Fv2%2Fcomments&post=4624"}],"wp:featuredmedia":[{"embeddable":true,"href":"https:\/\/benchaaben-fragrance.com\/index.php?rest_route=\/wp\/v2\/media\/4627"}],"wp:attachment":[{"href":"https:\/\/benchaaben-fragrance.com\/index.php?rest_route=%2Fwp%2Fv2%2Fmedia&parent=4624"}],"wp:term":[{"taxonomy":"product_brand","embeddable":true,"href":"https:\/\/benchaaben-fragrance.com\/index.php?rest_route=%2Fwp%2Fv2%2Fproduct_brand&post=4624"},{"taxonomy":"product_cat","embeddable":true,"href":"https:\/\/benchaaben-fragrance.com\/index.php?rest_route=%2Fwp%2Fv2%2Fproduct_cat&post=4624"},{"taxonomy":"product_tag","embeddable":true,"href":"https:\/\/benchaaben-fragrance.com\/index.php?rest_route=%2Fwp%2Fv2%2Fproduct_tag&post=4624"}],"curies":[{"name":"wp","href":"https:\/\/api.w.org\/{rel}","templated":true}]}}