{"id":4628,"date":"2024-12-18T14:53:07","date_gmt":"2024-12-18T13:53:07","guid":{"rendered":"https:\/\/benchaaben-fragrance.com\/?post_type=product&#038;p=4628"},"modified":"2024-12-18T14:54:23","modified_gmt":"2024-12-18T13:54:23","slug":"chrome-azzaro-extrait-de-parfum","status":"publish","type":"product","link":"https:\/\/benchaaben-fragrance.com\/?product=chrome-azzaro-extrait-de-parfum","title":{"rendered":"Chrome Azzaro Extrait De Parfum"},"content":{"rendered":"<p><b>Chrome<\/b>\u00a0de\u00a0<b>Azzaro<\/b>\u00a0est un parfum Hesp\u00e9rid\u00e9 aromatique pour homme.\u00a0<b>Chrome<\/b>\u00a0a \u00e9t\u00e9 lanc\u00e9 en 1996. Le nez derri\u00e8re ce parfum est Gerard Haury. Les notes de t\u00eate sont Citron, Romarin, Bergamote, N\u00e9roli et Ananas; les notes de coeur sont Jasmin, Mousse de ch\u00eane, Cyclamen et Coriandre; les notes de fond sont Musc, Mousse de ch\u00eane, C\u00e8dre, Bois de santal, Cardamome, Palissandre du Br\u00e9sil et F\u00e8ve de tonka.<\/p>\n","protected":false},"excerpt":{"rendered":"<p><b>Chrome<\/b>\u00a0de\u00a0<b>Azzaro<\/b>\u00a0est un parfum Hesp\u00e9rid\u00e9 aromatique pour homme.\u00a0<b>Chrome<\/b>\u00a0a \u00e9t\u00e9 lanc\u00e9 en 1996. Le nez derri\u00e8re ce parfum est Gerard Haury. Les notes de t\u00eate sont Citron, Romarin, Bergamote, N\u00e9roli et Ananas; les notes de coeur sont Jasmin, Mousse de ch\u00eane, Cyclamen et Coriandre; les notes de fond sont Musc, Mousse de ch\u00eane, C\u00e8dre, Bois de santal, Cardamome, Palissandre du Br\u00e9sil et F\u00e8ve de tonka.<\/p>\n","protected":false},"featured_media":4631,"comment_status":"open","ping_status":"closed","template":"","meta":[],"product_brand":[],"product_cat":[195],"product_tag":[253,204],"class_list":{"0":"post-4628","1":"product","2":"type-product","3":"status-publish","4":"has-post-thumbnail","6":"product_cat-parfum-homme","7":"product_tag-azzaro","8":"product_tag-parfum-homme","10":"first","11":"instock","12":"shipping-taxable","13":"purchasable","14":"product-type-variable","15":"has-default-attributes"},"jetpack_sharing_enabled":true,"_links":{"self":[{"href":"https:\/\/benchaaben-fragrance.com\/index.php?rest_route=\/wp\/v2\/product\/4628","targetHints":{"allow":["GET"]}}],"collection":[{"href":"https:\/\/benchaaben-fragrance.com\/index.php?rest_route=\/wp\/v2\/product"}],"about":[{"href":"https:\/\/benchaaben-fragrance.com\/index.php?rest_route=\/wp\/v2\/types\/product"}],"replies":[{"embeddable":true,"href":"https:\/\/benchaaben-fragrance.com\/index.php?rest_route=%2Fwp%2Fv2%2Fcomments&post=4628"}],"wp:featuredmedia":[{"embeddable":true,"href":"https:\/\/benchaaben-fragrance.com\/index.php?rest_route=\/wp\/v2\/media\/4631"}],"wp:attachment":[{"href":"https:\/\/benchaaben-fragrance.com\/index.php?rest_route=%2Fwp%2Fv2%2Fmedia&parent=4628"}],"wp:term":[{"taxonomy":"product_brand","embeddable":true,"href":"https:\/\/benchaaben-fragrance.com\/index.php?rest_route=%2Fwp%2Fv2%2Fproduct_brand&post=4628"},{"taxonomy":"product_cat","embeddable":true,"href":"https:\/\/benchaaben-fragrance.com\/index.php?rest_route=%2Fwp%2Fv2%2Fproduct_cat&post=4628"},{"taxonomy":"product_tag","embeddable":true,"href":"https:\/\/benchaaben-fragrance.com\/index.php?rest_route=%2Fwp%2Fv2%2Fproduct_tag&post=4628"}],"curies":[{"name":"wp","href":"https:\/\/api.w.org\/{rel}","templated":true}]}}