{"id":4632,"date":"2024-12-18T14:57:07","date_gmt":"2024-12-18T13:57:07","guid":{"rendered":"https:\/\/benchaaben-fragrance.com\/?post_type=product&#038;p=4632"},"modified":"2024-12-18T14:57:53","modified_gmt":"2024-12-18T13:57:53","slug":"the-most-wanted-azzaro-extrait-de-parfum","status":"publish","type":"product","link":"https:\/\/benchaaben-fragrance.com\/?product=the-most-wanted-azzaro-extrait-de-parfum","title":{"rendered":"The Most Wanted Azzaro Extrait De Parfum"},"content":{"rendered":"<p><b>The Most Wanted<\/b>\u00a0de\u00a0<b>Azzaro<\/b>\u00a0est un parfum Orientale \u00c9pic\u00e9 pour homme.\u00a0<b>The Most Wanted<\/b>\u00a0a \u00e9t\u00e9 lanc\u00e9 en 2021. La note de t\u00eate est Cardamome; la note de coeur est Toffee; la note de fond est Amberwood.<\/p>\n","protected":false},"excerpt":{"rendered":"<p><b>The Most Wanted<\/b>\u00a0de\u00a0<b>Azzaro<\/b>\u00a0est un parfum Orientale \u00c9pic\u00e9 pour homme.\u00a0<b>The Most Wanted<\/b>\u00a0a \u00e9t\u00e9 lanc\u00e9 en 2021. La note de t\u00eate est Cardamome; la note de coeur est Toffee; la note de fond est Amberwood.<\/p>\n","protected":false},"featured_media":4635,"comment_status":"open","ping_status":"closed","template":"","meta":[],"product_brand":[],"product_cat":[195],"product_tag":[253,204],"class_list":{"0":"post-4632","1":"product","2":"type-product","3":"status-publish","4":"has-post-thumbnail","6":"product_cat-parfum-homme","7":"product_tag-azzaro","8":"product_tag-parfum-homme","10":"first","11":"instock","12":"shipping-taxable","13":"purchasable","14":"product-type-variable","15":"has-default-attributes"},"jetpack_sharing_enabled":true,"_links":{"self":[{"href":"https:\/\/benchaaben-fragrance.com\/index.php?rest_route=\/wp\/v2\/product\/4632","targetHints":{"allow":["GET"]}}],"collection":[{"href":"https:\/\/benchaaben-fragrance.com\/index.php?rest_route=\/wp\/v2\/product"}],"about":[{"href":"https:\/\/benchaaben-fragrance.com\/index.php?rest_route=\/wp\/v2\/types\/product"}],"replies":[{"embeddable":true,"href":"https:\/\/benchaaben-fragrance.com\/index.php?rest_route=%2Fwp%2Fv2%2Fcomments&post=4632"}],"wp:featuredmedia":[{"embeddable":true,"href":"https:\/\/benchaaben-fragrance.com\/index.php?rest_route=\/wp\/v2\/media\/4635"}],"wp:attachment":[{"href":"https:\/\/benchaaben-fragrance.com\/index.php?rest_route=%2Fwp%2Fv2%2Fmedia&parent=4632"}],"wp:term":[{"taxonomy":"product_brand","embeddable":true,"href":"https:\/\/benchaaben-fragrance.com\/index.php?rest_route=%2Fwp%2Fv2%2Fproduct_brand&post=4632"},{"taxonomy":"product_cat","embeddable":true,"href":"https:\/\/benchaaben-fragrance.com\/index.php?rest_route=%2Fwp%2Fv2%2Fproduct_cat&post=4632"},{"taxonomy":"product_tag","embeddable":true,"href":"https:\/\/benchaaben-fragrance.com\/index.php?rest_route=%2Fwp%2Fv2%2Fproduct_tag&post=4632"}],"curies":[{"name":"wp","href":"https:\/\/api.w.org\/{rel}","templated":true}]}}