{"id":4640,"date":"2024-12-18T15:06:09","date_gmt":"2024-12-18T14:06:09","guid":{"rendered":"https:\/\/benchaaben-fragrance.com\/?post_type=product&#038;p=4640"},"modified":"2024-12-18T15:07:54","modified_gmt":"2024-12-18T14:07:54","slug":"gentleman-society-givenchy-extrait-de-parfum","status":"publish","type":"product","link":"https:\/\/benchaaben-fragrance.com\/?product=gentleman-society-givenchy-extrait-de-parfum","title":{"rendered":"Gentleman Society Givenchy Extrait De Parfum"},"content":{"rendered":"<p><b>Gentleman Society<\/b>\u00a0de\u00a0<b>Givenchy<\/b>\u00a0est un parfum Bois\u00e9 Aromatique pour homme. C&rsquo;est un nouveau parfum.\u00a0<b>Gentleman Society<\/b>\u00a0a \u00e9t\u00e9 lanc\u00e9 en 2023. Gentleman Society a \u00e9t\u00e9 cr\u00e9\u00e9 par Karine Dubreuil-Sereni et Ma\u00efa Lernout. Les notes de t\u00eate sont Cardamome et Sauge; les notes de coeur sont Narcisse de France, V\u00e9tiver de Ha\u00efti et V\u00e9tiver de Madagascar; les notes de fond sont Vanille, Palo santo et C\u00e8dre.<\/p>\n","protected":false},"excerpt":{"rendered":"<p><b>Gentleman Society<\/b>\u00a0de\u00a0<b>Givenchy<\/b>\u00a0est un parfum Bois\u00e9 Aromatique pour homme. C&rsquo;est un nouveau parfum.\u00a0<b>Gentleman Society<\/b>\u00a0a \u00e9t\u00e9 lanc\u00e9 en 2023. Gentleman Society a \u00e9t\u00e9 cr\u00e9\u00e9 par Karine Dubreuil-Sereni et Ma\u00efa Lernout. Les notes de t\u00eate sont Cardamome et Sauge; les notes de coeur sont Narcisse de France, V\u00e9tiver de Ha\u00efti et V\u00e9tiver de Madagascar; les notes de fond sont Vanille, Palo santo et C\u00e8dre.<\/p>\n","protected":false},"featured_media":4643,"comment_status":"open","ping_status":"closed","template":"","meta":[],"product_brand":[],"product_cat":[195],"product_tag":[207,204],"class_list":{"0":"post-4640","1":"product","2":"type-product","3":"status-publish","4":"has-post-thumbnail","6":"product_cat-parfum-homme","7":"product_tag-givenchy","8":"product_tag-parfum-homme","10":"first","11":"instock","12":"shipping-taxable","13":"purchasable","14":"product-type-variable","15":"has-default-attributes"},"jetpack_sharing_enabled":true,"_links":{"self":[{"href":"https:\/\/benchaaben-fragrance.com\/index.php?rest_route=\/wp\/v2\/product\/4640","targetHints":{"allow":["GET"]}}],"collection":[{"href":"https:\/\/benchaaben-fragrance.com\/index.php?rest_route=\/wp\/v2\/product"}],"about":[{"href":"https:\/\/benchaaben-fragrance.com\/index.php?rest_route=\/wp\/v2\/types\/product"}],"replies":[{"embeddable":true,"href":"https:\/\/benchaaben-fragrance.com\/index.php?rest_route=%2Fwp%2Fv2%2Fcomments&post=4640"}],"wp:featuredmedia":[{"embeddable":true,"href":"https:\/\/benchaaben-fragrance.com\/index.php?rest_route=\/wp\/v2\/media\/4643"}],"wp:attachment":[{"href":"https:\/\/benchaaben-fragrance.com\/index.php?rest_route=%2Fwp%2Fv2%2Fmedia&parent=4640"}],"wp:term":[{"taxonomy":"product_brand","embeddable":true,"href":"https:\/\/benchaaben-fragrance.com\/index.php?rest_route=%2Fwp%2Fv2%2Fproduct_brand&post=4640"},{"taxonomy":"product_cat","embeddable":true,"href":"https:\/\/benchaaben-fragrance.com\/index.php?rest_route=%2Fwp%2Fv2%2Fproduct_cat&post=4640"},{"taxonomy":"product_tag","embeddable":true,"href":"https:\/\/benchaaben-fragrance.com\/index.php?rest_route=%2Fwp%2Fv2%2Fproduct_tag&post=4640"}],"curies":[{"name":"wp","href":"https:\/\/api.w.org\/{rel}","templated":true}]}}