{"id":4659,"date":"2024-12-18T15:18:02","date_gmt":"2024-12-18T14:18:02","guid":{"rendered":"https:\/\/benchaaben-fragrance.com\/?post_type=product&#038;p=4659"},"modified":"2024-12-18T15:22:23","modified_gmt":"2024-12-18T14:22:23","slug":"gentleman-reserve-privee-givenchy-extrait-de-parfum","status":"publish","type":"product","link":"https:\/\/benchaaben-fragrance.com\/?product=gentleman-reserve-privee-givenchy-extrait-de-parfum","title":{"rendered":"Gentleman Reserve Priv\u00e9e Givenchy Extrait de Parfum"},"content":{"rendered":"<p><b>Gentleman Eau de Parfum Reserve Priv\u00e9e<\/b>\u00a0de\u00a0<b>Givenchy<\/b>\u00a0est un parfum Orientale Vanill\u00e9 pour homme. C&rsquo;est un nouveau parfum.\u00a0<b>Gentleman Eau de Parfum Reserve Priv\u00e9e<\/b>\u00a0a \u00e9t\u00e9 lanc\u00e9 en 2022. Gentleman Eau de Parfum Reserve Priv\u00e9e a \u00e9t\u00e9 cr\u00e9\u00e9 par Nathalie Lorson et Olivier Cresp. La note de t\u00eate est Bergamote; les notes de coeur sont Iris et Ch\u00e2taigne; les notes de fond sont Whisky, Notes bois\u00e9es et Ambre.<\/p>\n","protected":false},"excerpt":{"rendered":"<p><b>Gentleman Eau de Parfum Reserve Priv\u00e9e<\/b>\u00a0de\u00a0<b>Givenchy<\/b>\u00a0est un parfum Orientale Vanill\u00e9 pour homme. C&rsquo;est un nouveau parfum.\u00a0<b>Gentleman Eau de Parfum Reserve Priv\u00e9e<\/b>\u00a0a \u00e9t\u00e9 lanc\u00e9 en 2022. Gentleman Eau de Parfum Reserve Priv\u00e9e a \u00e9t\u00e9 cr\u00e9\u00e9 par Nathalie Lorson et Olivier Cresp. La note de t\u00eate est Bergamote; les notes de coeur sont Iris et Ch\u00e2taigne; les notes de fond sont Whisky, Notes bois\u00e9es et Ambre.<\/p>\n","protected":false},"featured_media":4663,"comment_status":"open","ping_status":"closed","template":"","meta":[],"product_brand":[],"product_cat":[195],"product_tag":[207,204],"class_list":{"0":"post-4659","1":"product","2":"type-product","3":"status-publish","4":"has-post-thumbnail","6":"product_cat-parfum-homme","7":"product_tag-givenchy","8":"product_tag-parfum-homme","10":"first","11":"instock","12":"shipping-taxable","13":"purchasable","14":"product-type-variable","15":"has-default-attributes"},"jetpack_sharing_enabled":true,"_links":{"self":[{"href":"https:\/\/benchaaben-fragrance.com\/index.php?rest_route=\/wp\/v2\/product\/4659","targetHints":{"allow":["GET"]}}],"collection":[{"href":"https:\/\/benchaaben-fragrance.com\/index.php?rest_route=\/wp\/v2\/product"}],"about":[{"href":"https:\/\/benchaaben-fragrance.com\/index.php?rest_route=\/wp\/v2\/types\/product"}],"replies":[{"embeddable":true,"href":"https:\/\/benchaaben-fragrance.com\/index.php?rest_route=%2Fwp%2Fv2%2Fcomments&post=4659"}],"wp:featuredmedia":[{"embeddable":true,"href":"https:\/\/benchaaben-fragrance.com\/index.php?rest_route=\/wp\/v2\/media\/4663"}],"wp:attachment":[{"href":"https:\/\/benchaaben-fragrance.com\/index.php?rest_route=%2Fwp%2Fv2%2Fmedia&parent=4659"}],"wp:term":[{"taxonomy":"product_brand","embeddable":true,"href":"https:\/\/benchaaben-fragrance.com\/index.php?rest_route=%2Fwp%2Fv2%2Fproduct_brand&post=4659"},{"taxonomy":"product_cat","embeddable":true,"href":"https:\/\/benchaaben-fragrance.com\/index.php?rest_route=%2Fwp%2Fv2%2Fproduct_cat&post=4659"},{"taxonomy":"product_tag","embeddable":true,"href":"https:\/\/benchaaben-fragrance.com\/index.php?rest_route=%2Fwp%2Fv2%2Fproduct_tag&post=4659"}],"curies":[{"name":"wp","href":"https:\/\/api.w.org\/{rel}","templated":true}]}}