{"id":4661,"date":"2024-12-18T15:21:52","date_gmt":"2024-12-18T14:21:52","guid":{"rendered":"https:\/\/benchaaben-fragrance.com\/?post_type=product&#038;p=4661"},"modified":"2024-12-18T15:23:38","modified_gmt":"2024-12-18T14:23:38","slug":"cuir-intense-guerlain-extrait-de-parfum","status":"publish","type":"product","link":"https:\/\/benchaaben-fragrance.com\/?product=cuir-intense-guerlain-extrait-de-parfum","title":{"rendered":"Cuir Intense Guerlain Extrait de Parfum"},"content":{"rendered":"<p><b>Cuir Intense<\/b>\u00a0de\u00a0<b>Guerlain<\/b>\u00a0est un parfum Cuir pour homme et femme. C&rsquo;est un nouveau parfum.\u00a0<b>Cuir Intense<\/b>\u00a0a \u00e9t\u00e9 lanc\u00e9 en 2024. Le nez derri\u00e8re ce parfum est Thierry Wasser.<\/p>\n","protected":false},"excerpt":{"rendered":"<p><b>Cuir Intense<\/b>\u00a0de\u00a0<b>Guerlain<\/b>\u00a0est un parfum Cuir pour homme et femme. C&rsquo;est un nouveau parfum.\u00a0<b>Cuir Intense<\/b>\u00a0a \u00e9t\u00e9 lanc\u00e9 en 2024. Le nez derri\u00e8re ce parfum est Thierry Wasser.<\/p>\n","protected":false},"featured_media":4668,"comment_status":"open","ping_status":"closed","template":"","meta":[],"product_brand":[],"product_cat":[196,195,197],"product_tag":[211,198,204],"class_list":{"0":"post-4661","1":"product","2":"type-product","3":"status-publish","4":"has-post-thumbnail","6":"product_cat-parfum-femme","7":"product_cat-parfum-homme","8":"product_cat-parfum-unisexe","9":"product_tag-guerlain","10":"product_tag-parfum-femme","11":"product_tag-parfum-homme","13":"first","14":"instock","15":"shipping-taxable","16":"purchasable","17":"product-type-variable","18":"has-default-attributes"},"jetpack_sharing_enabled":true,"_links":{"self":[{"href":"https:\/\/benchaaben-fragrance.com\/index.php?rest_route=\/wp\/v2\/product\/4661","targetHints":{"allow":["GET"]}}],"collection":[{"href":"https:\/\/benchaaben-fragrance.com\/index.php?rest_route=\/wp\/v2\/product"}],"about":[{"href":"https:\/\/benchaaben-fragrance.com\/index.php?rest_route=\/wp\/v2\/types\/product"}],"replies":[{"embeddable":true,"href":"https:\/\/benchaaben-fragrance.com\/index.php?rest_route=%2Fwp%2Fv2%2Fcomments&post=4661"}],"wp:featuredmedia":[{"embeddable":true,"href":"https:\/\/benchaaben-fragrance.com\/index.php?rest_route=\/wp\/v2\/media\/4668"}],"wp:attachment":[{"href":"https:\/\/benchaaben-fragrance.com\/index.php?rest_route=%2Fwp%2Fv2%2Fmedia&parent=4661"}],"wp:term":[{"taxonomy":"product_brand","embeddable":true,"href":"https:\/\/benchaaben-fragrance.com\/index.php?rest_route=%2Fwp%2Fv2%2Fproduct_brand&post=4661"},{"taxonomy":"product_cat","embeddable":true,"href":"https:\/\/benchaaben-fragrance.com\/index.php?rest_route=%2Fwp%2Fv2%2Fproduct_cat&post=4661"},{"taxonomy":"product_tag","embeddable":true,"href":"https:\/\/benchaaben-fragrance.com\/index.php?rest_route=%2Fwp%2Fv2%2Fproduct_tag&post=4661"}],"curies":[{"name":"wp","href":"https:\/\/api.w.org\/{rel}","templated":true}]}}