{"id":4686,"date":"2024-12-18T15:42:55","date_gmt":"2024-12-18T14:42:55","guid":{"rendered":"https:\/\/benchaaben-fragrance.com\/?post_type=product&#038;p=4686"},"modified":"2024-12-18T15:49:14","modified_gmt":"2024-12-18T14:49:14","slug":"perfect-marc-jacobs-extrait-de-parfum","status":"publish","type":"product","link":"https:\/\/benchaaben-fragrance.com\/?product=perfect-marc-jacobs-extrait-de-parfum","title":{"rendered":"Perfect Marc Jacobs Extrait de Parfum"},"content":{"rendered":"<p><b>Perfect<\/b>\u00a0de\u00a0<b>Marc Jacobs<\/b>\u00a0est un parfum Orientale Floral pour femme.\u00a0<b>Perfect<\/b> a \u00e9t\u00e9 lanc\u00e9 en 2020. Le nez derri\u00e8re ce parfum est Domitille Michalon Bertier. Les notes de t\u00eate sont Rhubarbe et Narcissus; la note de c\u0153ur est Lait d&rsquo;amande; les notes de fond sont Bois de cachemire et C\u00e8dre.<\/p>\n","protected":false},"excerpt":{"rendered":"<p><b>Perfect<\/b>\u00a0de\u00a0<b>Marc Jacobs<\/b>\u00a0est un parfum Orientale Floral pour femme.\u00a0<b>Perfect<\/b>\u00a0a \u00e9t\u00e9 lanc\u00e9 en 2020. Le nez derri\u00e8re ce parfum est Domitille Michalon Bertier. Les notes de t\u00eate sont Rhubarbe et Narcissus; la note de coeur est Lait d&rsquo;amande; les notes de fond sont Bois de cachemire et C\u00e8dre.<\/p>\n","protected":false},"featured_media":4688,"comment_status":"open","ping_status":"closed","template":"","meta":[],"product_brand":[],"product_cat":[196],"product_tag":[254,198],"class_list":{"0":"post-4686","1":"product","2":"type-product","3":"status-publish","4":"has-post-thumbnail","6":"product_cat-parfum-femme","7":"product_tag-marc-jacobs","8":"product_tag-parfum-femme","10":"first","11":"instock","12":"shipping-taxable","13":"purchasable","14":"product-type-variable","15":"has-default-attributes"},"jetpack_sharing_enabled":true,"_links":{"self":[{"href":"https:\/\/benchaaben-fragrance.com\/index.php?rest_route=\/wp\/v2\/product\/4686","targetHints":{"allow":["GET"]}}],"collection":[{"href":"https:\/\/benchaaben-fragrance.com\/index.php?rest_route=\/wp\/v2\/product"}],"about":[{"href":"https:\/\/benchaaben-fragrance.com\/index.php?rest_route=\/wp\/v2\/types\/product"}],"replies":[{"embeddable":true,"href":"https:\/\/benchaaben-fragrance.com\/index.php?rest_route=%2Fwp%2Fv2%2Fcomments&post=4686"}],"wp:featuredmedia":[{"embeddable":true,"href":"https:\/\/benchaaben-fragrance.com\/index.php?rest_route=\/wp\/v2\/media\/4688"}],"wp:attachment":[{"href":"https:\/\/benchaaben-fragrance.com\/index.php?rest_route=%2Fwp%2Fv2%2Fmedia&parent=4686"}],"wp:term":[{"taxonomy":"product_brand","embeddable":true,"href":"https:\/\/benchaaben-fragrance.com\/index.php?rest_route=%2Fwp%2Fv2%2Fproduct_brand&post=4686"},{"taxonomy":"product_cat","embeddable":true,"href":"https:\/\/benchaaben-fragrance.com\/index.php?rest_route=%2Fwp%2Fv2%2Fproduct_cat&post=4686"},{"taxonomy":"product_tag","embeddable":true,"href":"https:\/\/benchaaben-fragrance.com\/index.php?rest_route=%2Fwp%2Fv2%2Fproduct_tag&post=4686"}],"curies":[{"name":"wp","href":"https:\/\/api.w.org\/{rel}","templated":true}]}}