{"id":4692,"date":"2024-12-18T15:50:55","date_gmt":"2024-12-18T14:50:55","guid":{"rendered":"https:\/\/benchaaben-fragrance.com\/?post_type=product&#038;p=4692"},"modified":"2024-12-18T15:55:06","modified_gmt":"2024-12-18T14:55:06","slug":"musc-ravageur-frederic-malle-extrait-de-parfum","status":"publish","type":"product","link":"https:\/\/benchaaben-fragrance.com\/?product=musc-ravageur-frederic-malle-extrait-de-parfum","title":{"rendered":"Musc Ravageur Frederic Malle Extrait de Parfum"},"content":{"rendered":"<p><b>Musc Ravageur<\/b>\u00a0de\u00a0<b>Frederic Malle<\/b>\u00a0est un parfum Orientale \u00c9pic\u00e9 pour homme et femme.\u00a0<b>Musc Ravageur<\/b>\u00a0a \u00e9t\u00e9 lanc\u00e9 en 2000. Le nez derri\u00e8re ce parfum est Maurice Roucel. Les notes de t\u00eate sont Lavande, Tangerine, Bergamote, Coriandre et N\u00e9roli; les notes de coeur sont Cannelle, Clou de girofle, Racine d&rsquo;iris, Rose et Osmanthus; les notes de fond sont Musc, Vanille, F\u00e8ve de tonka, Ambre, Bois de santal, Ga\u00efac, C\u00e8dre, Notes animales et Patchouli.<\/p>\n","protected":false},"excerpt":{"rendered":"<p><b>Musc Ravageur<\/b>\u00a0de\u00a0<b>Frederic Malle<\/b>\u00a0est un parfum Orientale \u00c9pic\u00e9 pour homme et femme.\u00a0<b>Musc Ravageur<\/b>\u00a0a \u00e9t\u00e9 lanc\u00e9 en 2000. Le nez derri\u00e8re ce parfum est Maurice Roucel. Les notes de t\u00eate sont Lavande, Tangerine, Bergamote, Coriandre et N\u00e9roli; les notes de coeur sont Cannelle, Clou de girofle, Racine d&rsquo;iris, Rose et Osmanthus; les notes de fond sont Musc, Vanille, F\u00e8ve de tonka, Ambre, Bois de santal, Ga\u00efac, C\u00e8dre, Notes animales et Patchouli.<\/p>\n","protected":false},"featured_media":4700,"comment_status":"open","ping_status":"closed","template":"","meta":[],"product_brand":[],"product_cat":[196,195,197],"product_tag":[210,198,204,215],"class_list":{"0":"post-4692","1":"product","2":"type-product","3":"status-publish","4":"has-post-thumbnail","6":"product_cat-parfum-femme","7":"product_cat-parfum-homme","8":"product_cat-parfum-unisexe","9":"product_tag-frederic-malle","10":"product_tag-parfum-femme","11":"product_tag-parfum-homme","12":"product_tag-parfum-unisexe","14":"first","15":"instock","16":"shipping-taxable","17":"purchasable","18":"product-type-variable","19":"has-default-attributes"},"jetpack_sharing_enabled":true,"_links":{"self":[{"href":"https:\/\/benchaaben-fragrance.com\/index.php?rest_route=\/wp\/v2\/product\/4692","targetHints":{"allow":["GET"]}}],"collection":[{"href":"https:\/\/benchaaben-fragrance.com\/index.php?rest_route=\/wp\/v2\/product"}],"about":[{"href":"https:\/\/benchaaben-fragrance.com\/index.php?rest_route=\/wp\/v2\/types\/product"}],"replies":[{"embeddable":true,"href":"https:\/\/benchaaben-fragrance.com\/index.php?rest_route=%2Fwp%2Fv2%2Fcomments&post=4692"}],"wp:featuredmedia":[{"embeddable":true,"href":"https:\/\/benchaaben-fragrance.com\/index.php?rest_route=\/wp\/v2\/media\/4700"}],"wp:attachment":[{"href":"https:\/\/benchaaben-fragrance.com\/index.php?rest_route=%2Fwp%2Fv2%2Fmedia&parent=4692"}],"wp:term":[{"taxonomy":"product_brand","embeddable":true,"href":"https:\/\/benchaaben-fragrance.com\/index.php?rest_route=%2Fwp%2Fv2%2Fproduct_brand&post=4692"},{"taxonomy":"product_cat","embeddable":true,"href":"https:\/\/benchaaben-fragrance.com\/index.php?rest_route=%2Fwp%2Fv2%2Fproduct_cat&post=4692"},{"taxonomy":"product_tag","embeddable":true,"href":"https:\/\/benchaaben-fragrance.com\/index.php?rest_route=%2Fwp%2Fv2%2Fproduct_tag&post=4692"}],"curies":[{"name":"wp","href":"https:\/\/api.w.org\/{rel}","templated":true}]}}