{"id":4706,"date":"2024-12-18T15:58:18","date_gmt":"2024-12-18T14:58:18","guid":{"rendered":"https:\/\/benchaaben-fragrance.com\/?post_type=product&#038;p=4706"},"modified":"2024-12-18T15:59:13","modified_gmt":"2024-12-18T14:59:13","slug":"1-million-royal-rabanne-extrait-de-parfum","status":"publish","type":"product","link":"https:\/\/benchaaben-fragrance.com\/?product=1-million-royal-rabanne-extrait-de-parfum","title":{"rendered":"1 Million Royal Rabanne Extrait de Parfum"},"content":{"rendered":"<p><b>1 Million Royal<\/b>\u00a0de\u00a0<b>Rabanne<\/b>\u00a0est un parfum Orientale bois\u00e9 pour homme. C&rsquo;est un nouveau parfum.\u00a0<b>1 Million Royal<\/b>\u00a0a \u00e9t\u00e9 lanc\u00e9 en 2023. 1 Million Royal a \u00e9t\u00e9 cr\u00e9\u00e9 par Quentin Bisch et Christophe Raynaud. Les notes de t\u00eate sont Cardamome, Tangerine et Bergamote; les notes de coeur sont Lavande, Feuille de violette et Sauge; les notes de fond sont Benjoin, C\u00e8dre et Patchouli.<\/p>\n","protected":false},"excerpt":{"rendered":"<p><b>1 Million Royal<\/b>\u00a0de\u00a0<b>Rabanne<\/b>\u00a0est un parfum Orientale bois\u00e9 pour homme. C&rsquo;est un nouveau parfum.\u00a0<b>1 Million Royal<\/b>\u00a0a \u00e9t\u00e9 lanc\u00e9 en 2023. 1 Million Royal a \u00e9t\u00e9 cr\u00e9\u00e9 par Quentin Bisch et Christophe Raynaud. Les notes de t\u00eate sont Cardamome, Tangerine et Bergamote; les notes de coeur sont Lavande, Feuille de violette et Sauge; les notes de fond sont Benjoin, C\u00e8dre et Patchouli.<\/p>\n","protected":false},"featured_media":4709,"comment_status":"open","ping_status":"closed","template":"","meta":[],"product_brand":[],"product_cat":[195],"product_tag":[204,209],"class_list":{"0":"post-4706","1":"product","2":"type-product","3":"status-publish","4":"has-post-thumbnail","6":"product_cat-parfum-homme","7":"product_tag-parfum-homme","8":"product_tag-rabanne","10":"first","11":"instock","12":"shipping-taxable","13":"purchasable","14":"product-type-variable","15":"has-default-attributes"},"jetpack_sharing_enabled":true,"_links":{"self":[{"href":"https:\/\/benchaaben-fragrance.com\/index.php?rest_route=\/wp\/v2\/product\/4706","targetHints":{"allow":["GET"]}}],"collection":[{"href":"https:\/\/benchaaben-fragrance.com\/index.php?rest_route=\/wp\/v2\/product"}],"about":[{"href":"https:\/\/benchaaben-fragrance.com\/index.php?rest_route=\/wp\/v2\/types\/product"}],"replies":[{"embeddable":true,"href":"https:\/\/benchaaben-fragrance.com\/index.php?rest_route=%2Fwp%2Fv2%2Fcomments&post=4706"}],"wp:featuredmedia":[{"embeddable":true,"href":"https:\/\/benchaaben-fragrance.com\/index.php?rest_route=\/wp\/v2\/media\/4709"}],"wp:attachment":[{"href":"https:\/\/benchaaben-fragrance.com\/index.php?rest_route=%2Fwp%2Fv2%2Fmedia&parent=4706"}],"wp:term":[{"taxonomy":"product_brand","embeddable":true,"href":"https:\/\/benchaaben-fragrance.com\/index.php?rest_route=%2Fwp%2Fv2%2Fproduct_brand&post=4706"},{"taxonomy":"product_cat","embeddable":true,"href":"https:\/\/benchaaben-fragrance.com\/index.php?rest_route=%2Fwp%2Fv2%2Fproduct_cat&post=4706"},{"taxonomy":"product_tag","embeddable":true,"href":"https:\/\/benchaaben-fragrance.com\/index.php?rest_route=%2Fwp%2Fv2%2Fproduct_tag&post=4706"}],"curies":[{"name":"wp","href":"https:\/\/api.w.org\/{rel}","templated":true}]}}