{"id":4716,"date":"2024-12-18T16:10:00","date_gmt":"2024-12-18T15:10:00","guid":{"rendered":"https:\/\/benchaaben-fragrance.com\/?post_type=product&#038;p=4716"},"modified":"2024-12-18T16:12:44","modified_gmt":"2024-12-18T15:12:44","slug":"ombre-leather-tom-ford-extrait-de-parfum","status":"publish","type":"product","link":"https:\/\/benchaaben-fragrance.com\/?product=ombre-leather-tom-ford-extrait-de-parfum","title":{"rendered":"Ombr\u00e9 Leather Tom Ford Extrait De Parfum"},"content":{"rendered":"<p><b>Ombr\u00e9 Leather<\/b>\u00a0de\u00a0<b>Tom Ford<\/b>\u00a0est un parfum Cuir pour homme et femme.\u00a0<b>Ombr\u00e9 Leather <\/b>a \u00e9t\u00e9 lanc\u00e9 en 2018. Le nez derri\u00e8re ce parfum est Sonia Constant. La note de t\u00eate est Cardamome; les notes de coeur sont Cuir et Jasmin Sambac; les notes de fond sont Ambre, Mousse et Patchouli.<\/p>\n","protected":false},"excerpt":{"rendered":"<p><b>Ombr\u00e9 Leather<\/b>\u00a0de\u00a0<b>Tom Ford<\/b>\u00a0est un parfum Cuir pour homme et femme.\u00a0<b>Ombr\u00e9 Leather <\/b>a \u00e9t\u00e9 lanc\u00e9 en 2018. Le nez derri\u00e8re ce parfum est Sonia Constant. La note de t\u00eate est Cardamome; les notes de coeur sont Cuir et Jasmin Sambac; les notes de fond sont Ambre, Mousse et Patchouli.<\/p>\n","protected":false},"featured_media":4719,"comment_status":"open","ping_status":"closed","template":"","meta":[],"product_brand":[],"product_cat":[196,195,197],"product_tag":[198,204,236],"class_list":{"0":"post-4716","1":"product","2":"type-product","3":"status-publish","4":"has-post-thumbnail","6":"product_cat-parfum-femme","7":"product_cat-parfum-homme","8":"product_cat-parfum-unisexe","9":"product_tag-parfum-femme","10":"product_tag-parfum-homme","11":"product_tag-tom-ford","13":"first","14":"instock","15":"shipping-taxable","16":"purchasable","17":"product-type-variable","18":"has-default-attributes"},"jetpack_sharing_enabled":true,"_links":{"self":[{"href":"https:\/\/benchaaben-fragrance.com\/index.php?rest_route=\/wp\/v2\/product\/4716","targetHints":{"allow":["GET"]}}],"collection":[{"href":"https:\/\/benchaaben-fragrance.com\/index.php?rest_route=\/wp\/v2\/product"}],"about":[{"href":"https:\/\/benchaaben-fragrance.com\/index.php?rest_route=\/wp\/v2\/types\/product"}],"replies":[{"embeddable":true,"href":"https:\/\/benchaaben-fragrance.com\/index.php?rest_route=%2Fwp%2Fv2%2Fcomments&post=4716"}],"wp:featuredmedia":[{"embeddable":true,"href":"https:\/\/benchaaben-fragrance.com\/index.php?rest_route=\/wp\/v2\/media\/4719"}],"wp:attachment":[{"href":"https:\/\/benchaaben-fragrance.com\/index.php?rest_route=%2Fwp%2Fv2%2Fmedia&parent=4716"}],"wp:term":[{"taxonomy":"product_brand","embeddable":true,"href":"https:\/\/benchaaben-fragrance.com\/index.php?rest_route=%2Fwp%2Fv2%2Fproduct_brand&post=4716"},{"taxonomy":"product_cat","embeddable":true,"href":"https:\/\/benchaaben-fragrance.com\/index.php?rest_route=%2Fwp%2Fv2%2Fproduct_cat&post=4716"},{"taxonomy":"product_tag","embeddable":true,"href":"https:\/\/benchaaben-fragrance.com\/index.php?rest_route=%2Fwp%2Fv2%2Fproduct_tag&post=4716"}],"curies":[{"name":"wp","href":"https:\/\/api.w.org\/{rel}","templated":true}]}}