{"id":4720,"date":"2024-12-18T16:15:21","date_gmt":"2024-12-18T15:15:21","guid":{"rendered":"https:\/\/benchaaben-fragrance.com\/?post_type=product&#038;p=4720"},"modified":"2024-12-18T16:16:13","modified_gmt":"2024-12-18T15:16:13","slug":"paco-rabanne-pour-homme-rabanne-extrait-de-parfum","status":"publish","type":"product","link":"https:\/\/benchaaben-fragrance.com\/?product=paco-rabanne-pour-homme-rabanne-extrait-de-parfum","title":{"rendered":"Paco Rabanne Pour Homme Rabanne Extrait De Parfum"},"content":{"rendered":"<p><b>Paco Rabanne Pour Homme<\/b>\u00a0de\u00a0<b>Rabanne<\/b>\u00a0est un parfum Aromatique Foug\u00e8re pour homme.\u00a0<b>Paco Rabanne Pour Homme<\/b>\u00a0a \u00e9t\u00e9 lanc\u00e9 en 1973. Le nez derri\u00e8re ce parfum est Jean Martel. Les notes de t\u00eate sont Romarin, Sauge sclar\u00e9e et Palissandre du Br\u00e9sil; les notes de coeur sont Lavande, G\u00e9ranium et F\u00e8ve de tonka; les notes de fond sont Mousse de ch\u00eane, Miel, Musc, Ambre et Tabac.<\/p>\n","protected":false},"excerpt":{"rendered":"<p><b>Paco Rabanne Pour Homme<\/b>\u00a0de\u00a0<b>Rabanne<\/b>\u00a0est un parfum Aromatique Foug\u00e8re pour homme.\u00a0<b>Paco Rabanne Pour Homme<\/b>\u00a0a \u00e9t\u00e9 lanc\u00e9 en 1973. Le nez derri\u00e8re ce parfum est Jean Martel. Les notes de t\u00eate sont Romarin, Sauge sclar\u00e9e et Palissandre du Br\u00e9sil; les notes de coeur sont Lavande, G\u00e9ranium et F\u00e8ve de tonka; les notes de fond sont Mousse de ch\u00eane, Miel, Musc, Ambre et Tabac.<\/p>\n","protected":false},"featured_media":4723,"comment_status":"open","ping_status":"closed","template":"","meta":[],"product_brand":[],"product_cat":[195],"product_tag":[204,209],"class_list":{"0":"post-4720","1":"product","2":"type-product","3":"status-publish","4":"has-post-thumbnail","6":"product_cat-parfum-homme","7":"product_tag-parfum-homme","8":"product_tag-rabanne","10":"first","11":"instock","12":"shipping-taxable","13":"purchasable","14":"product-type-variable","15":"has-default-attributes"},"jetpack_sharing_enabled":true,"_links":{"self":[{"href":"https:\/\/benchaaben-fragrance.com\/index.php?rest_route=\/wp\/v2\/product\/4720","targetHints":{"allow":["GET"]}}],"collection":[{"href":"https:\/\/benchaaben-fragrance.com\/index.php?rest_route=\/wp\/v2\/product"}],"about":[{"href":"https:\/\/benchaaben-fragrance.com\/index.php?rest_route=\/wp\/v2\/types\/product"}],"replies":[{"embeddable":true,"href":"https:\/\/benchaaben-fragrance.com\/index.php?rest_route=%2Fwp%2Fv2%2Fcomments&post=4720"}],"wp:featuredmedia":[{"embeddable":true,"href":"https:\/\/benchaaben-fragrance.com\/index.php?rest_route=\/wp\/v2\/media\/4723"}],"wp:attachment":[{"href":"https:\/\/benchaaben-fragrance.com\/index.php?rest_route=%2Fwp%2Fv2%2Fmedia&parent=4720"}],"wp:term":[{"taxonomy":"product_brand","embeddable":true,"href":"https:\/\/benchaaben-fragrance.com\/index.php?rest_route=%2Fwp%2Fv2%2Fproduct_brand&post=4720"},{"taxonomy":"product_cat","embeddable":true,"href":"https:\/\/benchaaben-fragrance.com\/index.php?rest_route=%2Fwp%2Fv2%2Fproduct_cat&post=4720"},{"taxonomy":"product_tag","embeddable":true,"href":"https:\/\/benchaaben-fragrance.com\/index.php?rest_route=%2Fwp%2Fv2%2Fproduct_tag&post=4720"}],"curies":[{"name":"wp","href":"https:\/\/api.w.org\/{rel}","templated":true}]}}