{"id":4729,"date":"2024-12-18T16:22:07","date_gmt":"2024-12-18T15:22:07","guid":{"rendered":"https:\/\/benchaaben-fragrance.com\/?post_type=product&#038;p=4729"},"modified":"2024-12-18T16:23:26","modified_gmt":"2024-12-18T15:23:26","slug":"dior-homme-intense-dior-extrait-de-parfum","status":"publish","type":"product","link":"https:\/\/benchaaben-fragrance.com\/?product=dior-homme-intense-dior-extrait-de-parfum","title":{"rendered":"Dior Homme Intense Dior Extrait De Parfum"},"content":{"rendered":"<p><b>Dior Homme Intense 2011<\/b>\u00a0de\u00a0<b>Dior<\/b>\u00a0est un parfum Bois\u00e9 Floral Musqu\u00e9 pour homme.\u00a0<b>Dior Homme Intense 2011<\/b>\u00a0a \u00e9t\u00e9 lanc\u00e9 en 2011. Le nez derri\u00e8re ce parfum est Fran\u00e7ois Demachy. La note de t\u00eate est Lavande; les notes de coeur sont Iris, Ambrette et Poire; les notes de fond sont C\u00e8dre de Virginie et V\u00e9tiver.<\/p>\n","protected":false},"excerpt":{"rendered":"<p><b>Dior Homme Intense 2011<\/b>\u00a0de\u00a0<b>Dior<\/b>\u00a0est un parfum Bois\u00e9 Floral Musqu\u00e9 pour homme.\u00a0<b>Dior Homme Intense 2011<\/b>\u00a0a \u00e9t\u00e9 lanc\u00e9 en 2011. Le nez derri\u00e8re ce parfum est Fran\u00e7ois Demachy. La note de t\u00eate est Lavande; les notes de coeur sont Iris, Ambrette et Poire; les notes de fond sont C\u00e8dre de Virginie et V\u00e9tiver.<\/p>\n","protected":false},"featured_media":4732,"comment_status":"open","ping_status":"closed","template":"","meta":[],"product_brand":[],"product_cat":[195],"product_tag":[232,204],"class_list":{"0":"post-4729","1":"product","2":"type-product","3":"status-publish","4":"has-post-thumbnail","6":"product_cat-parfum-homme","7":"product_tag-dior","8":"product_tag-parfum-homme","10":"first","11":"instock","12":"shipping-taxable","13":"purchasable","14":"product-type-variable","15":"has-default-attributes"},"jetpack_sharing_enabled":true,"_links":{"self":[{"href":"https:\/\/benchaaben-fragrance.com\/index.php?rest_route=\/wp\/v2\/product\/4729","targetHints":{"allow":["GET"]}}],"collection":[{"href":"https:\/\/benchaaben-fragrance.com\/index.php?rest_route=\/wp\/v2\/product"}],"about":[{"href":"https:\/\/benchaaben-fragrance.com\/index.php?rest_route=\/wp\/v2\/types\/product"}],"replies":[{"embeddable":true,"href":"https:\/\/benchaaben-fragrance.com\/index.php?rest_route=%2Fwp%2Fv2%2Fcomments&post=4729"}],"wp:featuredmedia":[{"embeddable":true,"href":"https:\/\/benchaaben-fragrance.com\/index.php?rest_route=\/wp\/v2\/media\/4732"}],"wp:attachment":[{"href":"https:\/\/benchaaben-fragrance.com\/index.php?rest_route=%2Fwp%2Fv2%2Fmedia&parent=4729"}],"wp:term":[{"taxonomy":"product_brand","embeddable":true,"href":"https:\/\/benchaaben-fragrance.com\/index.php?rest_route=%2Fwp%2Fv2%2Fproduct_brand&post=4729"},{"taxonomy":"product_cat","embeddable":true,"href":"https:\/\/benchaaben-fragrance.com\/index.php?rest_route=%2Fwp%2Fv2%2Fproduct_cat&post=4729"},{"taxonomy":"product_tag","embeddable":true,"href":"https:\/\/benchaaben-fragrance.com\/index.php?rest_route=%2Fwp%2Fv2%2Fproduct_tag&post=4729"}],"curies":[{"name":"wp","href":"https:\/\/api.w.org\/{rel}","templated":true}]}}