{"id":4750,"date":"2024-12-18T16:53:37","date_gmt":"2024-12-18T15:53:37","guid":{"rendered":"https:\/\/benchaaben-fragrance.com\/?post_type=product&#038;p=4750"},"modified":"2024-12-18T16:54:55","modified_gmt":"2024-12-18T15:54:55","slug":"ameer-al-arab-extrait-de-parfum","status":"publish","type":"product","link":"https:\/\/benchaaben-fragrance.com\/?product=ameer-al-arab-extrait-de-parfum","title":{"rendered":"AMEER AL ARAB Extrait De Parfum"},"content":{"rendered":"<p style=\"font-weight: 400;\">Asdaaf Ameer Al Arab est\u00a0Une fragrance puissante et captivante, con\u00e7ue pour les hommes d\u00e9termin\u00e9s qui embrassent l&rsquo;\u00e9l\u00e9gance orientale.<\/p>\n<ul style=\"font-weight: 400;\">\n<li>Notes de t\u00eate : Une fra\u00eecheur \u00e9clatante de bergamote et d\u2019agrumes.<\/li>\n<li>Notes de c\u0153ur : La douceur enveloppante du musc blanc et de l\u2019aloe vera.<\/li>\n<li>Notes de fond : Un sillage envo\u00fbtant de jasmin, de bois, de musc et de l\u2019oud pr\u00e9cieux, pour une signature irr\u00e9sistible.<\/li>\n<\/ul>\n","protected":false},"excerpt":{"rendered":"<p style=\"font-weight: 400;\">Asdaaf Ameer Al Arab est\u00a0Une fragrance puissante et captivante, con\u00e7ue pour les hommes d\u00e9termin\u00e9s qui embrassent l&rsquo;\u00e9l\u00e9gance orientale.<\/p>\n<ul style=\"font-weight: 400;\">\n<li>Notes de t\u00eate : Une fra\u00eecheur \u00e9clatante de bergamote et d\u2019agrumes.<\/li>\n<li>Notes de c\u0153ur : La douceur enveloppante du musc blanc et de l\u2019aloe vera.<\/li>\n<li>Notes de fond : Un sillage envo\u00fbtant de jasmin, de bois, de musc et de l\u2019oud pr\u00e9cieux, pour une signature irr\u00e9sistible.<\/li>\n<\/ul>\n","protected":false},"featured_media":4753,"comment_status":"open","ping_status":"closed","template":"","meta":[],"product_brand":[],"product_cat":[195],"product_tag":[257,204],"class_list":{"0":"post-4750","1":"product","2":"type-product","3":"status-publish","4":"has-post-thumbnail","6":"product_cat-parfum-homme","7":"product_tag-asdaaf","8":"product_tag-parfum-homme","10":"first","11":"instock","12":"shipping-taxable","13":"purchasable","14":"product-type-variable","15":"has-default-attributes"},"jetpack_sharing_enabled":true,"_links":{"self":[{"href":"https:\/\/benchaaben-fragrance.com\/index.php?rest_route=\/wp\/v2\/product\/4750","targetHints":{"allow":["GET"]}}],"collection":[{"href":"https:\/\/benchaaben-fragrance.com\/index.php?rest_route=\/wp\/v2\/product"}],"about":[{"href":"https:\/\/benchaaben-fragrance.com\/index.php?rest_route=\/wp\/v2\/types\/product"}],"replies":[{"embeddable":true,"href":"https:\/\/benchaaben-fragrance.com\/index.php?rest_route=%2Fwp%2Fv2%2Fcomments&post=4750"}],"wp:featuredmedia":[{"embeddable":true,"href":"https:\/\/benchaaben-fragrance.com\/index.php?rest_route=\/wp\/v2\/media\/4753"}],"wp:attachment":[{"href":"https:\/\/benchaaben-fragrance.com\/index.php?rest_route=%2Fwp%2Fv2%2Fmedia&parent=4750"}],"wp:term":[{"taxonomy":"product_brand","embeddable":true,"href":"https:\/\/benchaaben-fragrance.com\/index.php?rest_route=%2Fwp%2Fv2%2Fproduct_brand&post=4750"},{"taxonomy":"product_cat","embeddable":true,"href":"https:\/\/benchaaben-fragrance.com\/index.php?rest_route=%2Fwp%2Fv2%2Fproduct_cat&post=4750"},{"taxonomy":"product_tag","embeddable":true,"href":"https:\/\/benchaaben-fragrance.com\/index.php?rest_route=%2Fwp%2Fv2%2Fproduct_tag&post=4750"}],"curies":[{"name":"wp","href":"https:\/\/api.w.org\/{rel}","templated":true}]}}