{"id":4763,"date":"2024-12-18T17:10:40","date_gmt":"2024-12-18T16:10:40","guid":{"rendered":"https:\/\/benchaaben-fragrance.com\/?post_type=product&#038;p=4763"},"modified":"2024-12-18T17:11:44","modified_gmt":"2024-12-18T16:11:44","slug":"valentino-donna-valentino-extrait-de-parfum","status":"publish","type":"product","link":"https:\/\/benchaaben-fragrance.com\/?product=valentino-donna-valentino-extrait-de-parfum","title":{"rendered":"Valentino Donna Valentino Extrait De Parfum"},"content":{"rendered":"<p><b>Valentino Donna<\/b>\u00a0de\u00a0<b>Valentino<\/b>\u00a0est un parfum Orientale Floral pour femme.\u00a0<b>Valentino Donna<\/b>\u00a0a \u00e9t\u00e9 lanc\u00e9 en 2015. Valentino Donna a \u00e9t\u00e9 cr\u00e9\u00e9 par Sonia Constant et Antoine Maisondieu. Les notes de t\u00eate sont Bergamote et Pamplemousse; les notes de coeur sont Iris, Rose de Bulgarie, Pralin\u00e9 et Mahonial; les notes de fond sont Cuir, Vanille et Patchouli.<\/p>\n","protected":false},"excerpt":{"rendered":"<p><b>Valentino Donna<\/b>\u00a0de\u00a0<b>Valentino<\/b>\u00a0est un parfum Orientale Floral pour femme.\u00a0<b>Valentino Donna<\/b>\u00a0a \u00e9t\u00e9 lanc\u00e9 en 2015. Valentino Donna a \u00e9t\u00e9 cr\u00e9\u00e9 par Sonia Constant et Antoine Maisondieu. Les notes de t\u00eate sont Bergamote et Pamplemousse; les notes de coeur sont Iris, Rose de Bulgarie, Pralin\u00e9 et Mahonial; les notes de fond sont Cuir, Vanille et Patchouli.<\/p>\n","protected":false},"featured_media":4766,"comment_status":"open","ping_status":"closed","template":"","meta":[],"product_brand":[],"product_cat":[196],"product_tag":[198,258],"class_list":{"0":"post-4763","1":"product","2":"type-product","3":"status-publish","4":"has-post-thumbnail","6":"product_cat-parfum-femme","7":"product_tag-parfum-femme","8":"product_tag-valentino","10":"first","11":"instock","12":"shipping-taxable","13":"purchasable","14":"product-type-variable","15":"has-default-attributes"},"jetpack_sharing_enabled":true,"_links":{"self":[{"href":"https:\/\/benchaaben-fragrance.com\/index.php?rest_route=\/wp\/v2\/product\/4763","targetHints":{"allow":["GET"]}}],"collection":[{"href":"https:\/\/benchaaben-fragrance.com\/index.php?rest_route=\/wp\/v2\/product"}],"about":[{"href":"https:\/\/benchaaben-fragrance.com\/index.php?rest_route=\/wp\/v2\/types\/product"}],"replies":[{"embeddable":true,"href":"https:\/\/benchaaben-fragrance.com\/index.php?rest_route=%2Fwp%2Fv2%2Fcomments&post=4763"}],"wp:featuredmedia":[{"embeddable":true,"href":"https:\/\/benchaaben-fragrance.com\/index.php?rest_route=\/wp\/v2\/media\/4766"}],"wp:attachment":[{"href":"https:\/\/benchaaben-fragrance.com\/index.php?rest_route=%2Fwp%2Fv2%2Fmedia&parent=4763"}],"wp:term":[{"taxonomy":"product_brand","embeddable":true,"href":"https:\/\/benchaaben-fragrance.com\/index.php?rest_route=%2Fwp%2Fv2%2Fproduct_brand&post=4763"},{"taxonomy":"product_cat","embeddable":true,"href":"https:\/\/benchaaben-fragrance.com\/index.php?rest_route=%2Fwp%2Fv2%2Fproduct_cat&post=4763"},{"taxonomy":"product_tag","embeddable":true,"href":"https:\/\/benchaaben-fragrance.com\/index.php?rest_route=%2Fwp%2Fv2%2Fproduct_tag&post=4763"}],"curies":[{"name":"wp","href":"https:\/\/api.w.org\/{rel}","templated":true}]}}