{"id":4767,"date":"2024-12-18T17:16:22","date_gmt":"2024-12-18T16:16:22","guid":{"rendered":"https:\/\/benchaaben-fragrance.com\/?post_type=product&#038;p=4767"},"modified":"2024-12-18T17:17:31","modified_gmt":"2024-12-18T16:17:31","slug":"lombre-dans-leau-diptyque-extrait-de-parfum","status":"publish","type":"product","link":"https:\/\/benchaaben-fragrance.com\/?product=lombre-dans-leau-diptyque-extrait-de-parfum","title":{"rendered":"L\u2019Ombre Dans L\u2019Eau Diptyque Extrait De Parfum"},"content":{"rendered":"<p><b>L\u2019Ombre Dans L\u2019Eau <\/b>\u00a0de\u00a0<b>Diptyque<\/b>\u00a0est un parfum Floral pour homme et femme.\u00a0<b>L\u2019Ombre Dans L\u2019Eau <\/b>a \u00e9t\u00e9 lanc\u00e9 en 2012. Le nez derri\u00e8re ce parfum est Serge Kalouguine.<\/p>\n","protected":false},"excerpt":{"rendered":"<p><b>L\u2019Ombre Dans L\u2019Eau <\/b>\u00a0de\u00a0<b>Diptyque<\/b>\u00a0est un parfum Floral pour homme et femme.\u00a0<b>L\u2019Ombre Dans L\u2019Eau <\/b>a \u00e9t\u00e9 lanc\u00e9 en 2012. Le nez derri\u00e8re ce parfum est Serge Kalouguine.<\/p>\n","protected":false},"featured_media":4770,"comment_status":"open","ping_status":"closed","template":"","meta":[],"product_brand":[],"product_cat":[196,195,197],"product_tag":[252,198,204],"class_list":{"0":"post-4767","1":"product","2":"type-product","3":"status-publish","4":"has-post-thumbnail","6":"product_cat-parfum-femme","7":"product_cat-parfum-homme","8":"product_cat-parfum-unisexe","9":"product_tag-diptyque","10":"product_tag-parfum-femme","11":"product_tag-parfum-homme","13":"first","14":"instock","15":"shipping-taxable","16":"purchasable","17":"product-type-variable","18":"has-default-attributes"},"jetpack_sharing_enabled":true,"_links":{"self":[{"href":"https:\/\/benchaaben-fragrance.com\/index.php?rest_route=\/wp\/v2\/product\/4767","targetHints":{"allow":["GET"]}}],"collection":[{"href":"https:\/\/benchaaben-fragrance.com\/index.php?rest_route=\/wp\/v2\/product"}],"about":[{"href":"https:\/\/benchaaben-fragrance.com\/index.php?rest_route=\/wp\/v2\/types\/product"}],"replies":[{"embeddable":true,"href":"https:\/\/benchaaben-fragrance.com\/index.php?rest_route=%2Fwp%2Fv2%2Fcomments&post=4767"}],"wp:featuredmedia":[{"embeddable":true,"href":"https:\/\/benchaaben-fragrance.com\/index.php?rest_route=\/wp\/v2\/media\/4770"}],"wp:attachment":[{"href":"https:\/\/benchaaben-fragrance.com\/index.php?rest_route=%2Fwp%2Fv2%2Fmedia&parent=4767"}],"wp:term":[{"taxonomy":"product_brand","embeddable":true,"href":"https:\/\/benchaaben-fragrance.com\/index.php?rest_route=%2Fwp%2Fv2%2Fproduct_brand&post=4767"},{"taxonomy":"product_cat","embeddable":true,"href":"https:\/\/benchaaben-fragrance.com\/index.php?rest_route=%2Fwp%2Fv2%2Fproduct_cat&post=4767"},{"taxonomy":"product_tag","embeddable":true,"href":"https:\/\/benchaaben-fragrance.com\/index.php?rest_route=%2Fwp%2Fv2%2Fproduct_tag&post=4767"}],"curies":[{"name":"wp","href":"https:\/\/api.w.org\/{rel}","templated":true}]}}