{"id":4775,"date":"2024-12-18T17:22:08","date_gmt":"2024-12-18T16:22:08","guid":{"rendered":"https:\/\/benchaaben-fragrance.com\/?post_type=product&#038;p=4775"},"modified":"2024-12-18T17:23:02","modified_gmt":"2024-12-18T16:23:02","slug":"kenzo-homme-marine-kenzo-extrait-de-parfum","status":"publish","type":"product","link":"https:\/\/benchaaben-fragrance.com\/?product=kenzo-homme-marine-kenzo-extrait-de-parfum","title":{"rendered":"Kenzo Homme Marine Kenzo Extrait De Parfum"},"content":{"rendered":"<p><b>Kenzo Homme Marine<\/b>\u00a0de\u00a0<b>Kenzo<\/b>\u00a0est un parfum Bois\u00e9 Aquatique pour homme. C&rsquo;est un nouveau parfum.\u00a0<b>Kenzo Homme Marine<\/b>\u00a0a \u00e9t\u00e9 lanc\u00e9 en 2023. Le nez derri\u00e8re ce parfum est Quentin Bisch. La note de t\u00eate est Notes marines; la note de coeur est Ylang-ylang; les notes de fond sont Bois de santal et Musc.<\/p>\n","protected":false},"excerpt":{"rendered":"<p><b>Kenzo Homme Marine<\/b>\u00a0de\u00a0<b>Kenzo<\/b>\u00a0est un parfum Bois\u00e9 Aquatique pour homme. C&rsquo;est un nouveau parfum.\u00a0<b>Kenzo Homme Marine<\/b>\u00a0a \u00e9t\u00e9 lanc\u00e9 en 2023. Le nez derri\u00e8re ce parfum est Quentin Bisch. La note de t\u00eate est Notes marines; la note de coeur est Ylang-ylang; les notes de fond sont Bois de santal et Musc.<\/p>\n","protected":false},"featured_media":4778,"comment_status":"open","ping_status":"closed","template":"","meta":[],"product_brand":[],"product_cat":[195],"product_tag":[259,204],"class_list":{"0":"post-4775","1":"product","2":"type-product","3":"status-publish","4":"has-post-thumbnail","6":"product_cat-parfum-homme","7":"product_tag-kenzo","8":"product_tag-parfum-homme","10":"first","11":"instock","12":"shipping-taxable","13":"purchasable","14":"product-type-variable","15":"has-default-attributes"},"jetpack_sharing_enabled":true,"_links":{"self":[{"href":"https:\/\/benchaaben-fragrance.com\/index.php?rest_route=\/wp\/v2\/product\/4775","targetHints":{"allow":["GET"]}}],"collection":[{"href":"https:\/\/benchaaben-fragrance.com\/index.php?rest_route=\/wp\/v2\/product"}],"about":[{"href":"https:\/\/benchaaben-fragrance.com\/index.php?rest_route=\/wp\/v2\/types\/product"}],"replies":[{"embeddable":true,"href":"https:\/\/benchaaben-fragrance.com\/index.php?rest_route=%2Fwp%2Fv2%2Fcomments&post=4775"}],"wp:featuredmedia":[{"embeddable":true,"href":"https:\/\/benchaaben-fragrance.com\/index.php?rest_route=\/wp\/v2\/media\/4778"}],"wp:attachment":[{"href":"https:\/\/benchaaben-fragrance.com\/index.php?rest_route=%2Fwp%2Fv2%2Fmedia&parent=4775"}],"wp:term":[{"taxonomy":"product_brand","embeddable":true,"href":"https:\/\/benchaaben-fragrance.com\/index.php?rest_route=%2Fwp%2Fv2%2Fproduct_brand&post=4775"},{"taxonomy":"product_cat","embeddable":true,"href":"https:\/\/benchaaben-fragrance.com\/index.php?rest_route=%2Fwp%2Fv2%2Fproduct_cat&post=4775"},{"taxonomy":"product_tag","embeddable":true,"href":"https:\/\/benchaaben-fragrance.com\/index.php?rest_route=%2Fwp%2Fv2%2Fproduct_tag&post=4775"}],"curies":[{"name":"wp","href":"https:\/\/api.w.org\/{rel}","templated":true}]}}