{"id":4779,"date":"2024-12-18T17:26:48","date_gmt":"2024-12-18T16:26:48","guid":{"rendered":"https:\/\/benchaaben-fragrance.com\/?post_type=product&#038;p=4779"},"modified":"2024-12-18T17:27:43","modified_gmt":"2024-12-18T16:27:43","slug":"aqva-pour-homme-toniq-bvlgari-extrait-de-parfum","status":"publish","type":"product","link":"https:\/\/benchaaben-fragrance.com\/?product=aqva-pour-homme-toniq-bvlgari-extrait-de-parfum","title":{"rendered":"Aqva Pour Homme Toniq Bvlgari Extrait De Parfum"},"content":{"rendered":"<p><b>Aqva Pour Homme Toniq<\/b>\u00a0de\u00a0<b>Bvlgari<\/b>\u00a0est un parfum Aromatique Aquatique pour homme.\u00a0<b>Aqva Pour Homme Toniq<\/b>\u00a0a \u00e9t\u00e9 lanc\u00e9 en 2011. Le nez derri\u00e8re ce parfum est Jacques Cavallier Belletrud. Les notes de t\u00eate sont Limone Costa d&rsquo;Amalfi et Menthe; les notes de coeur sont Algue et Notes aquatiques; les notes de fond sont V\u00e9tiver et Ambre.<\/p>\n","protected":false},"excerpt":{"rendered":"<p><b>Aqva Pour Homme Toniq<\/b>\u00a0de\u00a0<b>Bvlgari<\/b>\u00a0est un parfum Aromatique Aquatique pour homme.\u00a0<b>Aqva Pour Homme Toniq<\/b>\u00a0a \u00e9t\u00e9 lanc\u00e9 en 2011. Le nez derri\u00e8re ce parfum est Jacques Cavallier Belletrud. Les notes de t\u00eate sont Limone Costa d&rsquo;Amalfi et Menthe; les notes de coeur sont Algue et Notes aquatiques; les notes de fond sont V\u00e9tiver et Ambre.<\/p>\n","protected":false},"featured_media":4782,"comment_status":"open","ping_status":"closed","template":"","meta":[],"product_brand":[],"product_cat":[195],"product_tag":[219,204],"class_list":{"0":"post-4779","1":"product","2":"type-product","3":"status-publish","4":"has-post-thumbnail","6":"product_cat-parfum-homme","7":"product_tag-bvlgari","8":"product_tag-parfum-homme","10":"first","11":"instock","12":"shipping-taxable","13":"purchasable","14":"product-type-variable","15":"has-default-attributes"},"jetpack_sharing_enabled":true,"_links":{"self":[{"href":"https:\/\/benchaaben-fragrance.com\/index.php?rest_route=\/wp\/v2\/product\/4779","targetHints":{"allow":["GET"]}}],"collection":[{"href":"https:\/\/benchaaben-fragrance.com\/index.php?rest_route=\/wp\/v2\/product"}],"about":[{"href":"https:\/\/benchaaben-fragrance.com\/index.php?rest_route=\/wp\/v2\/types\/product"}],"replies":[{"embeddable":true,"href":"https:\/\/benchaaben-fragrance.com\/index.php?rest_route=%2Fwp%2Fv2%2Fcomments&post=4779"}],"wp:featuredmedia":[{"embeddable":true,"href":"https:\/\/benchaaben-fragrance.com\/index.php?rest_route=\/wp\/v2\/media\/4782"}],"wp:attachment":[{"href":"https:\/\/benchaaben-fragrance.com\/index.php?rest_route=%2Fwp%2Fv2%2Fmedia&parent=4779"}],"wp:term":[{"taxonomy":"product_brand","embeddable":true,"href":"https:\/\/benchaaben-fragrance.com\/index.php?rest_route=%2Fwp%2Fv2%2Fproduct_brand&post=4779"},{"taxonomy":"product_cat","embeddable":true,"href":"https:\/\/benchaaben-fragrance.com\/index.php?rest_route=%2Fwp%2Fv2%2Fproduct_cat&post=4779"},{"taxonomy":"product_tag","embeddable":true,"href":"https:\/\/benchaaben-fragrance.com\/index.php?rest_route=%2Fwp%2Fv2%2Fproduct_tag&post=4779"}],"curies":[{"name":"wp","href":"https:\/\/api.w.org\/{rel}","templated":true}]}}