{"id":4783,"date":"2024-12-18T17:29:38","date_gmt":"2024-12-18T16:29:38","guid":{"rendered":"https:\/\/benchaaben-fragrance.com\/?post_type=product&#038;p=4783"},"modified":"2024-12-18T17:32:13","modified_gmt":"2024-12-18T16:32:13","slug":"flamenco-ramon-monegal-extrait-de-parfum","status":"publish","type":"product","link":"https:\/\/benchaaben-fragrance.com\/?product=flamenco-ramon-monegal-extrait-de-parfum","title":{"rendered":"Flamenco Ramon Monegal Extrait De Parfum"},"content":{"rendered":"<p><b>Flamenco<\/b>\u00a0de\u00a0<b>Ramon Monegal<\/b>\u00a0est un parfum Orientale Floral pour homme et femme.\u00a0<b>Flamenco<\/b>\u00a0a \u00e9t\u00e9 lanc\u00e9 en 2017. Le nez derri\u00e8re ce parfum est Ramon Monegal. Les notes de t\u00eate sont Framboise, Pomme, Violette et Fleur d&rsquo;oranger; les notes de coeur sont Rose, Iris et Jasmin; les notes de fond sont C\u00e8dre, Cypr\u00e8s, Pin et Ambre.<\/p>\n","protected":false},"excerpt":{"rendered":"<p><b>Flamenco<\/b>\u00a0de\u00a0<b>Ramon Monegal<\/b>\u00a0est un parfum Orientale Floral pour homme et femme.\u00a0<b>Flamenco<\/b>\u00a0a \u00e9t\u00e9 lanc\u00e9 en 2017. Le nez derri\u00e8re ce parfum est Ramon Monegal. Les notes de t\u00eate sont Framboise, Pomme, Violette et Fleur d&rsquo;oranger; les notes de coeur sont Rose, Iris et Jasmin; les notes de fond sont C\u00e8dre, Cypr\u00e8s, Pin et Ambre.<\/p>\n","protected":false},"featured_media":4786,"comment_status":"open","ping_status":"closed","template":"","meta":[],"product_brand":[],"product_cat":[196,195,197],"product_tag":[252,198,204],"class_list":{"0":"post-4783","1":"product","2":"type-product","3":"status-publish","4":"has-post-thumbnail","6":"product_cat-parfum-femme","7":"product_cat-parfum-homme","8":"product_cat-parfum-unisexe","9":"product_tag-diptyque","10":"product_tag-parfum-femme","11":"product_tag-parfum-homme","13":"first","14":"instock","15":"shipping-taxable","16":"purchasable","17":"product-type-variable","18":"has-default-attributes"},"jetpack_sharing_enabled":true,"_links":{"self":[{"href":"https:\/\/benchaaben-fragrance.com\/index.php?rest_route=\/wp\/v2\/product\/4783","targetHints":{"allow":["GET"]}}],"collection":[{"href":"https:\/\/benchaaben-fragrance.com\/index.php?rest_route=\/wp\/v2\/product"}],"about":[{"href":"https:\/\/benchaaben-fragrance.com\/index.php?rest_route=\/wp\/v2\/types\/product"}],"replies":[{"embeddable":true,"href":"https:\/\/benchaaben-fragrance.com\/index.php?rest_route=%2Fwp%2Fv2%2Fcomments&post=4783"}],"wp:featuredmedia":[{"embeddable":true,"href":"https:\/\/benchaaben-fragrance.com\/index.php?rest_route=\/wp\/v2\/media\/4786"}],"wp:attachment":[{"href":"https:\/\/benchaaben-fragrance.com\/index.php?rest_route=%2Fwp%2Fv2%2Fmedia&parent=4783"}],"wp:term":[{"taxonomy":"product_brand","embeddable":true,"href":"https:\/\/benchaaben-fragrance.com\/index.php?rest_route=%2Fwp%2Fv2%2Fproduct_brand&post=4783"},{"taxonomy":"product_cat","embeddable":true,"href":"https:\/\/benchaaben-fragrance.com\/index.php?rest_route=%2Fwp%2Fv2%2Fproduct_cat&post=4783"},{"taxonomy":"product_tag","embeddable":true,"href":"https:\/\/benchaaben-fragrance.com\/index.php?rest_route=%2Fwp%2Fv2%2Fproduct_tag&post=4783"}],"curies":[{"name":"wp","href":"https:\/\/api.w.org\/{rel}","templated":true}]}}