{"id":4787,"date":"2024-12-18T17:34:38","date_gmt":"2024-12-18T16:34:38","guid":{"rendered":"https:\/\/benchaaben-fragrance.com\/?post_type=product&#038;p=4787"},"modified":"2024-12-18T17:35:40","modified_gmt":"2024-12-18T16:35:40","slug":"magenta-tanzanite-giorgio-armani-extrait-de-parfum","status":"publish","type":"product","link":"https:\/\/benchaaben-fragrance.com\/?product=magenta-tanzanite-giorgio-armani-extrait-de-parfum","title":{"rendered":"Magenta Tanzanite Giorgio Armani Extrait De Parfum"},"content":{"rendered":"<p><b>Magenta Tanzanite<\/b>\u00a0de\u00a0<b>Giorgio Armani<\/b>\u00a0est un parfum Orientale \u00c9pic\u00e9 pour homme et femme. C&rsquo;est un nouveau parfum.\u00a0<b>Magenta Tanzanite<\/b>\u00a0a \u00e9t\u00e9 lanc\u00e9 en 2022. Le nez derri\u00e8re ce parfum est Violaine Collas. Les notes de t\u00eate sont Cardamome, Gingembre et Bergamote; les notes de coeur sont Cannelle, Myrrhe et Caf\u00e9; les notes de fond sont Tabac, Vanille et F\u00e8ve de tonka.<\/p>\n","protected":false},"excerpt":{"rendered":"<p><b>Magenta Tanzanite<\/b>\u00a0de\u00a0<b>Giorgio Armani<\/b>\u00a0est un parfum Orientale \u00c9pic\u00e9 pour homme et femme. C&rsquo;est un nouveau parfum.\u00a0<b>Magenta Tanzanite<\/b>\u00a0a \u00e9t\u00e9 lanc\u00e9 en 2022. Le nez derri\u00e8re ce parfum est Violaine Collas. Les notes de t\u00eate sont Cardamome, Gingembre et Bergamote; les notes de coeur sont Cannelle, Myrrhe et Caf\u00e9; les notes de fond sont Tabac, Vanille et F\u00e8ve de tonka.<\/p>\n","protected":false},"featured_media":4790,"comment_status":"open","ping_status":"closed","template":"","meta":[],"product_brand":[],"product_cat":[196,195,197],"product_tag":[226,198,204],"class_list":{"0":"post-4787","1":"product","2":"type-product","3":"status-publish","4":"has-post-thumbnail","6":"product_cat-parfum-femme","7":"product_cat-parfum-homme","8":"product_cat-parfum-unisexe","9":"product_tag-giorgio-armani","10":"product_tag-parfum-femme","11":"product_tag-parfum-homme","13":"first","14":"instock","15":"shipping-taxable","16":"purchasable","17":"product-type-variable","18":"has-default-attributes"},"jetpack_sharing_enabled":true,"_links":{"self":[{"href":"https:\/\/benchaaben-fragrance.com\/index.php?rest_route=\/wp\/v2\/product\/4787","targetHints":{"allow":["GET"]}}],"collection":[{"href":"https:\/\/benchaaben-fragrance.com\/index.php?rest_route=\/wp\/v2\/product"}],"about":[{"href":"https:\/\/benchaaben-fragrance.com\/index.php?rest_route=\/wp\/v2\/types\/product"}],"replies":[{"embeddable":true,"href":"https:\/\/benchaaben-fragrance.com\/index.php?rest_route=%2Fwp%2Fv2%2Fcomments&post=4787"}],"wp:featuredmedia":[{"embeddable":true,"href":"https:\/\/benchaaben-fragrance.com\/index.php?rest_route=\/wp\/v2\/media\/4790"}],"wp:attachment":[{"href":"https:\/\/benchaaben-fragrance.com\/index.php?rest_route=%2Fwp%2Fv2%2Fmedia&parent=4787"}],"wp:term":[{"taxonomy":"product_brand","embeddable":true,"href":"https:\/\/benchaaben-fragrance.com\/index.php?rest_route=%2Fwp%2Fv2%2Fproduct_brand&post=4787"},{"taxonomy":"product_cat","embeddable":true,"href":"https:\/\/benchaaben-fragrance.com\/index.php?rest_route=%2Fwp%2Fv2%2Fproduct_cat&post=4787"},{"taxonomy":"product_tag","embeddable":true,"href":"https:\/\/benchaaben-fragrance.com\/index.php?rest_route=%2Fwp%2Fv2%2Fproduct_tag&post=4787"}],"curies":[{"name":"wp","href":"https:\/\/api.w.org\/{rel}","templated":true}]}}