{"id":4791,"date":"2024-12-18T17:37:27","date_gmt":"2024-12-18T16:37:27","guid":{"rendered":"https:\/\/benchaaben-fragrance.com\/?post_type=product&#038;p=4791"},"modified":"2024-12-18T17:38:19","modified_gmt":"2024-12-18T16:38:19","slug":"blanc-polychrome-atelier-des-ors-extrait-de-parfum","status":"publish","type":"product","link":"https:\/\/benchaaben-fragrance.com\/?product=blanc-polychrome-atelier-des-ors-extrait-de-parfum","title":{"rendered":"Blanc Polychrome Atelier des Ors Extrait De Parfum"},"content":{"rendered":"<p><b>Blanc Polychrome<\/b>\u00a0de\u00a0<b>Atelier des Ors<\/b>\u00a0est un parfum Hesp\u00e9rid\u00e9 pour homme et femme.\u00a0<b>Blanc Polychrome<\/b>\u00a0a \u00e9t\u00e9 lanc\u00e9 en 2020. Les notes de t\u00eate sont Citron, Mandarine et Rhubarbe; les notes de coeur sont Petit-grain, Jasmin, Lavande et Figue; les notes de fond sont Musc, Ambroxan et Mousse.<\/p>\n","protected":false},"excerpt":{"rendered":"<p><b>Blanc Polychrome<\/b>\u00a0de\u00a0<b>Atelier des Ors<\/b>\u00a0est un parfum Hesp\u00e9rid\u00e9 pour homme et femme.\u00a0<b>Blanc Polychrome<\/b>\u00a0a \u00e9t\u00e9 lanc\u00e9 en 2020. Les notes de t\u00eate sont Citron, Mandarine et Rhubarbe; les notes de coeur sont Petit-grain, Jasmin, Lavande et Figue; les notes de fond sont Musc, Ambroxan et Mousse.<\/p>\n","protected":false},"featured_media":4794,"comment_status":"open","ping_status":"closed","template":"","meta":[],"product_brand":[],"product_cat":[196,195,197],"product_tag":[260,198,204],"class_list":{"0":"post-4791","1":"product","2":"type-product","3":"status-publish","4":"has-post-thumbnail","6":"product_cat-parfum-femme","7":"product_cat-parfum-homme","8":"product_cat-parfum-unisexe","9":"product_tag-atelier-des-ors","10":"product_tag-parfum-femme","11":"product_tag-parfum-homme","13":"first","14":"instock","15":"shipping-taxable","16":"purchasable","17":"product-type-variable","18":"has-default-attributes"},"jetpack_sharing_enabled":true,"_links":{"self":[{"href":"https:\/\/benchaaben-fragrance.com\/index.php?rest_route=\/wp\/v2\/product\/4791","targetHints":{"allow":["GET"]}}],"collection":[{"href":"https:\/\/benchaaben-fragrance.com\/index.php?rest_route=\/wp\/v2\/product"}],"about":[{"href":"https:\/\/benchaaben-fragrance.com\/index.php?rest_route=\/wp\/v2\/types\/product"}],"replies":[{"embeddable":true,"href":"https:\/\/benchaaben-fragrance.com\/index.php?rest_route=%2Fwp%2Fv2%2Fcomments&post=4791"}],"wp:featuredmedia":[{"embeddable":true,"href":"https:\/\/benchaaben-fragrance.com\/index.php?rest_route=\/wp\/v2\/media\/4794"}],"wp:attachment":[{"href":"https:\/\/benchaaben-fragrance.com\/index.php?rest_route=%2Fwp%2Fv2%2Fmedia&parent=4791"}],"wp:term":[{"taxonomy":"product_brand","embeddable":true,"href":"https:\/\/benchaaben-fragrance.com\/index.php?rest_route=%2Fwp%2Fv2%2Fproduct_brand&post=4791"},{"taxonomy":"product_cat","embeddable":true,"href":"https:\/\/benchaaben-fragrance.com\/index.php?rest_route=%2Fwp%2Fv2%2Fproduct_cat&post=4791"},{"taxonomy":"product_tag","embeddable":true,"href":"https:\/\/benchaaben-fragrance.com\/index.php?rest_route=%2Fwp%2Fv2%2Fproduct_tag&post=4791"}],"curies":[{"name":"wp","href":"https:\/\/api.w.org\/{rel}","templated":true}]}}