{"id":4834,"date":"2024-12-21T15:16:43","date_gmt":"2024-12-21T14:16:43","guid":{"rendered":"https:\/\/benchaaben-fragrance.com\/?post_type=product&#038;p=4834"},"modified":"2024-12-21T15:18:04","modified_gmt":"2024-12-21T14:18:04","slug":"valentino-uomo-born-in-roma-valentino-extrait-de-parfum","status":"publish","type":"product","link":"https:\/\/benchaaben-fragrance.com\/?product=valentino-uomo-born-in-roma-valentino-extrait-de-parfum","title":{"rendered":"Valentino Uomo Born in Roma Valentino Extrait De Parfum"},"content":{"rendered":"<p><b>Valentino Uomo Born in Roma<\/b>\u00a0de\u00a0<b>Valentino<\/b>\u00a0est un parfum Bois\u00e9 \u00c9pic\u00e9 pour homme.\u00a0<b>Valentino Uomo Born in Roma<\/b>\u00a0a \u00e9t\u00e9 lanc\u00e9 en 2019. Valentino Uomo Born in Roma a \u00e9t\u00e9 cr\u00e9\u00e9 par Antoine Maisondieu et Guillaume Flavigny. Les notes de t\u00eate sont Notes min\u00e9rales, Feuille de violette et Sel; les notes de coeur sont Gingembre et Sauge; les notes de fond sont Notes bois\u00e9es et V\u00e9tiver.<\/p>\n","protected":false},"excerpt":{"rendered":"<p><b>Valentino Uomo Born in Roma<\/b>\u00a0de\u00a0<b>Valentino<\/b>\u00a0est un parfum Bois\u00e9 \u00c9pic\u00e9 pour homme.\u00a0<b>Valentino Uomo Born in Roma<\/b>\u00a0a \u00e9t\u00e9 lanc\u00e9 en 2019. Valentino Uomo Born in Roma a \u00e9t\u00e9 cr\u00e9\u00e9 par Antoine Maisondieu et Guillaume Flavigny. Les notes de t\u00eate sont Notes min\u00e9rales, Feuille de violette et Sel; les notes de coeur sont Gingembre et Sauge; les notes de fond sont Notes bois\u00e9es et V\u00e9tiver.<\/p>\n","protected":false},"featured_media":4837,"comment_status":"open","ping_status":"closed","template":"","meta":[],"product_brand":[],"product_cat":[195],"product_tag":[204,258],"class_list":{"0":"post-4834","1":"product","2":"type-product","3":"status-publish","4":"has-post-thumbnail","6":"product_cat-parfum-homme","7":"product_tag-parfum-homme","8":"product_tag-valentino","10":"first","11":"instock","12":"shipping-taxable","13":"purchasable","14":"product-type-variable","15":"has-default-attributes"},"jetpack_sharing_enabled":true,"_links":{"self":[{"href":"https:\/\/benchaaben-fragrance.com\/index.php?rest_route=\/wp\/v2\/product\/4834","targetHints":{"allow":["GET"]}}],"collection":[{"href":"https:\/\/benchaaben-fragrance.com\/index.php?rest_route=\/wp\/v2\/product"}],"about":[{"href":"https:\/\/benchaaben-fragrance.com\/index.php?rest_route=\/wp\/v2\/types\/product"}],"replies":[{"embeddable":true,"href":"https:\/\/benchaaben-fragrance.com\/index.php?rest_route=%2Fwp%2Fv2%2Fcomments&post=4834"}],"wp:featuredmedia":[{"embeddable":true,"href":"https:\/\/benchaaben-fragrance.com\/index.php?rest_route=\/wp\/v2\/media\/4837"}],"wp:attachment":[{"href":"https:\/\/benchaaben-fragrance.com\/index.php?rest_route=%2Fwp%2Fv2%2Fmedia&parent=4834"}],"wp:term":[{"taxonomy":"product_brand","embeddable":true,"href":"https:\/\/benchaaben-fragrance.com\/index.php?rest_route=%2Fwp%2Fv2%2Fproduct_brand&post=4834"},{"taxonomy":"product_cat","embeddable":true,"href":"https:\/\/benchaaben-fragrance.com\/index.php?rest_route=%2Fwp%2Fv2%2Fproduct_cat&post=4834"},{"taxonomy":"product_tag","embeddable":true,"href":"https:\/\/benchaaben-fragrance.com\/index.php?rest_route=%2Fwp%2Fv2%2Fproduct_tag&post=4834"}],"curies":[{"name":"wp","href":"https:\/\/api.w.org\/{rel}","templated":true}]}}