{"id":4838,"date":"2024-12-21T15:21:32","date_gmt":"2024-12-21T14:21:32","guid":{"rendered":"https:\/\/benchaaben-fragrance.com\/?post_type=product&#038;p=4838"},"modified":"2024-12-21T15:22:45","modified_gmt":"2024-12-21T14:22:45","slug":"k-by-dolcegabbana-extrait-de-parfum","status":"publish","type":"product","link":"https:\/\/benchaaben-fragrance.com\/?product=k-by-dolcegabbana-extrait-de-parfum","title":{"rendered":"K by Dolce&#038;Gabbana Extrait De Parfum"},"content":{"rendered":"<p><b>K by Dolce &amp; Gabbana<\/b>\u00a0de\u00a0<b>Dolce&amp;Gabbana<\/b>\u00a0est un parfum Bois\u00e9 Aromatique pour homme.\u00a0<b>K by Dolce &amp; Gabbana<\/b>\u00a0a \u00e9t\u00e9 lanc\u00e9 en 2019. K by Dolce &amp; Gabbana a \u00e9t\u00e9 cr\u00e9\u00e9 par Daphn\u00e9 Bugey et Nathalie Lorson. Les notes de t\u00eate sont Baies de gen\u00e9vrier, Agrumes, Orange sanguine et Citron de Sicile; les notes de coeur sont Piment, Lavande, Sauge sclar\u00e9e et G\u00e9ranium; les notes de fond sont V\u00e9tiver, C\u00e8dre et Patchouli.<\/p>\n","protected":false},"excerpt":{"rendered":"<p><b>K by Dolce &amp; Gabbana<\/b>\u00a0de\u00a0<b>Dolce&amp;Gabbana<\/b>\u00a0est un parfum Bois\u00e9 Aromatique pour homme.\u00a0<b>K by Dolce &amp; Gabbana<\/b>\u00a0a \u00e9t\u00e9 lanc\u00e9 en 2019. K by Dolce &amp; Gabbana a \u00e9t\u00e9 cr\u00e9\u00e9 par Daphn\u00e9 Bugey et Nathalie Lorson. Les notes de t\u00eate sont Baies de gen\u00e9vrier, Agrumes, Orange sanguine et Citron de Sicile; les notes de coeur sont Piment, Lavande, Sauge sclar\u00e9e et G\u00e9ranium; les notes de fond sont V\u00e9tiver, C\u00e8dre et Patchouli.<\/p>\n","protected":false},"featured_media":4841,"comment_status":"open","ping_status":"closed","template":"","meta":[],"product_brand":[],"product_cat":[195],"product_tag":[208,204],"class_list":{"0":"post-4838","1":"product","2":"type-product","3":"status-publish","4":"has-post-thumbnail","6":"product_cat-parfum-homme","7":"product_tag-dolcegabbana","8":"product_tag-parfum-homme","10":"first","11":"instock","12":"shipping-taxable","13":"purchasable","14":"product-type-variable","15":"has-default-attributes"},"jetpack_sharing_enabled":true,"_links":{"self":[{"href":"https:\/\/benchaaben-fragrance.com\/index.php?rest_route=\/wp\/v2\/product\/4838","targetHints":{"allow":["GET"]}}],"collection":[{"href":"https:\/\/benchaaben-fragrance.com\/index.php?rest_route=\/wp\/v2\/product"}],"about":[{"href":"https:\/\/benchaaben-fragrance.com\/index.php?rest_route=\/wp\/v2\/types\/product"}],"replies":[{"embeddable":true,"href":"https:\/\/benchaaben-fragrance.com\/index.php?rest_route=%2Fwp%2Fv2%2Fcomments&post=4838"}],"wp:featuredmedia":[{"embeddable":true,"href":"https:\/\/benchaaben-fragrance.com\/index.php?rest_route=\/wp\/v2\/media\/4841"}],"wp:attachment":[{"href":"https:\/\/benchaaben-fragrance.com\/index.php?rest_route=%2Fwp%2Fv2%2Fmedia&parent=4838"}],"wp:term":[{"taxonomy":"product_brand","embeddable":true,"href":"https:\/\/benchaaben-fragrance.com\/index.php?rest_route=%2Fwp%2Fv2%2Fproduct_brand&post=4838"},{"taxonomy":"product_cat","embeddable":true,"href":"https:\/\/benchaaben-fragrance.com\/index.php?rest_route=%2Fwp%2Fv2%2Fproduct_cat&post=4838"},{"taxonomy":"product_tag","embeddable":true,"href":"https:\/\/benchaaben-fragrance.com\/index.php?rest_route=%2Fwp%2Fv2%2Fproduct_tag&post=4838"}],"curies":[{"name":"wp","href":"https:\/\/api.w.org\/{rel}","templated":true}]}}