{"id":4846,"date":"2024-12-21T15:29:10","date_gmt":"2024-12-21T14:29:10","guid":{"rendered":"https:\/\/benchaaben-fragrance.com\/?post_type=product&#038;p=4846"},"modified":"2024-12-21T15:30:07","modified_gmt":"2024-12-21T14:30:07","slug":"ambassador-men-gisada-extrait-de-parfum","status":"publish","type":"product","link":"https:\/\/benchaaben-fragrance.com\/?product=ambassador-men-gisada-extrait-de-parfum","title":{"rendered":"Ambassador Men Gisada Extrait De Parfum"},"content":{"rendered":"<p><b>Ambassador Men<\/b>\u00a0de\u00a0<b>Gisada<\/b>\u00a0est un parfum Bois\u00e9 Aromatique pour homme.\u00a0<b>Ambassador Men<\/b>\u00a0a \u00e9t\u00e9 lanc\u00e9 en 2019. Le nez derri\u00e8re ce parfum est Andreas Wilhelm. Les notes de t\u00eate sont Mandarine verte, Pomme, Cardamome et Violette; les notes de coeur sont Mangue, Poivre noir, Lavande, Patchouli et Pivoine; les notes de fond sont Vanille, Ambre, Bois de teck, V\u00e9tiver et Mousse.<\/p>\n","protected":false},"excerpt":{"rendered":"<p><b>Ambassador Men<\/b>\u00a0de\u00a0<b>Gisada<\/b>\u00a0est un parfum Bois\u00e9 Aromatique pour homme.\u00a0<b>Ambassador Men<\/b>\u00a0a \u00e9t\u00e9 lanc\u00e9 en 2019. Le nez derri\u00e8re ce parfum est Andreas Wilhelm. Les notes de t\u00eate sont Mandarine verte, Pomme, Cardamome et Violette; les notes de coeur sont Mangue, Poivre noir, Lavande, Patchouli et Pivoine; les notes de fond sont Vanille, Ambre, Bois de teck, V\u00e9tiver et Mousse.<\/p>\n","protected":false},"featured_media":4849,"comment_status":"open","ping_status":"closed","template":"","meta":[],"product_brand":[],"product_cat":[195],"product_tag":[262,204],"class_list":{"0":"post-4846","1":"product","2":"type-product","3":"status-publish","4":"has-post-thumbnail","6":"product_cat-parfum-homme","7":"product_tag-gisada","8":"product_tag-parfum-homme","10":"first","11":"instock","12":"shipping-taxable","13":"purchasable","14":"product-type-variable","15":"has-default-attributes"},"jetpack_sharing_enabled":true,"_links":{"self":[{"href":"https:\/\/benchaaben-fragrance.com\/index.php?rest_route=\/wp\/v2\/product\/4846","targetHints":{"allow":["GET"]}}],"collection":[{"href":"https:\/\/benchaaben-fragrance.com\/index.php?rest_route=\/wp\/v2\/product"}],"about":[{"href":"https:\/\/benchaaben-fragrance.com\/index.php?rest_route=\/wp\/v2\/types\/product"}],"replies":[{"embeddable":true,"href":"https:\/\/benchaaben-fragrance.com\/index.php?rest_route=%2Fwp%2Fv2%2Fcomments&post=4846"}],"wp:featuredmedia":[{"embeddable":true,"href":"https:\/\/benchaaben-fragrance.com\/index.php?rest_route=\/wp\/v2\/media\/4849"}],"wp:attachment":[{"href":"https:\/\/benchaaben-fragrance.com\/index.php?rest_route=%2Fwp%2Fv2%2Fmedia&parent=4846"}],"wp:term":[{"taxonomy":"product_brand","embeddable":true,"href":"https:\/\/benchaaben-fragrance.com\/index.php?rest_route=%2Fwp%2Fv2%2Fproduct_brand&post=4846"},{"taxonomy":"product_cat","embeddable":true,"href":"https:\/\/benchaaben-fragrance.com\/index.php?rest_route=%2Fwp%2Fv2%2Fproduct_cat&post=4846"},{"taxonomy":"product_tag","embeddable":true,"href":"https:\/\/benchaaben-fragrance.com\/index.php?rest_route=%2Fwp%2Fv2%2Fproduct_tag&post=4846"}],"curies":[{"name":"wp","href":"https:\/\/api.w.org\/{rel}","templated":true}]}}