{"id":4850,"date":"2024-12-21T22:18:38","date_gmt":"2024-12-21T21:18:38","guid":{"rendered":"https:\/\/benchaaben-fragrance.com\/?post_type=product&#038;p=4850"},"modified":"2024-12-21T22:19:37","modified_gmt":"2024-12-21T21:19:37","slug":"on-the-beach-louis-vuitton-extrait-de-parfum","status":"publish","type":"product","link":"https:\/\/benchaaben-fragrance.com\/?product=on-the-beach-louis-vuitton-extrait-de-parfum","title":{"rendered":"On The Beach Louis Vuitton Extrait De Parfum"},"content":{"rendered":"<p><b>On The Beach<\/b>\u00a0de\u00a0<b>Louis Vuitton<\/b>\u00a0est un parfum Hesp\u00e9rid\u00e9 aromatique pour homme et femme.\u00a0<b>On The Beach<\/b>\u00a0a \u00e9t\u00e9 lanc\u00e9 en 2021. Le nez derri\u00e8re ce parfum est Jacques Cavallier Belletrud. Les notes de t\u00eate sont Yuzu et N\u00e9roli; les notes de coeur sont Romarin, Thym, Sable, Clou de girofle et Poivre rose; la note de fond est Cypr\u00e8s.<\/p>\n","protected":false},"excerpt":{"rendered":"<p><b>On The Beach<\/b>\u00a0de\u00a0<b>Louis Vuitton<\/b>\u00a0est un parfum Hesp\u00e9rid\u00e9 aromatique pour homme et femme.\u00a0<b>On The Beach<\/b>\u00a0a \u00e9t\u00e9 lanc\u00e9 en 2021. Le nez derri\u00e8re ce parfum est Jacques Cavallier Belletrud. Les notes de t\u00eate sont Yuzu et N\u00e9roli; les notes de coeur sont Romarin, Thym, Sable, Clou de girofle et Poivre rose; la note de fond est Cypr\u00e8s.<\/p>\n","protected":false},"featured_media":4853,"comment_status":"open","ping_status":"closed","template":"","meta":[],"product_brand":[],"product_cat":[196,195,197],"product_tag":[222,198,204],"class_list":{"0":"post-4850","1":"product","2":"type-product","3":"status-publish","4":"has-post-thumbnail","6":"product_cat-parfum-femme","7":"product_cat-parfum-homme","8":"product_cat-parfum-unisexe","9":"product_tag-louis-vuitton","10":"product_tag-parfum-femme","11":"product_tag-parfum-homme","13":"first","14":"instock","15":"shipping-taxable","16":"purchasable","17":"product-type-variable","18":"has-default-attributes"},"jetpack_sharing_enabled":true,"_links":{"self":[{"href":"https:\/\/benchaaben-fragrance.com\/index.php?rest_route=\/wp\/v2\/product\/4850","targetHints":{"allow":["GET"]}}],"collection":[{"href":"https:\/\/benchaaben-fragrance.com\/index.php?rest_route=\/wp\/v2\/product"}],"about":[{"href":"https:\/\/benchaaben-fragrance.com\/index.php?rest_route=\/wp\/v2\/types\/product"}],"replies":[{"embeddable":true,"href":"https:\/\/benchaaben-fragrance.com\/index.php?rest_route=%2Fwp%2Fv2%2Fcomments&post=4850"}],"wp:featuredmedia":[{"embeddable":true,"href":"https:\/\/benchaaben-fragrance.com\/index.php?rest_route=\/wp\/v2\/media\/4853"}],"wp:attachment":[{"href":"https:\/\/benchaaben-fragrance.com\/index.php?rest_route=%2Fwp%2Fv2%2Fmedia&parent=4850"}],"wp:term":[{"taxonomy":"product_brand","embeddable":true,"href":"https:\/\/benchaaben-fragrance.com\/index.php?rest_route=%2Fwp%2Fv2%2Fproduct_brand&post=4850"},{"taxonomy":"product_cat","embeddable":true,"href":"https:\/\/benchaaben-fragrance.com\/index.php?rest_route=%2Fwp%2Fv2%2Fproduct_cat&post=4850"},{"taxonomy":"product_tag","embeddable":true,"href":"https:\/\/benchaaben-fragrance.com\/index.php?rest_route=%2Fwp%2Fv2%2Fproduct_tag&post=4850"}],"curies":[{"name":"wp","href":"https:\/\/api.w.org\/{rel}","templated":true}]}}