{"id":4866,"date":"2024-12-22T17:23:27","date_gmt":"2024-12-22T16:23:27","guid":{"rendered":"https:\/\/benchaaben-fragrance.com\/?post_type=product&#038;p=4866"},"modified":"2024-12-22T17:24:48","modified_gmt":"2024-12-22T16:24:48","slug":"spicebomb-extreme-viktorrolf-extrait-de-parfum","status":"publish","type":"product","link":"https:\/\/benchaaben-fragrance.com\/?product=spicebomb-extreme-viktorrolf-extrait-de-parfum","title":{"rendered":"Spicebomb Extreme Viktor&#038;Rolf Extrait De Parfum"},"content":{"rendered":"<p><b>Spicebomb Extreme<\/b>\u00a0de\u00a0<b>Viktor&amp;Rolf<\/b>\u00a0est un parfum Orientale \u00c9pic\u00e9 pour homme.\u00a0<b>Spicebomb Extreme<\/b>\u00a0a \u00e9t\u00e9 lanc\u00e9 en 2015. Spicebomb Extreme a \u00e9t\u00e9 cr\u00e9\u00e9 par Carlos Bena\u00efm et Jean-Christophe H\u00e9rault.<\/p>\n","protected":false},"excerpt":{"rendered":"<p><b>Spicebomb Extreme<\/b>\u00a0de\u00a0<b>Viktor&amp;Rolf<\/b>\u00a0est un parfum Orientale \u00c9pic\u00e9 pour homme.\u00a0<b>Spicebomb Extreme<\/b>\u00a0a \u00e9t\u00e9 lanc\u00e9 en 2015. Spicebomb Extreme a \u00e9t\u00e9 cr\u00e9\u00e9 par Carlos Bena\u00efm et Jean-Christophe H\u00e9rault.<\/p>\n","protected":false},"featured_media":4869,"comment_status":"open","ping_status":"closed","template":"","meta":[],"product_brand":[],"product_cat":[195],"product_tag":[204,263],"class_list":{"0":"post-4866","1":"product","2":"type-product","3":"status-publish","4":"has-post-thumbnail","6":"product_cat-parfum-homme","7":"product_tag-parfum-homme","8":"product_tag-viktorrolf","10":"first","11":"instock","12":"shipping-taxable","13":"purchasable","14":"product-type-variable","15":"has-default-attributes"},"jetpack_sharing_enabled":true,"_links":{"self":[{"href":"https:\/\/benchaaben-fragrance.com\/index.php?rest_route=\/wp\/v2\/product\/4866","targetHints":{"allow":["GET"]}}],"collection":[{"href":"https:\/\/benchaaben-fragrance.com\/index.php?rest_route=\/wp\/v2\/product"}],"about":[{"href":"https:\/\/benchaaben-fragrance.com\/index.php?rest_route=\/wp\/v2\/types\/product"}],"replies":[{"embeddable":true,"href":"https:\/\/benchaaben-fragrance.com\/index.php?rest_route=%2Fwp%2Fv2%2Fcomments&post=4866"}],"wp:featuredmedia":[{"embeddable":true,"href":"https:\/\/benchaaben-fragrance.com\/index.php?rest_route=\/wp\/v2\/media\/4869"}],"wp:attachment":[{"href":"https:\/\/benchaaben-fragrance.com\/index.php?rest_route=%2Fwp%2Fv2%2Fmedia&parent=4866"}],"wp:term":[{"taxonomy":"product_brand","embeddable":true,"href":"https:\/\/benchaaben-fragrance.com\/index.php?rest_route=%2Fwp%2Fv2%2Fproduct_brand&post=4866"},{"taxonomy":"product_cat","embeddable":true,"href":"https:\/\/benchaaben-fragrance.com\/index.php?rest_route=%2Fwp%2Fv2%2Fproduct_cat&post=4866"},{"taxonomy":"product_tag","embeddable":true,"href":"https:\/\/benchaaben-fragrance.com\/index.php?rest_route=%2Fwp%2Fv2%2Fproduct_tag&post=4866"}],"curies":[{"name":"wp","href":"https:\/\/api.w.org\/{rel}","templated":true}]}}