{"id":4882,"date":"2024-12-22T19:08:16","date_gmt":"2024-12-22T18:08:16","guid":{"rendered":"https:\/\/benchaaben-fragrance.com\/?post_type=product&#038;p=4882"},"modified":"2024-12-22T19:09:07","modified_gmt":"2024-12-22T18:09:07","slug":"opera-sospiro-perfumes-extrait-de-parfum","status":"publish","type":"product","link":"https:\/\/benchaaben-fragrance.com\/?product=opera-sospiro-perfumes-extrait-de-parfum","title":{"rendered":"Opera Sospiro Perfumes Extrait De Parfum"},"content":{"rendered":"<p><b>Opera<\/b>\u00a0de\u00a0<b>Sospiro Perfumes<\/b>\u00a0est un parfum Orientale Floral pour homme et femme.\u00a0<b>Opera<\/b>\u00a0a \u00e9t\u00e9 lanc\u00e9 en 2014. Le nez derri\u00e8re ce parfum est Chris Maurice. Les notes de t\u00eate sont Notes fruit\u00e9es et Rose de Turquie; les notes de coeur sont Noix de muscade, Ylang-ylang, Ambre gris et Cuir; les notes de fond sont Patchouli, Vanille, Musc, V\u00e9tiver et C\u00e8dre de Virginie.<\/p>\n","protected":false},"excerpt":{"rendered":"<p><b>Opera<\/b>\u00a0de\u00a0<b>Sospiro Perfumes<\/b>\u00a0est un parfum Orientale Floral pour homme et femme.\u00a0<b>Opera<\/b>\u00a0a \u00e9t\u00e9 lanc\u00e9 en 2014. Le nez derri\u00e8re ce parfum est Chris Maurice. Les notes de t\u00eate sont Notes fruit\u00e9es et Rose de Turquie; les notes de coeur sont Noix de muscade, Ylang-ylang, Ambre gris et Cuir; les notes de fond sont Patchouli, Vanille, Musc, V\u00e9tiver et C\u00e8dre de Virginie.<\/p>\n","protected":false},"featured_media":4885,"comment_status":"open","ping_status":"closed","template":"","meta":[],"product_brand":[],"product_cat":[196,195,197],"product_tag":[198,204,227],"class_list":{"0":"post-4882","1":"product","2":"type-product","3":"status-publish","4":"has-post-thumbnail","6":"product_cat-parfum-femme","7":"product_cat-parfum-homme","8":"product_cat-parfum-unisexe","9":"product_tag-parfum-femme","10":"product_tag-parfum-homme","11":"product_tag-sospiro","13":"first","14":"instock","15":"shipping-taxable","16":"purchasable","17":"product-type-variable","18":"has-default-attributes"},"jetpack_sharing_enabled":true,"_links":{"self":[{"href":"https:\/\/benchaaben-fragrance.com\/index.php?rest_route=\/wp\/v2\/product\/4882","targetHints":{"allow":["GET"]}}],"collection":[{"href":"https:\/\/benchaaben-fragrance.com\/index.php?rest_route=\/wp\/v2\/product"}],"about":[{"href":"https:\/\/benchaaben-fragrance.com\/index.php?rest_route=\/wp\/v2\/types\/product"}],"replies":[{"embeddable":true,"href":"https:\/\/benchaaben-fragrance.com\/index.php?rest_route=%2Fwp%2Fv2%2Fcomments&post=4882"}],"wp:featuredmedia":[{"embeddable":true,"href":"https:\/\/benchaaben-fragrance.com\/index.php?rest_route=\/wp\/v2\/media\/4885"}],"wp:attachment":[{"href":"https:\/\/benchaaben-fragrance.com\/index.php?rest_route=%2Fwp%2Fv2%2Fmedia&parent=4882"}],"wp:term":[{"taxonomy":"product_brand","embeddable":true,"href":"https:\/\/benchaaben-fragrance.com\/index.php?rest_route=%2Fwp%2Fv2%2Fproduct_brand&post=4882"},{"taxonomy":"product_cat","embeddable":true,"href":"https:\/\/benchaaben-fragrance.com\/index.php?rest_route=%2Fwp%2Fv2%2Fproduct_cat&post=4882"},{"taxonomy":"product_tag","embeddable":true,"href":"https:\/\/benchaaben-fragrance.com\/index.php?rest_route=%2Fwp%2Fv2%2Fproduct_tag&post=4882"}],"curies":[{"name":"wp","href":"https:\/\/api.w.org\/{rel}","templated":true}]}}