{"id":4890,"date":"2024-12-22T19:32:41","date_gmt":"2024-12-22T18:32:41","guid":{"rendered":"https:\/\/benchaaben-fragrance.com\/?post_type=product&#038;p=4890"},"modified":"2024-12-22T19:33:48","modified_gmt":"2024-12-22T18:33:48","slug":"kalan-parfums-de-marly-extrait-de-parfum","status":"publish","type":"product","link":"https:\/\/benchaaben-fragrance.com\/?product=kalan-parfums-de-marly-extrait-de-parfum","title":{"rendered":"Kalan Parfums de Marly Extrait De Parfum"},"content":{"rendered":"<p><b>Kalan<\/b>\u00a0de\u00a0<b>Parfums de Marly<\/b>\u00a0est un parfum Orientale \u00c9pic\u00e9 pour homme et femme.\u00a0<b>Kalan<\/b>\u00a0a \u00e9t\u00e9 lanc\u00e9 en 2019. Le nez derri\u00e8re ce parfum est Celine Ripert. Les notes de t\u00eate sont Epices, Orange sanguine et Poivre noir; les notes de coeur sont Lavande et Fleur d&rsquo;oranger; les notes de fond sont Notes bois\u00e9es, Mousse, Santal blanc, F\u00e8ve de tonka et Ambre.<\/p>\n","protected":false},"excerpt":{"rendered":"<p><b>Kalan<\/b>\u00a0de\u00a0<b>Parfums de Marly<\/b>\u00a0est un parfum Orientale \u00c9pic\u00e9 pour homme et femme.\u00a0<b>Kalan<\/b>\u00a0a \u00e9t\u00e9 lanc\u00e9 en 2019. Le nez derri\u00e8re ce parfum est Celine Ripert. Les notes de t\u00eate sont Epices, Orange sanguine et Poivre noir; les notes de coeur sont Lavande et Fleur d&rsquo;oranger; les notes de fond sont Notes bois\u00e9es, Mousse, Santal blanc, F\u00e8ve de tonka et Ambre.<\/p>\n","protected":false},"featured_media":4893,"comment_status":"open","ping_status":"closed","template":"","meta":[],"product_brand":[],"product_cat":[196,195,197],"product_tag":[198,204,244],"class_list":{"0":"post-4890","1":"product","2":"type-product","3":"status-publish","4":"has-post-thumbnail","6":"product_cat-parfum-femme","7":"product_cat-parfum-homme","8":"product_cat-parfum-unisexe","9":"product_tag-parfum-femme","10":"product_tag-parfum-homme","11":"product_tag-parfums-de-marly","13":"first","14":"instock","15":"shipping-taxable","16":"purchasable","17":"product-type-variable","18":"has-default-attributes"},"jetpack_sharing_enabled":true,"_links":{"self":[{"href":"https:\/\/benchaaben-fragrance.com\/index.php?rest_route=\/wp\/v2\/product\/4890","targetHints":{"allow":["GET"]}}],"collection":[{"href":"https:\/\/benchaaben-fragrance.com\/index.php?rest_route=\/wp\/v2\/product"}],"about":[{"href":"https:\/\/benchaaben-fragrance.com\/index.php?rest_route=\/wp\/v2\/types\/product"}],"replies":[{"embeddable":true,"href":"https:\/\/benchaaben-fragrance.com\/index.php?rest_route=%2Fwp%2Fv2%2Fcomments&post=4890"}],"wp:featuredmedia":[{"embeddable":true,"href":"https:\/\/benchaaben-fragrance.com\/index.php?rest_route=\/wp\/v2\/media\/4893"}],"wp:attachment":[{"href":"https:\/\/benchaaben-fragrance.com\/index.php?rest_route=%2Fwp%2Fv2%2Fmedia&parent=4890"}],"wp:term":[{"taxonomy":"product_brand","embeddable":true,"href":"https:\/\/benchaaben-fragrance.com\/index.php?rest_route=%2Fwp%2Fv2%2Fproduct_brand&post=4890"},{"taxonomy":"product_cat","embeddable":true,"href":"https:\/\/benchaaben-fragrance.com\/index.php?rest_route=%2Fwp%2Fv2%2Fproduct_cat&post=4890"},{"taxonomy":"product_tag","embeddable":true,"href":"https:\/\/benchaaben-fragrance.com\/index.php?rest_route=%2Fwp%2Fv2%2Fproduct_tag&post=4890"}],"curies":[{"name":"wp","href":"https:\/\/api.w.org\/{rel}","templated":true}]}}