{"id":4902,"date":"2024-12-22T21:22:55","date_gmt":"2024-12-22T20:22:55","guid":{"rendered":"https:\/\/benchaaben-fragrance.com\/?post_type=product&#038;p=4902"},"modified":"2024-12-22T21:23:47","modified_gmt":"2024-12-22T20:23:47","slug":"armani-prive-rouge-malachite-giorgio-armani-extrait-de-parfum","status":"publish","type":"product","link":"https:\/\/benchaaben-fragrance.com\/?product=armani-prive-rouge-malachite-giorgio-armani-extrait-de-parfum","title":{"rendered":"Armani Prive Rouge Malachite Giorgio Armani Extrait De Parfum"},"content":{"rendered":"<p><b>Armani Prive Rouge Malachite<\/b>\u00a0de\u00a0<b>Giorgio Armani<\/b>\u00a0est un parfum Orientale Floral pour homme et femme.\u00a0<b>Armani Prive Rouge Malachite<\/b>\u00a0a \u00e9t\u00e9 lanc\u00e9 en 2016. Le nez derri\u00e8re ce parfum est Pascal Gaurin. Les notes de t\u00eate sont Tub\u00e9reuse, Poivre rose et Sauge sclar\u00e9e; les notes de coeur sont Tub\u00e9reuse, Jasmin Sambac, Ylang-ylang, Benjoin, Bois de cachemire et Fleur d&rsquo;oranger; les notes de fond sont Tub\u00e9reuse et Ambre.<\/p>\n","protected":false},"excerpt":{"rendered":"<p><b>Armani Prive Rouge Malachite<\/b>\u00a0de\u00a0<b>Giorgio Armani<\/b>\u00a0est un parfum Orientale Floral pour homme et femme.\u00a0<b>Armani Prive Rouge Malachite<\/b>\u00a0a \u00e9t\u00e9 lanc\u00e9 en 2016. Le nez derri\u00e8re ce parfum est Pascal Gaurin. Les notes de t\u00eate sont Tub\u00e9reuse, Poivre rose et Sauge sclar\u00e9e; les notes de coeur sont Tub\u00e9reuse, Jasmin Sambac, Ylang-ylang, Benjoin, Bois de cachemire et Fleur d&rsquo;oranger; les notes de fond sont Tub\u00e9reuse et Ambre.<\/p>\n","protected":false},"featured_media":4905,"comment_status":"open","ping_status":"closed","template":"","meta":[],"product_brand":[],"product_cat":[196,195,197],"product_tag":[226,198,204],"class_list":{"0":"post-4902","1":"product","2":"type-product","3":"status-publish","4":"has-post-thumbnail","6":"product_cat-parfum-femme","7":"product_cat-parfum-homme","8":"product_cat-parfum-unisexe","9":"product_tag-giorgio-armani","10":"product_tag-parfum-femme","11":"product_tag-parfum-homme","13":"first","14":"instock","15":"shipping-taxable","16":"purchasable","17":"product-type-variable","18":"has-default-attributes"},"jetpack_sharing_enabled":true,"_links":{"self":[{"href":"https:\/\/benchaaben-fragrance.com\/index.php?rest_route=\/wp\/v2\/product\/4902","targetHints":{"allow":["GET"]}}],"collection":[{"href":"https:\/\/benchaaben-fragrance.com\/index.php?rest_route=\/wp\/v2\/product"}],"about":[{"href":"https:\/\/benchaaben-fragrance.com\/index.php?rest_route=\/wp\/v2\/types\/product"}],"replies":[{"embeddable":true,"href":"https:\/\/benchaaben-fragrance.com\/index.php?rest_route=%2Fwp%2Fv2%2Fcomments&post=4902"}],"wp:featuredmedia":[{"embeddable":true,"href":"https:\/\/benchaaben-fragrance.com\/index.php?rest_route=\/wp\/v2\/media\/4905"}],"wp:attachment":[{"href":"https:\/\/benchaaben-fragrance.com\/index.php?rest_route=%2Fwp%2Fv2%2Fmedia&parent=4902"}],"wp:term":[{"taxonomy":"product_brand","embeddable":true,"href":"https:\/\/benchaaben-fragrance.com\/index.php?rest_route=%2Fwp%2Fv2%2Fproduct_brand&post=4902"},{"taxonomy":"product_cat","embeddable":true,"href":"https:\/\/benchaaben-fragrance.com\/index.php?rest_route=%2Fwp%2Fv2%2Fproduct_cat&post=4902"},{"taxonomy":"product_tag","embeddable":true,"href":"https:\/\/benchaaben-fragrance.com\/index.php?rest_route=%2Fwp%2Fv2%2Fproduct_tag&post=4902"}],"curies":[{"name":"wp","href":"https:\/\/api.w.org\/{rel}","templated":true}]}}