{"id":4910,"date":"2024-12-22T21:32:06","date_gmt":"2024-12-22T20:32:06","guid":{"rendered":"https:\/\/benchaaben-fragrance.com\/?post_type=product&#038;p=4910"},"modified":"2024-12-22T21:33:12","modified_gmt":"2024-12-22T20:33:12","slug":"allure-homme-sport-chanel-extrait-de-parfum","status":"publish","type":"product","link":"https:\/\/benchaaben-fragrance.com\/?product=allure-homme-sport-chanel-extrait-de-parfum","title":{"rendered":"Allure Homme Sport Chanel Extrait De Parfum"},"content":{"rendered":"<p><b>Allure Homme Sport<\/b>\u00a0de\u00a0<b>Chanel<\/b>\u00a0est un parfum Bois\u00e9 \u00c9pic\u00e9 pour homme.\u00a0<b>Allure Homme Sport<\/b>\u00a0a \u00e9t\u00e9 lanc\u00e9 en 2004. Le nez derri\u00e8re ce parfum est Jacques Polge. Les notes de t\u00eate sont Orange, Notes marines, Ald\u00e9hydes et Mandarine sanguine; les notes de coeur sont Poivre, N\u00e9roli et C\u00e8dre; les notes de fond sont Vanille, F\u00e8ve de tonka, Musc blanc, Ambre, V\u00e9tiver et R\u00e9sine d&rsquo;\u00e9l\u00e9mi.<\/p>\n","protected":false},"excerpt":{"rendered":"<p><b>Allure Homme Sport<\/b>\u00a0de\u00a0<b>Chanel<\/b>\u00a0est un parfum Bois\u00e9 \u00c9pic\u00e9 pour homme.\u00a0<b>Allure Homme Sport<\/b>\u00a0a \u00e9t\u00e9 lanc\u00e9 en 2004. Le nez derri\u00e8re ce parfum est Jacques Polge. Les notes de t\u00eate sont Orange, Notes marines, Ald\u00e9hydes et Mandarine sanguine; les notes de coeur sont Poivre, N\u00e9roli et C\u00e8dre; les notes de fond sont Vanille, F\u00e8ve de tonka, Musc blanc, Ambre, V\u00e9tiver et R\u00e9sine d&rsquo;\u00e9l\u00e9mi.<\/p>\n","protected":false},"featured_media":4913,"comment_status":"open","ping_status":"closed","template":"","meta":[],"product_brand":[],"product_cat":[195],"product_tag":[223,204],"class_list":{"0":"post-4910","1":"product","2":"type-product","3":"status-publish","4":"has-post-thumbnail","6":"product_cat-parfum-homme","7":"product_tag-chanel","8":"product_tag-parfum-homme","10":"first","11":"instock","12":"shipping-taxable","13":"purchasable","14":"product-type-variable","15":"has-default-attributes"},"jetpack_sharing_enabled":true,"_links":{"self":[{"href":"https:\/\/benchaaben-fragrance.com\/index.php?rest_route=\/wp\/v2\/product\/4910","targetHints":{"allow":["GET"]}}],"collection":[{"href":"https:\/\/benchaaben-fragrance.com\/index.php?rest_route=\/wp\/v2\/product"}],"about":[{"href":"https:\/\/benchaaben-fragrance.com\/index.php?rest_route=\/wp\/v2\/types\/product"}],"replies":[{"embeddable":true,"href":"https:\/\/benchaaben-fragrance.com\/index.php?rest_route=%2Fwp%2Fv2%2Fcomments&post=4910"}],"wp:featuredmedia":[{"embeddable":true,"href":"https:\/\/benchaaben-fragrance.com\/index.php?rest_route=\/wp\/v2\/media\/4913"}],"wp:attachment":[{"href":"https:\/\/benchaaben-fragrance.com\/index.php?rest_route=%2Fwp%2Fv2%2Fmedia&parent=4910"}],"wp:term":[{"taxonomy":"product_brand","embeddable":true,"href":"https:\/\/benchaaben-fragrance.com\/index.php?rest_route=%2Fwp%2Fv2%2Fproduct_brand&post=4910"},{"taxonomy":"product_cat","embeddable":true,"href":"https:\/\/benchaaben-fragrance.com\/index.php?rest_route=%2Fwp%2Fv2%2Fproduct_cat&post=4910"},{"taxonomy":"product_tag","embeddable":true,"href":"https:\/\/benchaaben-fragrance.com\/index.php?rest_route=%2Fwp%2Fv2%2Fproduct_tag&post=4910"}],"curies":[{"name":"wp","href":"https:\/\/api.w.org\/{rel}","templated":true}]}}