{"id":4914,"date":"2024-12-22T21:35:40","date_gmt":"2024-12-22T20:35:40","guid":{"rendered":"https:\/\/benchaaben-fragrance.com\/?post_type=product&#038;p=4914"},"modified":"2024-12-22T21:36:41","modified_gmt":"2024-12-22T20:36:41","slug":"bvlgari-man-extreme-bvlgari-extrait-de-parfum","status":"publish","type":"product","link":"https:\/\/benchaaben-fragrance.com\/?product=bvlgari-man-extreme-bvlgari-extrait-de-parfum","title":{"rendered":"Bvlgari Man Extreme Bvlgari Extrait De Parfum"},"content":{"rendered":"<p><b>Bvlgari Man Extreme<\/b>\u00a0de\u00a0<b>Bvlgari<\/b>\u00a0est un parfum Bois\u00e9 Aromatique pour homme.\u00a0<b>Bvlgari Man Extreme<\/b>\u00a0a \u00e9t\u00e9 lanc\u00e9 en 2013. Le nez derri\u00e8re ce parfum est Alberto Morillas. Les notes de t\u00eate sont Jus de cactus, Bergamote de Calabria et Pamplemousse rose; les notes de coeur sont Cardamome du Guat\u00e9mala, Freesia et Ambre; les notes de fond sont V\u00e9tiver de Ha\u00efti, Notes bois\u00e9es et Benjoin.<\/p>\n","protected":false},"excerpt":{"rendered":"<p><b>Bvlgari Man Extreme<\/b>\u00a0de\u00a0<b>Bvlgari<\/b>\u00a0est un parfum Bois\u00e9 Aromatique pour homme.\u00a0<b>Bvlgari Man Extreme<\/b>\u00a0a \u00e9t\u00e9 lanc\u00e9 en 2013. Le nez derri\u00e8re ce parfum est Alberto Morillas. Les notes de t\u00eate sont Jus de cactus, Bergamote de Calabria et Pamplemousse rose; les notes de coeur sont Cardamome du Guat\u00e9mala, Freesia et Ambre; les notes de fond sont V\u00e9tiver de Ha\u00efti, Notes bois\u00e9es et Benjoin.<\/p>\n","protected":false},"featured_media":4917,"comment_status":"open","ping_status":"closed","template":"","meta":[],"product_brand":[],"product_cat":[195],"product_tag":[219,204],"class_list":{"0":"post-4914","1":"product","2":"type-product","3":"status-publish","4":"has-post-thumbnail","6":"product_cat-parfum-homme","7":"product_tag-bvlgari","8":"product_tag-parfum-homme","10":"first","11":"instock","12":"shipping-taxable","13":"purchasable","14":"product-type-variable","15":"has-default-attributes"},"jetpack_sharing_enabled":true,"_links":{"self":[{"href":"https:\/\/benchaaben-fragrance.com\/index.php?rest_route=\/wp\/v2\/product\/4914","targetHints":{"allow":["GET"]}}],"collection":[{"href":"https:\/\/benchaaben-fragrance.com\/index.php?rest_route=\/wp\/v2\/product"}],"about":[{"href":"https:\/\/benchaaben-fragrance.com\/index.php?rest_route=\/wp\/v2\/types\/product"}],"replies":[{"embeddable":true,"href":"https:\/\/benchaaben-fragrance.com\/index.php?rest_route=%2Fwp%2Fv2%2Fcomments&post=4914"}],"wp:featuredmedia":[{"embeddable":true,"href":"https:\/\/benchaaben-fragrance.com\/index.php?rest_route=\/wp\/v2\/media\/4917"}],"wp:attachment":[{"href":"https:\/\/benchaaben-fragrance.com\/index.php?rest_route=%2Fwp%2Fv2%2Fmedia&parent=4914"}],"wp:term":[{"taxonomy":"product_brand","embeddable":true,"href":"https:\/\/benchaaben-fragrance.com\/index.php?rest_route=%2Fwp%2Fv2%2Fproduct_brand&post=4914"},{"taxonomy":"product_cat","embeddable":true,"href":"https:\/\/benchaaben-fragrance.com\/index.php?rest_route=%2Fwp%2Fv2%2Fproduct_cat&post=4914"},{"taxonomy":"product_tag","embeddable":true,"href":"https:\/\/benchaaben-fragrance.com\/index.php?rest_route=%2Fwp%2Fv2%2Fproduct_tag&post=4914"}],"curies":[{"name":"wp","href":"https:\/\/api.w.org\/{rel}","templated":true}]}}