{"id":4922,"date":"2024-12-24T10:52:00","date_gmt":"2024-12-24T09:52:00","guid":{"rendered":"https:\/\/benchaaben-fragrance.com\/?post_type=product&#038;p=4922"},"modified":"2024-12-24T10:53:00","modified_gmt":"2024-12-24T09:53:00","slug":"rendez-vous-a-paris-montale-extrait-de-parfum","status":"publish","type":"product","link":"https:\/\/benchaaben-fragrance.com\/?product=rendez-vous-a-paris-montale-extrait-de-parfum","title":{"rendered":"Rendez-vous \u00e0 Paris Montale Extrait De Parfum"},"content":{"rendered":"<p><b>Rendez-vous \u00e0 Paris<\/b>\u00a0de\u00a0<b>Montale<\/b>\u00a0est un parfum Orientale Floral pour homme et femme. C&rsquo;est un nouveau parfum.\u00a0<b>Rendez-vous \u00e0 Paris<\/b>\u00a0a \u00e9t\u00e9 lanc\u00e9 en 2023. Le nez derri\u00e8re ce parfum est Pierre Montale. Les notes de t\u00eate sont Poire et Rhubarbe; les notes de coeur sont P\u00e9tales de rose, Patchouli, Fleurs blanches et Gingembre; les notes de fond sont Musc, Sucre, Notes poudr\u00e9es, Vanille et Ambre gris.<\/p>\n","protected":false},"excerpt":{"rendered":"<p><b>Rendez-vous \u00e0 Paris<\/b>\u00a0de\u00a0<b>Montale<\/b>\u00a0est un parfum Orientale Floral pour homme et femme. C&rsquo;est un nouveau parfum.\u00a0<b>Rendez-vous \u00e0 Paris<\/b>\u00a0a \u00e9t\u00e9 lanc\u00e9 en 2023. Le nez derri\u00e8re ce parfum est Pierre Montale. Les notes de t\u00eate sont Poire et Rhubarbe; les notes de coeur sont P\u00e9tales de rose, Patchouli, Fleurs blanches et Gingembre; les notes de fond sont Musc, Sucre, Notes poudr\u00e9es, Vanille et Ambre gris.<\/p>\n","protected":false},"featured_media":4924,"comment_status":"open","ping_status":"closed","template":"","meta":[],"product_brand":[],"product_cat":[196,195,197],"product_tag":[250,198,204],"class_list":{"0":"post-4922","1":"product","2":"type-product","3":"status-publish","4":"has-post-thumbnail","6":"product_cat-parfum-femme","7":"product_cat-parfum-homme","8":"product_cat-parfum-unisexe","9":"product_tag-montale","10":"product_tag-parfum-femme","11":"product_tag-parfum-homme","13":"first","14":"instock","15":"shipping-taxable","16":"purchasable","17":"product-type-variable","18":"has-default-attributes"},"jetpack_sharing_enabled":true,"_links":{"self":[{"href":"https:\/\/benchaaben-fragrance.com\/index.php?rest_route=\/wp\/v2\/product\/4922","targetHints":{"allow":["GET"]}}],"collection":[{"href":"https:\/\/benchaaben-fragrance.com\/index.php?rest_route=\/wp\/v2\/product"}],"about":[{"href":"https:\/\/benchaaben-fragrance.com\/index.php?rest_route=\/wp\/v2\/types\/product"}],"replies":[{"embeddable":true,"href":"https:\/\/benchaaben-fragrance.com\/index.php?rest_route=%2Fwp%2Fv2%2Fcomments&post=4922"}],"wp:featuredmedia":[{"embeddable":true,"href":"https:\/\/benchaaben-fragrance.com\/index.php?rest_route=\/wp\/v2\/media\/4924"}],"wp:attachment":[{"href":"https:\/\/benchaaben-fragrance.com\/index.php?rest_route=%2Fwp%2Fv2%2Fmedia&parent=4922"}],"wp:term":[{"taxonomy":"product_brand","embeddable":true,"href":"https:\/\/benchaaben-fragrance.com\/index.php?rest_route=%2Fwp%2Fv2%2Fproduct_brand&post=4922"},{"taxonomy":"product_cat","embeddable":true,"href":"https:\/\/benchaaben-fragrance.com\/index.php?rest_route=%2Fwp%2Fv2%2Fproduct_cat&post=4922"},{"taxonomy":"product_tag","embeddable":true,"href":"https:\/\/benchaaben-fragrance.com\/index.php?rest_route=%2Fwp%2Fv2%2Fproduct_tag&post=4922"}],"curies":[{"name":"wp","href":"https:\/\/api.w.org\/{rel}","templated":true}]}}