{"id":4926,"date":"2024-12-24T10:57:12","date_gmt":"2024-12-24T09:57:12","guid":{"rendered":"https:\/\/benchaaben-fragrance.com\/?post_type=product&#038;p=4926"},"modified":"2024-12-24T10:58:01","modified_gmt":"2024-12-24T09:58:01","slug":"bvlgari-man-rain-essence-bvlgari-extrait-de-parfum","status":"publish","type":"product","link":"https:\/\/benchaaben-fragrance.com\/?product=bvlgari-man-rain-essence-bvlgari-extrait-de-parfum","title":{"rendered":"Bvlgari Man Rain Essence Bvlgari Extrait De Parfum"},"content":{"rendered":"<p><b>Bvlgari Man Rain Essence<\/b>\u00a0de\u00a0<b>Bvlgari<\/b>\u00a0est un parfum Floral Bois\u00e9 Musqu\u00e9 pour homme. C&rsquo;est un nouveau parfum.\u00a0<b>Bvlgari Man Rain Essence<\/b>\u00a0a \u00e9t\u00e9 lanc\u00e9 en 2023. Le nez derri\u00e8re ce parfum est Alberto Morillas. Les notes de t\u00eate sont Th\u00e9 vert et Orange; les notes de coeur sont Lotier d&rsquo;\u00c9gypte et Musc; les notes de fond sont Ga\u00efac et Ambre.<\/p>\n","protected":false},"excerpt":{"rendered":"<p><b>Bvlgari Man Rain Essence<\/b>\u00a0de\u00a0<b>Bvlgari<\/b>\u00a0est un parfum Floral Bois\u00e9 Musqu\u00e9 pour homme. C&rsquo;est un nouveau parfum.\u00a0<b>Bvlgari Man Rain Essence<\/b>\u00a0a \u00e9t\u00e9 lanc\u00e9 en 2023. Le nez derri\u00e8re ce parfum est Alberto Morillas. Les notes de t\u00eate sont Th\u00e9 vert et Orange; les notes de coeur sont Lotier d&rsquo;\u00c9gypte et Musc; les notes de fond sont Ga\u00efac et Ambre.<\/p>\n","protected":false},"featured_media":4928,"comment_status":"open","ping_status":"closed","template":"","meta":[],"product_brand":[],"product_cat":[195],"product_tag":[219,204],"class_list":{"0":"post-4926","1":"product","2":"type-product","3":"status-publish","4":"has-post-thumbnail","6":"product_cat-parfum-homme","7":"product_tag-bvlgari","8":"product_tag-parfum-homme","10":"first","11":"instock","12":"shipping-taxable","13":"purchasable","14":"product-type-variable","15":"has-default-attributes"},"jetpack_sharing_enabled":true,"_links":{"self":[{"href":"https:\/\/benchaaben-fragrance.com\/index.php?rest_route=\/wp\/v2\/product\/4926","targetHints":{"allow":["GET"]}}],"collection":[{"href":"https:\/\/benchaaben-fragrance.com\/index.php?rest_route=\/wp\/v2\/product"}],"about":[{"href":"https:\/\/benchaaben-fragrance.com\/index.php?rest_route=\/wp\/v2\/types\/product"}],"replies":[{"embeddable":true,"href":"https:\/\/benchaaben-fragrance.com\/index.php?rest_route=%2Fwp%2Fv2%2Fcomments&post=4926"}],"wp:featuredmedia":[{"embeddable":true,"href":"https:\/\/benchaaben-fragrance.com\/index.php?rest_route=\/wp\/v2\/media\/4928"}],"wp:attachment":[{"href":"https:\/\/benchaaben-fragrance.com\/index.php?rest_route=%2Fwp%2Fv2%2Fmedia&parent=4926"}],"wp:term":[{"taxonomy":"product_brand","embeddable":true,"href":"https:\/\/benchaaben-fragrance.com\/index.php?rest_route=%2Fwp%2Fv2%2Fproduct_brand&post=4926"},{"taxonomy":"product_cat","embeddable":true,"href":"https:\/\/benchaaben-fragrance.com\/index.php?rest_route=%2Fwp%2Fv2%2Fproduct_cat&post=4926"},{"taxonomy":"product_tag","embeddable":true,"href":"https:\/\/benchaaben-fragrance.com\/index.php?rest_route=%2Fwp%2Fv2%2Fproduct_tag&post=4926"}],"curies":[{"name":"wp","href":"https:\/\/api.w.org\/{rel}","templated":true}]}}