{"id":4942,"date":"2024-12-25T13:43:16","date_gmt":"2024-12-25T12:43:16","guid":{"rendered":"https:\/\/benchaaben-fragrance.com\/?post_type=product&#038;p=4942"},"modified":"2024-12-25T13:44:09","modified_gmt":"2024-12-25T12:44:09","slug":"fleur-narcotique-ex-nihilo-extrait-de-parfum","status":"publish","type":"product","link":"https:\/\/benchaaben-fragrance.com\/?product=fleur-narcotique-ex-nihilo-extrait-de-parfum","title":{"rendered":"Fleur Narcotique Ex Nihilo Extrait De Parfum"},"content":{"rendered":"<p><b>Fleur Narcotique<\/b>\u00a0de\u00a0<b>Ex Nihilo<\/b>\u00a0est un parfum Floral fruit\u00e9 pour homme et femme.\u00a0<b>Fleur Narcotique<\/b>\u00a0a \u00e9t\u00e9 lanc\u00e9 en 2014. Le nez derri\u00e8re ce parfum est Quentin Bisch. Les notes de t\u00eate sont Litchi, Bergamote et P\u00eache; les notes de coeur sont Pivoine, Fleur d&rsquo;oranger, Jasmin et Petalia; les notes de fond sont Musc, Mousse et Notes bois\u00e9es.<\/p>\n","protected":false},"excerpt":{"rendered":"<p><b>Fleur Narcotique<\/b>\u00a0de\u00a0<b>Ex Nihilo<\/b>\u00a0est un parfum Floral fruit\u00e9 pour homme et femme.\u00a0<b>Fleur Narcotique<\/b>\u00a0a \u00e9t\u00e9 lanc\u00e9 en 2014. Le nez derri\u00e8re ce parfum est Quentin Bisch. Les notes de t\u00eate sont Litchi, Bergamote et P\u00eache; les notes de coeur sont Pivoine, Fleur d&rsquo;oranger, Jasmin et Petalia; les notes de fond sont Musc, Mousse et Notes bois\u00e9es.<\/p>\n","protected":false},"featured_media":4945,"comment_status":"open","ping_status":"closed","template":"","meta":[],"product_brand":[],"product_cat":[196,195,197],"product_tag":[264,198,204],"class_list":{"0":"post-4942","1":"product","2":"type-product","3":"status-publish","4":"has-post-thumbnail","6":"product_cat-parfum-femme","7":"product_cat-parfum-homme","8":"product_cat-parfum-unisexe","9":"product_tag-ex-nihilo","10":"product_tag-parfum-femme","11":"product_tag-parfum-homme","13":"first","14":"instock","15":"shipping-taxable","16":"purchasable","17":"product-type-variable","18":"has-default-attributes"},"jetpack_sharing_enabled":true,"_links":{"self":[{"href":"https:\/\/benchaaben-fragrance.com\/index.php?rest_route=\/wp\/v2\/product\/4942","targetHints":{"allow":["GET"]}}],"collection":[{"href":"https:\/\/benchaaben-fragrance.com\/index.php?rest_route=\/wp\/v2\/product"}],"about":[{"href":"https:\/\/benchaaben-fragrance.com\/index.php?rest_route=\/wp\/v2\/types\/product"}],"replies":[{"embeddable":true,"href":"https:\/\/benchaaben-fragrance.com\/index.php?rest_route=%2Fwp%2Fv2%2Fcomments&post=4942"}],"wp:featuredmedia":[{"embeddable":true,"href":"https:\/\/benchaaben-fragrance.com\/index.php?rest_route=\/wp\/v2\/media\/4945"}],"wp:attachment":[{"href":"https:\/\/benchaaben-fragrance.com\/index.php?rest_route=%2Fwp%2Fv2%2Fmedia&parent=4942"}],"wp:term":[{"taxonomy":"product_brand","embeddable":true,"href":"https:\/\/benchaaben-fragrance.com\/index.php?rest_route=%2Fwp%2Fv2%2Fproduct_brand&post=4942"},{"taxonomy":"product_cat","embeddable":true,"href":"https:\/\/benchaaben-fragrance.com\/index.php?rest_route=%2Fwp%2Fv2%2Fproduct_cat&post=4942"},{"taxonomy":"product_tag","embeddable":true,"href":"https:\/\/benchaaben-fragrance.com\/index.php?rest_route=%2Fwp%2Fv2%2Fproduct_tag&post=4942"}],"curies":[{"name":"wp","href":"https:\/\/api.w.org\/{rel}","templated":true}]}}