{"id":4946,"date":"2024-12-25T13:47:26","date_gmt":"2024-12-25T12:47:26","guid":{"rendered":"https:\/\/benchaaben-fragrance.com\/?post_type=product&#038;p=4946"},"modified":"2024-12-25T13:48:19","modified_gmt":"2024-12-25T12:48:19","slug":"acqua-di-parma-colonia-acqua-di-parma-extrait-de-parfum","status":"publish","type":"product","link":"https:\/\/benchaaben-fragrance.com\/?product=acqua-di-parma-colonia-acqua-di-parma-extrait-de-parfum","title":{"rendered":"Acqua di Parma Colonia Acqua di Parma Extrait De Parfum"},"content":{"rendered":"<p><b>Acqua di Parma Colonia<\/b>\u00a0de\u00a0<b>Acqua di Parma<\/b>\u00a0est un parfum Hesp\u00e9rid\u00e9 pour homme et femme.\u00a0<b>Acqua di Parma Colonia<\/b>\u00a0a \u00e9t\u00e9 lanc\u00e9 en 1916.<\/p>\n","protected":false},"excerpt":{"rendered":"<p><b>Acqua di Parma Colonia<\/b>\u00a0de\u00a0<b>Acqua di Parma<\/b>\u00a0est un parfum Hesp\u00e9rid\u00e9 pour homme et femme.\u00a0<b>Acqua di Parma Colonia<\/b>\u00a0a \u00e9t\u00e9 lanc\u00e9 en 1916.<\/p>\n","protected":false},"featured_media":4949,"comment_status":"open","ping_status":"closed","template":"","meta":[],"product_brand":[],"product_cat":[196,195,197],"product_tag":[265,198,204],"class_list":{"0":"post-4946","1":"product","2":"type-product","3":"status-publish","4":"has-post-thumbnail","6":"product_cat-parfum-femme","7":"product_cat-parfum-homme","8":"product_cat-parfum-unisexe","9":"product_tag-acqua-di-parma","10":"product_tag-parfum-femme","11":"product_tag-parfum-homme","13":"first","14":"instock","15":"shipping-taxable","16":"purchasable","17":"product-type-variable","18":"has-default-attributes"},"jetpack_sharing_enabled":true,"_links":{"self":[{"href":"https:\/\/benchaaben-fragrance.com\/index.php?rest_route=\/wp\/v2\/product\/4946","targetHints":{"allow":["GET"]}}],"collection":[{"href":"https:\/\/benchaaben-fragrance.com\/index.php?rest_route=\/wp\/v2\/product"}],"about":[{"href":"https:\/\/benchaaben-fragrance.com\/index.php?rest_route=\/wp\/v2\/types\/product"}],"replies":[{"embeddable":true,"href":"https:\/\/benchaaben-fragrance.com\/index.php?rest_route=%2Fwp%2Fv2%2Fcomments&post=4946"}],"wp:featuredmedia":[{"embeddable":true,"href":"https:\/\/benchaaben-fragrance.com\/index.php?rest_route=\/wp\/v2\/media\/4949"}],"wp:attachment":[{"href":"https:\/\/benchaaben-fragrance.com\/index.php?rest_route=%2Fwp%2Fv2%2Fmedia&parent=4946"}],"wp:term":[{"taxonomy":"product_brand","embeddable":true,"href":"https:\/\/benchaaben-fragrance.com\/index.php?rest_route=%2Fwp%2Fv2%2Fproduct_brand&post=4946"},{"taxonomy":"product_cat","embeddable":true,"href":"https:\/\/benchaaben-fragrance.com\/index.php?rest_route=%2Fwp%2Fv2%2Fproduct_cat&post=4946"},{"taxonomy":"product_tag","embeddable":true,"href":"https:\/\/benchaaben-fragrance.com\/index.php?rest_route=%2Fwp%2Fv2%2Fproduct_tag&post=4946"}],"curies":[{"name":"wp","href":"https:\/\/api.w.org\/{rel}","templated":true}]}}