{"id":4978,"date":"2024-12-25T15:23:26","date_gmt":"2024-12-25T14:23:26","guid":{"rendered":"https:\/\/benchaaben-fragrance.com\/?post_type=product&#038;p=4978"},"modified":"2024-12-25T15:24:16","modified_gmt":"2024-12-25T14:24:16","slug":"arabians-tonka-montale-extrait-de-parfum","status":"publish","type":"product","link":"https:\/\/benchaaben-fragrance.com\/?product=arabians-tonka-montale-extrait-de-parfum","title":{"rendered":"Arabians Tonka Montale Extrait De Parfum"},"content":{"rendered":"<p><b>Arabians Tonka<\/b>\u00a0de\u00a0<b>Montale<\/b>\u00a0est un parfum Orientale bois\u00e9 pour homme et femme.\u00a0<b>Arabians Tonka<\/b>\u00a0a \u00e9t\u00e9 lanc\u00e9 en 2019. Les notes de t\u00eate sont Safran et Bergamote; les notes de coeur sont Oud et Rose de Bulgarie; les notes de fond sont F\u00e8ve de tonka, Canne \u00e0 sucre, Ambre, Musc blanc et Mousse de ch\u00eane.<\/p>\n","protected":false},"excerpt":{"rendered":"<p><b>Arabians Tonka<\/b>\u00a0de\u00a0<b>Montale<\/b>\u00a0est un parfum Orientale bois\u00e9 pour homme et femme.\u00a0<b>Arabians Tonka<\/b>\u00a0a \u00e9t\u00e9 lanc\u00e9 en 2019. Les notes de t\u00eate sont Safran et Bergamote; les notes de coeur sont Oud et Rose de Bulgarie; les notes de fond sont F\u00e8ve de tonka, Canne \u00e0 sucre, Ambre, Musc blanc et Mousse de ch\u00eane.<\/p>\n","protected":false},"featured_media":4981,"comment_status":"open","ping_status":"closed","template":"","meta":[],"product_brand":[],"product_cat":[196,195,197],"product_tag":[250,198,204],"class_list":{"0":"post-4978","1":"product","2":"type-product","3":"status-publish","4":"has-post-thumbnail","6":"product_cat-parfum-femme","7":"product_cat-parfum-homme","8":"product_cat-parfum-unisexe","9":"product_tag-montale","10":"product_tag-parfum-femme","11":"product_tag-parfum-homme","13":"first","14":"instock","15":"shipping-taxable","16":"purchasable","17":"product-type-variable","18":"has-default-attributes"},"jetpack_sharing_enabled":true,"_links":{"self":[{"href":"https:\/\/benchaaben-fragrance.com\/index.php?rest_route=\/wp\/v2\/product\/4978","targetHints":{"allow":["GET"]}}],"collection":[{"href":"https:\/\/benchaaben-fragrance.com\/index.php?rest_route=\/wp\/v2\/product"}],"about":[{"href":"https:\/\/benchaaben-fragrance.com\/index.php?rest_route=\/wp\/v2\/types\/product"}],"replies":[{"embeddable":true,"href":"https:\/\/benchaaben-fragrance.com\/index.php?rest_route=%2Fwp%2Fv2%2Fcomments&post=4978"}],"wp:featuredmedia":[{"embeddable":true,"href":"https:\/\/benchaaben-fragrance.com\/index.php?rest_route=\/wp\/v2\/media\/4981"}],"wp:attachment":[{"href":"https:\/\/benchaaben-fragrance.com\/index.php?rest_route=%2Fwp%2Fv2%2Fmedia&parent=4978"}],"wp:term":[{"taxonomy":"product_brand","embeddable":true,"href":"https:\/\/benchaaben-fragrance.com\/index.php?rest_route=%2Fwp%2Fv2%2Fproduct_brand&post=4978"},{"taxonomy":"product_cat","embeddable":true,"href":"https:\/\/benchaaben-fragrance.com\/index.php?rest_route=%2Fwp%2Fv2%2Fproduct_cat&post=4978"},{"taxonomy":"product_tag","embeddable":true,"href":"https:\/\/benchaaben-fragrance.com\/index.php?rest_route=%2Fwp%2Fv2%2Fproduct_tag&post=4978"}],"curies":[{"name":"wp","href":"https:\/\/api.w.org\/{rel}","templated":true}]}}