{"id":4982,"date":"2024-12-25T15:27:34","date_gmt":"2024-12-25T14:27:34","guid":{"rendered":"https:\/\/benchaaben-fragrance.com\/?post_type=product&#038;p=4982"},"modified":"2025-10-03T02:14:45","modified_gmt":"2025-10-03T01:14:45","slug":"patchouli-ardent-guerlain-extrait-de-parfum","status":"publish","type":"product","link":"https:\/\/benchaaben-fragrance.com\/?product=patchouli-ardent-guerlain-extrait-de-parfum","title":{"rendered":"Patchouli Ardent Guerlain Extrait De Parfum"},"content":{"rendered":"<p><b>Patchouli Ardent<\/b>\u00a0de\u00a0<b>Guerlain<\/b>\u00a0est un parfum Bois\u00e9 Floral Musqu\u00e9 pour homme et femme. C&rsquo;est un nouveau parfum.\u00a0<b>Patchouli Ardent<\/b>\u00a0a \u00e9t\u00e9 lanc\u00e9 en 2024. Le nez derri\u00e8re ce parfum est Thierry Wasser.<\/p>\n","protected":false},"excerpt":{"rendered":"<p><b>Patchouli Ardent<\/b>\u00a0de\u00a0<b>Guerlain<\/b>\u00a0est un parfum Bois\u00e9 Floral Musqu\u00e9 pour homme et femme. C&rsquo;est un nouveau parfum.\u00a0<b>Patchouli Ardent<\/b>\u00a0a \u00e9t\u00e9 lanc\u00e9 en 2024. Le nez derri\u00e8re ce parfum est Thierry Wasser.<\/p>\n","protected":false},"featured_media":4985,"comment_status":"open","ping_status":"closed","template":"","meta":[],"product_brand":[],"product_cat":[196,195,197],"product_tag":[211,198,204],"class_list":{"0":"post-4982","1":"product","2":"type-product","3":"status-publish","4":"has-post-thumbnail","6":"product_cat-parfum-femme","7":"product_cat-parfum-homme","8":"product_cat-parfum-unisexe","9":"product_tag-guerlain","10":"product_tag-parfum-femme","11":"product_tag-parfum-homme","13":"first","14":"instock","15":"shipping-taxable","16":"purchasable","17":"product-type-variable","18":"has-default-attributes"},"jetpack_sharing_enabled":true,"_links":{"self":[{"href":"https:\/\/benchaaben-fragrance.com\/index.php?rest_route=\/wp\/v2\/product\/4982","targetHints":{"allow":["GET"]}}],"collection":[{"href":"https:\/\/benchaaben-fragrance.com\/index.php?rest_route=\/wp\/v2\/product"}],"about":[{"href":"https:\/\/benchaaben-fragrance.com\/index.php?rest_route=\/wp\/v2\/types\/product"}],"replies":[{"embeddable":true,"href":"https:\/\/benchaaben-fragrance.com\/index.php?rest_route=%2Fwp%2Fv2%2Fcomments&post=4982"}],"wp:featuredmedia":[{"embeddable":true,"href":"https:\/\/benchaaben-fragrance.com\/index.php?rest_route=\/wp\/v2\/media\/4985"}],"wp:attachment":[{"href":"https:\/\/benchaaben-fragrance.com\/index.php?rest_route=%2Fwp%2Fv2%2Fmedia&parent=4982"}],"wp:term":[{"taxonomy":"product_brand","embeddable":true,"href":"https:\/\/benchaaben-fragrance.com\/index.php?rest_route=%2Fwp%2Fv2%2Fproduct_brand&post=4982"},{"taxonomy":"product_cat","embeddable":true,"href":"https:\/\/benchaaben-fragrance.com\/index.php?rest_route=%2Fwp%2Fv2%2Fproduct_cat&post=4982"},{"taxonomy":"product_tag","embeddable":true,"href":"https:\/\/benchaaben-fragrance.com\/index.php?rest_route=%2Fwp%2Fv2%2Fproduct_tag&post=4982"}],"curies":[{"name":"wp","href":"https:\/\/api.w.org\/{rel}","templated":true}]}}