{"id":4986,"date":"2024-12-25T15:42:34","date_gmt":"2024-12-25T14:42:34","guid":{"rendered":"https:\/\/benchaaben-fragrance.com\/?post_type=product&#038;p=4986"},"modified":"2024-12-25T15:43:48","modified_gmt":"2024-12-25T14:43:48","slug":"groove-xcape-xerjoff-extrait-de-parfum","status":"publish","type":"product","link":"https:\/\/benchaaben-fragrance.com\/?product=groove-xcape-xerjoff-extrait-de-parfum","title":{"rendered":"Groove Xcape Xerjoff Extrait De Parfum"},"content":{"rendered":"<p><b>Groove Xcape<\/b>\u00a0de\u00a0<b>Xerjoff<\/b>\u00a0est un parfum pour homme et femme. C&rsquo;est un nouveau parfum.\u00a0<b>Groove Xcape<\/b>\u00a0a \u00e9t\u00e9 lanc\u00e9 en 2023. Les notes de t\u00eate sont Poivre, \u00c9l\u00e9mi, Cardamome et Gingembre; les notes de coeur sont Myrrhe, Encens, Mimosa et Rose; les notes de fond sont C\u00e8dre, Ciste, Benjoin et Patchouli.<\/p>\n","protected":false},"excerpt":{"rendered":"<p><b>Groove Xcape<\/b>\u00a0de\u00a0<b>Xerjoff<\/b>\u00a0est un parfum pour homme et femme. C&rsquo;est un nouveau parfum.\u00a0<b>Groove Xcape<\/b>\u00a0a \u00e9t\u00e9 lanc\u00e9 en 2023. Les notes de t\u00eate sont Poivre, \u00c9l\u00e9mi, Cardamome et Gingembre; les notes de coeur sont Myrrhe, Encens, Mimosa et Rose; les notes de fond sont C\u00e8dre, Ciste, Benjoin et Patchouli.<\/p>\n","protected":false},"featured_media":4989,"comment_status":"open","ping_status":"closed","template":"","meta":[],"product_brand":[],"product_cat":[196,195,197],"product_tag":[198,204,213],"class_list":{"0":"post-4986","1":"product","2":"type-product","3":"status-publish","4":"has-post-thumbnail","6":"product_cat-parfum-femme","7":"product_cat-parfum-homme","8":"product_cat-parfum-unisexe","9":"product_tag-parfum-femme","10":"product_tag-parfum-homme","11":"product_tag-xerjoff","13":"first","14":"instock","15":"shipping-taxable","16":"purchasable","17":"product-type-variable","18":"has-default-attributes"},"jetpack_sharing_enabled":true,"_links":{"self":[{"href":"https:\/\/benchaaben-fragrance.com\/index.php?rest_route=\/wp\/v2\/product\/4986","targetHints":{"allow":["GET"]}}],"collection":[{"href":"https:\/\/benchaaben-fragrance.com\/index.php?rest_route=\/wp\/v2\/product"}],"about":[{"href":"https:\/\/benchaaben-fragrance.com\/index.php?rest_route=\/wp\/v2\/types\/product"}],"replies":[{"embeddable":true,"href":"https:\/\/benchaaben-fragrance.com\/index.php?rest_route=%2Fwp%2Fv2%2Fcomments&post=4986"}],"wp:featuredmedia":[{"embeddable":true,"href":"https:\/\/benchaaben-fragrance.com\/index.php?rest_route=\/wp\/v2\/media\/4989"}],"wp:attachment":[{"href":"https:\/\/benchaaben-fragrance.com\/index.php?rest_route=%2Fwp%2Fv2%2Fmedia&parent=4986"}],"wp:term":[{"taxonomy":"product_brand","embeddable":true,"href":"https:\/\/benchaaben-fragrance.com\/index.php?rest_route=%2Fwp%2Fv2%2Fproduct_brand&post=4986"},{"taxonomy":"product_cat","embeddable":true,"href":"https:\/\/benchaaben-fragrance.com\/index.php?rest_route=%2Fwp%2Fv2%2Fproduct_cat&post=4986"},{"taxonomy":"product_tag","embeddable":true,"href":"https:\/\/benchaaben-fragrance.com\/index.php?rest_route=%2Fwp%2Fv2%2Fproduct_tag&post=4986"}],"curies":[{"name":"wp","href":"https:\/\/api.w.org\/{rel}","templated":true}]}}