{"id":4990,"date":"2024-12-25T15:46:49","date_gmt":"2024-12-25T14:46:49","guid":{"rendered":"https:\/\/benchaaben-fragrance.com\/?post_type=product&#038;p=4990"},"modified":"2024-12-25T15:47:42","modified_gmt":"2024-12-25T14:47:42","slug":"oud-storm-burberry-extrait-de-parfum","status":"publish","type":"product","link":"https:\/\/benchaaben-fragrance.com\/?product=oud-storm-burberry-extrait-de-parfum","title":{"rendered":"Oud Storm Burberry Extrait De Parfum"},"content":{"rendered":"<p><b>Oud Storm<\/b>\u00a0de\u00a0<b>Burberry<\/b>\u00a0est un parfum Bois\u00e9 \u00c9pic\u00e9 pour homme et femme. C&rsquo;est un nouveau parfum.\u00a0<b>Oud Storm<\/b>\u00a0a \u00e9t\u00e9 lanc\u00e9 en 2023. Les notes de t\u00eate sont Cardamone et Poivre noir; la note de coeur est Ch\u00eane; la note de fond est Oud.<\/p>\n","protected":false},"excerpt":{"rendered":"<p><b>Oud Storm<\/b>\u00a0de\u00a0<b>Burberry<\/b>\u00a0est un parfum Bois\u00e9 \u00c9pic\u00e9 pour homme et femme. C&rsquo;est un nouveau parfum.\u00a0<b>Oud Storm<\/b>\u00a0a \u00e9t\u00e9 lanc\u00e9 en 2023. Les notes de t\u00eate sont Cardamone et Poivre noir; la note de coeur est Ch\u00eane; la note de fond est Oud.<\/p>\n","protected":false},"featured_media":4993,"comment_status":"open","ping_status":"closed","template":"","meta":[],"product_brand":[],"product_cat":[196,195,197],"product_tag":[271,198,204],"class_list":{"0":"post-4990","1":"product","2":"type-product","3":"status-publish","4":"has-post-thumbnail","6":"product_cat-parfum-femme","7":"product_cat-parfum-homme","8":"product_cat-parfum-unisexe","9":"product_tag-burberry","10":"product_tag-parfum-femme","11":"product_tag-parfum-homme","13":"first","14":"instock","15":"shipping-taxable","16":"purchasable","17":"product-type-variable","18":"has-default-attributes"},"jetpack_sharing_enabled":true,"_links":{"self":[{"href":"https:\/\/benchaaben-fragrance.com\/index.php?rest_route=\/wp\/v2\/product\/4990","targetHints":{"allow":["GET"]}}],"collection":[{"href":"https:\/\/benchaaben-fragrance.com\/index.php?rest_route=\/wp\/v2\/product"}],"about":[{"href":"https:\/\/benchaaben-fragrance.com\/index.php?rest_route=\/wp\/v2\/types\/product"}],"replies":[{"embeddable":true,"href":"https:\/\/benchaaben-fragrance.com\/index.php?rest_route=%2Fwp%2Fv2%2Fcomments&post=4990"}],"wp:featuredmedia":[{"embeddable":true,"href":"https:\/\/benchaaben-fragrance.com\/index.php?rest_route=\/wp\/v2\/media\/4993"}],"wp:attachment":[{"href":"https:\/\/benchaaben-fragrance.com\/index.php?rest_route=%2Fwp%2Fv2%2Fmedia&parent=4990"}],"wp:term":[{"taxonomy":"product_brand","embeddable":true,"href":"https:\/\/benchaaben-fragrance.com\/index.php?rest_route=%2Fwp%2Fv2%2Fproduct_brand&post=4990"},{"taxonomy":"product_cat","embeddable":true,"href":"https:\/\/benchaaben-fragrance.com\/index.php?rest_route=%2Fwp%2Fv2%2Fproduct_cat&post=4990"},{"taxonomy":"product_tag","embeddable":true,"href":"https:\/\/benchaaben-fragrance.com\/index.php?rest_route=%2Fwp%2Fv2%2Fproduct_tag&post=4990"}],"curies":[{"name":"wp","href":"https:\/\/api.w.org\/{rel}","templated":true}]}}