{"id":4994,"date":"2024-12-25T15:51:04","date_gmt":"2024-12-25T14:51:04","guid":{"rendered":"https:\/\/benchaaben-fragrance.com\/?post_type=product&#038;p=4994"},"modified":"2024-12-25T15:51:57","modified_gmt":"2024-12-25T14:51:57","slug":"royal-oud-creed-extrait-de-parfum","status":"publish","type":"product","link":"https:\/\/benchaaben-fragrance.com\/?product=royal-oud-creed-extrait-de-parfum","title":{"rendered":"Royal Oud Creed Extrait De Parfum"},"content":{"rendered":"<p><b>Royal Oud<\/b>\u00a0de\u00a0<b>Creed<\/b>\u00a0est un parfum Orientale Foug\u00e8re pour homme et femme.\u00a0<b>Royal Oud<\/b>\u00a0a \u00e9t\u00e9 lanc\u00e9 en 2011. Royal Oud a \u00e9t\u00e9 cr\u00e9\u00e9 par Olivier Creed et Julien Rasquinet. Les notes de t\u00eate sont Poivre rose, Citron et Bergamote de Sicile; les notes de coeur sont C\u00e8dre, Ang\u00e9lique et F\u00e9rule gommeuse; les notes de fond sont Bois de santal, Oud et Musc.<\/p>\n","protected":false},"excerpt":{"rendered":"<p><b>Royal Oud<\/b>\u00a0de\u00a0<b>Creed<\/b>\u00a0est un parfum Orientale Foug\u00e8re pour homme et femme.\u00a0<b>Royal Oud<\/b>\u00a0a \u00e9t\u00e9 lanc\u00e9 en 2011. Royal Oud a \u00e9t\u00e9 cr\u00e9\u00e9 par Olivier Creed et Julien Rasquinet. Les notes de t\u00eate sont Poivre rose, Citron et Bergamote de Sicile; les notes de coeur sont C\u00e8dre, Ang\u00e9lique et F\u00e9rule gommeuse; les notes de fond sont Bois de santal, Oud et Musc.<\/p>\n","protected":false},"featured_media":4997,"comment_status":"open","ping_status":"closed","template":"","meta":[],"product_brand":[],"product_cat":[196,195,197],"product_tag":[218,198,204],"class_list":{"0":"post-4994","1":"product","2":"type-product","3":"status-publish","4":"has-post-thumbnail","6":"product_cat-parfum-femme","7":"product_cat-parfum-homme","8":"product_cat-parfum-unisexe","9":"product_tag-creed","10":"product_tag-parfum-femme","11":"product_tag-parfum-homme","13":"first","14":"instock","15":"shipping-taxable","16":"purchasable","17":"product-type-variable","18":"has-default-attributes"},"jetpack_sharing_enabled":true,"_links":{"self":[{"href":"https:\/\/benchaaben-fragrance.com\/index.php?rest_route=\/wp\/v2\/product\/4994","targetHints":{"allow":["GET"]}}],"collection":[{"href":"https:\/\/benchaaben-fragrance.com\/index.php?rest_route=\/wp\/v2\/product"}],"about":[{"href":"https:\/\/benchaaben-fragrance.com\/index.php?rest_route=\/wp\/v2\/types\/product"}],"replies":[{"embeddable":true,"href":"https:\/\/benchaaben-fragrance.com\/index.php?rest_route=%2Fwp%2Fv2%2Fcomments&post=4994"}],"wp:featuredmedia":[{"embeddable":true,"href":"https:\/\/benchaaben-fragrance.com\/index.php?rest_route=\/wp\/v2\/media\/4997"}],"wp:attachment":[{"href":"https:\/\/benchaaben-fragrance.com\/index.php?rest_route=%2Fwp%2Fv2%2Fmedia&parent=4994"}],"wp:term":[{"taxonomy":"product_brand","embeddable":true,"href":"https:\/\/benchaaben-fragrance.com\/index.php?rest_route=%2Fwp%2Fv2%2Fproduct_brand&post=4994"},{"taxonomy":"product_cat","embeddable":true,"href":"https:\/\/benchaaben-fragrance.com\/index.php?rest_route=%2Fwp%2Fv2%2Fproduct_cat&post=4994"},{"taxonomy":"product_tag","embeddable":true,"href":"https:\/\/benchaaben-fragrance.com\/index.php?rest_route=%2Fwp%2Fv2%2Fproduct_tag&post=4994"}],"curies":[{"name":"wp","href":"https:\/\/api.w.org\/{rel}","templated":true}]}}