{"id":5002,"date":"2024-12-25T21:26:20","date_gmt":"2024-12-25T20:26:20","guid":{"rendered":"https:\/\/benchaaben-fragrance.com\/?post_type=product&#038;p=5002"},"modified":"2024-12-25T21:27:26","modified_gmt":"2024-12-25T20:27:26","slug":"khamrah-lattafa-perfumes-extrait-de-parfum","status":"publish","type":"product","link":"https:\/\/benchaaben-fragrance.com\/?product=khamrah-lattafa-perfumes-extrait-de-parfum","title":{"rendered":"Khamrah Lattafa Perfumes Extrait De Parfum"},"content":{"rendered":"<p><b>Khamrah<\/b>\u00a0de\u00a0<b>Lattafa Perfumes<\/b>\u00a0est un parfum Aromatique \u00c9pic\u00e9 pour homme et femme. C&rsquo;est un nouveau parfum.\u00a0<b>Khamrah<\/b>\u00a0a \u00e9t\u00e9 lanc\u00e9 en 2022. Les notes de t\u00eate sont Cannelle, Noix de muscade et Bergamote; les notes de coeur sont Dates, Pralin\u00e9, Tub\u00e9reuse et Mahonial; les notes de fond sont Vanille, F\u00e8ve de tonka, Amberwood, Myrrhe, Benjoin et Bois d&rsquo;Akigala.<\/p>\n","protected":false},"excerpt":{"rendered":"<p><b>Khamrah<\/b>\u00a0de\u00a0<b>Lattafa Perfumes<\/b>\u00a0est un parfum Aromatique \u00c9pic\u00e9 pour homme et femme. C&rsquo;est un nouveau parfum.\u00a0<b>Khamrah<\/b>\u00a0a \u00e9t\u00e9 lanc\u00e9 en 2022. Les notes de t\u00eate sont Cannelle, Noix de muscade et Bergamote; les notes de coeur sont Dates, Pralin\u00e9, Tub\u00e9reuse et Mahonial; les notes de fond sont Vanille, F\u00e8ve de tonka, Amberwood, Myrrhe, Benjoin et Bois d&rsquo;Akigala.<\/p>\n","protected":false},"featured_media":5005,"comment_status":"open","ping_status":"closed","template":"","meta":[],"product_brand":[],"product_cat":[196,195,197],"product_tag":[272,198,204],"class_list":{"0":"post-5002","1":"product","2":"type-product","3":"status-publish","4":"has-post-thumbnail","6":"product_cat-parfum-femme","7":"product_cat-parfum-homme","8":"product_cat-parfum-unisexe","9":"product_tag-lattafa-perfumes","10":"product_tag-parfum-femme","11":"product_tag-parfum-homme","13":"first","14":"instock","15":"shipping-taxable","16":"purchasable","17":"product-type-variable","18":"has-default-attributes"},"jetpack_sharing_enabled":true,"_links":{"self":[{"href":"https:\/\/benchaaben-fragrance.com\/index.php?rest_route=\/wp\/v2\/product\/5002","targetHints":{"allow":["GET"]}}],"collection":[{"href":"https:\/\/benchaaben-fragrance.com\/index.php?rest_route=\/wp\/v2\/product"}],"about":[{"href":"https:\/\/benchaaben-fragrance.com\/index.php?rest_route=\/wp\/v2\/types\/product"}],"replies":[{"embeddable":true,"href":"https:\/\/benchaaben-fragrance.com\/index.php?rest_route=%2Fwp%2Fv2%2Fcomments&post=5002"}],"wp:featuredmedia":[{"embeddable":true,"href":"https:\/\/benchaaben-fragrance.com\/index.php?rest_route=\/wp\/v2\/media\/5005"}],"wp:attachment":[{"href":"https:\/\/benchaaben-fragrance.com\/index.php?rest_route=%2Fwp%2Fv2%2Fmedia&parent=5002"}],"wp:term":[{"taxonomy":"product_brand","embeddable":true,"href":"https:\/\/benchaaben-fragrance.com\/index.php?rest_route=%2Fwp%2Fv2%2Fproduct_brand&post=5002"},{"taxonomy":"product_cat","embeddable":true,"href":"https:\/\/benchaaben-fragrance.com\/index.php?rest_route=%2Fwp%2Fv2%2Fproduct_cat&post=5002"},{"taxonomy":"product_tag","embeddable":true,"href":"https:\/\/benchaaben-fragrance.com\/index.php?rest_route=%2Fwp%2Fv2%2Fproduct_tag&post=5002"}],"curies":[{"name":"wp","href":"https:\/\/api.w.org\/{rel}","templated":true}]}}