{"id":5006,"date":"2024-12-25T21:37:50","date_gmt":"2024-12-25T20:37:50","guid":{"rendered":"https:\/\/benchaaben-fragrance.com\/?post_type=product&#038;p=5006"},"modified":"2024-12-25T21:38:46","modified_gmt":"2024-12-25T20:38:46","slug":"rose-damalfi-tom-ford-extrait-de-parfum","status":"publish","type":"product","link":"https:\/\/benchaaben-fragrance.com\/?product=rose-damalfi-tom-ford-extrait-de-parfum","title":{"rendered":"Rose D&rsquo;Amalfi Tom Ford Extrait De Parfum"},"content":{"rendered":"<p><b>Rose D&rsquo;Amalfi<\/b>\u00a0de\u00a0<b>Tom Ford<\/b>\u00a0est un parfum Floral fruit\u00e9 pour homme et femme. C&rsquo;est un nouveau parfum.\u00a0<b>Rose D&rsquo;Amalfi<\/b>\u00a0a \u00e9t\u00e9 lanc\u00e9 en 2022. Les notes de t\u00eate sont Poivre rose, Bergamote et Mandarine d&rsquo;Inde; la note de coeur est Rose; les notes de fond sont H\u00e9liotrope et Amande.<\/p>\n","protected":false},"excerpt":{"rendered":"<p><b>Rose D&rsquo;Amalfi<\/b>\u00a0de\u00a0<b>Tom Ford<\/b>\u00a0est un parfum Floral fruit\u00e9 pour homme et femme. C&rsquo;est un nouveau parfum.\u00a0<b>Rose D&rsquo;Amalfi<\/b>\u00a0a \u00e9t\u00e9 lanc\u00e9 en 2022. Les notes de t\u00eate sont Poivre rose, Bergamote et Mandarine d&rsquo;Inde; la note de coeur est Rose; les notes de fond sont H\u00e9liotrope et Amande.<\/p>\n","protected":false},"featured_media":5009,"comment_status":"open","ping_status":"closed","template":"","meta":[],"product_brand":[],"product_cat":[196,195,197],"product_tag":[198,204,236],"class_list":{"0":"post-5006","1":"product","2":"type-product","3":"status-publish","4":"has-post-thumbnail","6":"product_cat-parfum-femme","7":"product_cat-parfum-homme","8":"product_cat-parfum-unisexe","9":"product_tag-parfum-femme","10":"product_tag-parfum-homme","11":"product_tag-tom-ford","13":"first","14":"instock","15":"shipping-taxable","16":"purchasable","17":"product-type-variable","18":"has-default-attributes"},"jetpack_sharing_enabled":true,"_links":{"self":[{"href":"https:\/\/benchaaben-fragrance.com\/index.php?rest_route=\/wp\/v2\/product\/5006","targetHints":{"allow":["GET"]}}],"collection":[{"href":"https:\/\/benchaaben-fragrance.com\/index.php?rest_route=\/wp\/v2\/product"}],"about":[{"href":"https:\/\/benchaaben-fragrance.com\/index.php?rest_route=\/wp\/v2\/types\/product"}],"replies":[{"embeddable":true,"href":"https:\/\/benchaaben-fragrance.com\/index.php?rest_route=%2Fwp%2Fv2%2Fcomments&post=5006"}],"wp:featuredmedia":[{"embeddable":true,"href":"https:\/\/benchaaben-fragrance.com\/index.php?rest_route=\/wp\/v2\/media\/5009"}],"wp:attachment":[{"href":"https:\/\/benchaaben-fragrance.com\/index.php?rest_route=%2Fwp%2Fv2%2Fmedia&parent=5006"}],"wp:term":[{"taxonomy":"product_brand","embeddable":true,"href":"https:\/\/benchaaben-fragrance.com\/index.php?rest_route=%2Fwp%2Fv2%2Fproduct_brand&post=5006"},{"taxonomy":"product_cat","embeddable":true,"href":"https:\/\/benchaaben-fragrance.com\/index.php?rest_route=%2Fwp%2Fv2%2Fproduct_cat&post=5006"},{"taxonomy":"product_tag","embeddable":true,"href":"https:\/\/benchaaben-fragrance.com\/index.php?rest_route=%2Fwp%2Fv2%2Fproduct_tag&post=5006"}],"curies":[{"name":"wp","href":"https:\/\/api.w.org\/{rel}","templated":true}]}}