{"id":5022,"date":"2024-12-26T10:21:05","date_gmt":"2024-12-26T09:21:05","guid":{"rendered":"https:\/\/benchaaben-fragrance.com\/?post_type=product&#038;p=5022"},"modified":"2025-05-19T04:24:35","modified_gmt":"2025-05-19T03:24:35","slug":"red-tobacco-mancera-extrait-de-parfum","status":"publish","type":"product","link":"https:\/\/benchaaben-fragrance.com\/?product=red-tobacco-mancera-extrait-de-parfum","title":{"rendered":"Red Tobacco Mancera Extrait De Parfum"},"content":{"rendered":"<p><b>Red Tobacco<\/b>\u00a0de\u00a0<b>Mancera<\/b>\u00a0est un parfum Bois\u00e9 \u00c9pic\u00e9 pour homme et femme.\u00a0<b>Red Tobacco<\/b>\u00a0a \u00e9t\u00e9 lanc\u00e9 en 2017. Le nez derri\u00e8re ce parfum est Pierre Montale. Les notes de t\u00eate sont Cannelle, Oud, Encens, Safran, Noix de muscade, Pomme verte et Poire blanche; les notes de coeur sont Patchouli et Jasmin; les notes de fond sont Tabac, Vanille de Madagascar, Ambre, Bois de santal, Ga\u00efac, Musc blanc et V\u00e9tiver de Ha\u00efti.<\/p>\n","protected":false},"excerpt":{"rendered":"<p><b>Red Tobacco<\/b>\u00a0de\u00a0<b>Mancera<\/b>\u00a0est un parfum Bois\u00e9 \u00c9pic\u00e9 pour homme et femme.\u00a0<b>Red Tobacco<\/b>\u00a0a \u00e9t\u00e9 lanc\u00e9 en 2017. Le nez derri\u00e8re ce parfum est Pierre Montale. Les notes de t\u00eate sont Cannelle, Oud, Encens, Safran, Noix de muscade, Pomme verte et Poire blanche; les notes de coeur sont Patchouli et Jasmin; les notes de fond sont Tabac, Vanille de Madagascar, Ambre, Bois de santal, Ga\u00efac, Musc blanc et V\u00e9tiver de Ha\u00efti.<\/p>\n","protected":false},"featured_media":5025,"comment_status":"open","ping_status":"closed","template":"","meta":[],"product_brand":[],"product_cat":[196,195,197],"product_tag":[267,198,204],"class_list":{"0":"post-5022","1":"product","2":"type-product","3":"status-publish","4":"has-post-thumbnail","6":"product_cat-parfum-femme","7":"product_cat-parfum-homme","8":"product_cat-parfum-unisexe","9":"product_tag-mancera","10":"product_tag-parfum-femme","11":"product_tag-parfum-homme","13":"first","14":"instock","15":"shipping-taxable","16":"purchasable","17":"product-type-variable","18":"has-default-attributes"},"jetpack_sharing_enabled":true,"_links":{"self":[{"href":"https:\/\/benchaaben-fragrance.com\/index.php?rest_route=\/wp\/v2\/product\/5022","targetHints":{"allow":["GET"]}}],"collection":[{"href":"https:\/\/benchaaben-fragrance.com\/index.php?rest_route=\/wp\/v2\/product"}],"about":[{"href":"https:\/\/benchaaben-fragrance.com\/index.php?rest_route=\/wp\/v2\/types\/product"}],"replies":[{"embeddable":true,"href":"https:\/\/benchaaben-fragrance.com\/index.php?rest_route=%2Fwp%2Fv2%2Fcomments&post=5022"}],"wp:featuredmedia":[{"embeddable":true,"href":"https:\/\/benchaaben-fragrance.com\/index.php?rest_route=\/wp\/v2\/media\/5025"}],"wp:attachment":[{"href":"https:\/\/benchaaben-fragrance.com\/index.php?rest_route=%2Fwp%2Fv2%2Fmedia&parent=5022"}],"wp:term":[{"taxonomy":"product_brand","embeddable":true,"href":"https:\/\/benchaaben-fragrance.com\/index.php?rest_route=%2Fwp%2Fv2%2Fproduct_brand&post=5022"},{"taxonomy":"product_cat","embeddable":true,"href":"https:\/\/benchaaben-fragrance.com\/index.php?rest_route=%2Fwp%2Fv2%2Fproduct_cat&post=5022"},{"taxonomy":"product_tag","embeddable":true,"href":"https:\/\/benchaaben-fragrance.com\/index.php?rest_route=%2Fwp%2Fv2%2Fproduct_tag&post=5022"}],"curies":[{"name":"wp","href":"https:\/\/api.w.org\/{rel}","templated":true}]}}