{"id":5026,"date":"2024-12-26T10:44:47","date_gmt":"2024-12-26T09:44:47","guid":{"rendered":"https:\/\/benchaaben-fragrance.com\/?post_type=product&#038;p=5026"},"modified":"2025-05-19T04:24:01","modified_gmt":"2025-05-19T03:24:01","slug":"matiere-noire-louis-vuitton-extrait-de-parfum","status":"publish","type":"product","link":"https:\/\/benchaaben-fragrance.com\/?product=matiere-noire-louis-vuitton-extrait-de-parfum","title":{"rendered":"Mati\u00e8re Noire Louis Vuitton Extrait De Parfum"},"content":{"rendered":"<p><b>Mati\u00e8re Noire<\/b>\u00a0de\u00a0<b>Louis Vuitton<\/b>\u00a0est un parfum Orientale bois\u00e9 pour femme.\u00a0<b>Mati\u00e8re Noire<\/b>\u00a0a \u00e9t\u00e9 lanc\u00e9 en 2016. Le nez derri\u00e8re ce parfum est Jacques Cavallier Belletrud. Les notes de t\u00eate sont Sirop de cassis et Notes aquatiques; les notes de coeur sont Rose, Cyclamen, Narcissus et Jasmin Sambac; les notes de fond sont Patchouli, Oud, Encens et Benjoin.<\/p>\n","protected":false},"excerpt":{"rendered":"<p><b>Mati\u00e8re Noire<\/b>\u00a0de\u00a0<b>Louis Vuitton<\/b>\u00a0est un parfum Orientale bois\u00e9 pour femme.\u00a0<b>Mati\u00e8re Noire<\/b>\u00a0a \u00e9t\u00e9 lanc\u00e9 en 2016. Le nez derri\u00e8re ce parfum est Jacques Cavallier Belletrud. Les notes de t\u00eate sont Sirop de cassis et Notes aquatiques; les notes de coeur sont Rose, Cyclamen, Narcissus et Jasmin Sambac; les notes de fond sont Patchouli, Oud, Encens et Benjoin.<\/p>\n","protected":false},"featured_media":5029,"comment_status":"open","ping_status":"closed","template":"","meta":[],"product_brand":[],"product_cat":[196],"product_tag":[222,198],"class_list":{"0":"post-5026","1":"product","2":"type-product","3":"status-publish","4":"has-post-thumbnail","6":"product_cat-parfum-femme","7":"product_tag-louis-vuitton","8":"product_tag-parfum-femme","10":"first","11":"instock","12":"shipping-taxable","13":"purchasable","14":"product-type-variable","15":"has-default-attributes"},"jetpack_sharing_enabled":true,"_links":{"self":[{"href":"https:\/\/benchaaben-fragrance.com\/index.php?rest_route=\/wp\/v2\/product\/5026","targetHints":{"allow":["GET"]}}],"collection":[{"href":"https:\/\/benchaaben-fragrance.com\/index.php?rest_route=\/wp\/v2\/product"}],"about":[{"href":"https:\/\/benchaaben-fragrance.com\/index.php?rest_route=\/wp\/v2\/types\/product"}],"replies":[{"embeddable":true,"href":"https:\/\/benchaaben-fragrance.com\/index.php?rest_route=%2Fwp%2Fv2%2Fcomments&post=5026"}],"wp:featuredmedia":[{"embeddable":true,"href":"https:\/\/benchaaben-fragrance.com\/index.php?rest_route=\/wp\/v2\/media\/5029"}],"wp:attachment":[{"href":"https:\/\/benchaaben-fragrance.com\/index.php?rest_route=%2Fwp%2Fv2%2Fmedia&parent=5026"}],"wp:term":[{"taxonomy":"product_brand","embeddable":true,"href":"https:\/\/benchaaben-fragrance.com\/index.php?rest_route=%2Fwp%2Fv2%2Fproduct_brand&post=5026"},{"taxonomy":"product_cat","embeddable":true,"href":"https:\/\/benchaaben-fragrance.com\/index.php?rest_route=%2Fwp%2Fv2%2Fproduct_cat&post=5026"},{"taxonomy":"product_tag","embeddable":true,"href":"https:\/\/benchaaben-fragrance.com\/index.php?rest_route=%2Fwp%2Fv2%2Fproduct_tag&post=5026"}],"curies":[{"name":"wp","href":"https:\/\/api.w.org\/{rel}","templated":true}]}}