{"id":5030,"date":"2024-12-26T10:48:11","date_gmt":"2024-12-26T09:48:11","guid":{"rendered":"https:\/\/benchaaben-fragrance.com\/?post_type=product&#038;p=5030"},"modified":"2024-12-26T10:48:59","modified_gmt":"2024-12-26T09:48:59","slug":"meteore-louis-vuitton-extrait-de-parfum","status":"publish","type":"product","link":"https:\/\/benchaaben-fragrance.com\/?product=meteore-louis-vuitton-extrait-de-parfum","title":{"rendered":"M\u00e9t\u00e9ore Louis Vuitton Extrait De Parfum"},"content":{"rendered":"<p><b>M\u00e9t\u00e9ore<\/b>\u00a0de\u00a0<b>Louis Vuitton<\/b>\u00a0est un parfum Hesp\u00e9rid\u00e9 aromatique pour homme.\u00a0<b>M\u00e9t\u00e9ore<\/b>\u00a0a \u00e9t\u00e9 lanc\u00e9 en 2020. Le nez derri\u00e8re ce parfum est Jacques Cavallier Belletrud. Les notes de t\u00eate sont Mandarine, Orange de Sicile et Bergamote de Calabria; les notes de coeur sont Poivre rose, Poivre, N\u00e9roli de Tunisie, Noix de muscade d&rsquo;Indon\u00e9sie et Cardamome du Guat\u00e9mala; la note de fond est Huile de v\u00e9tiver de Java.<\/p>\n","protected":false},"excerpt":{"rendered":"<p><b>M\u00e9t\u00e9ore<\/b>\u00a0de\u00a0<b>Louis Vuitton<\/b>\u00a0est un parfum Hesp\u00e9rid\u00e9 aromatique pour homme.\u00a0<b>M\u00e9t\u00e9ore<\/b>\u00a0a \u00e9t\u00e9 lanc\u00e9 en 2020. Le nez derri\u00e8re ce parfum est Jacques Cavallier Belletrud. Les notes de t\u00eate sont Mandarine, Orange de Sicile et Bergamote de Calabria; les notes de coeur sont Poivre rose, Poivre, N\u00e9roli de Tunisie, Noix de muscade d&rsquo;Indon\u00e9sie et Cardamome du Guat\u00e9mala; la note de fond est Huile de v\u00e9tiver de Java.<\/p>\n","protected":false},"featured_media":5033,"comment_status":"open","ping_status":"closed","template":"","meta":[],"product_brand":[],"product_cat":[195],"product_tag":[222,204],"class_list":{"0":"post-5030","1":"product","2":"type-product","3":"status-publish","4":"has-post-thumbnail","6":"product_cat-parfum-homme","7":"product_tag-louis-vuitton","8":"product_tag-parfum-homme","10":"first","11":"instock","12":"shipping-taxable","13":"purchasable","14":"product-type-variable","15":"has-default-attributes"},"jetpack_sharing_enabled":true,"_links":{"self":[{"href":"https:\/\/benchaaben-fragrance.com\/index.php?rest_route=\/wp\/v2\/product\/5030","targetHints":{"allow":["GET"]}}],"collection":[{"href":"https:\/\/benchaaben-fragrance.com\/index.php?rest_route=\/wp\/v2\/product"}],"about":[{"href":"https:\/\/benchaaben-fragrance.com\/index.php?rest_route=\/wp\/v2\/types\/product"}],"replies":[{"embeddable":true,"href":"https:\/\/benchaaben-fragrance.com\/index.php?rest_route=%2Fwp%2Fv2%2Fcomments&post=5030"}],"wp:featuredmedia":[{"embeddable":true,"href":"https:\/\/benchaaben-fragrance.com\/index.php?rest_route=\/wp\/v2\/media\/5033"}],"wp:attachment":[{"href":"https:\/\/benchaaben-fragrance.com\/index.php?rest_route=%2Fwp%2Fv2%2Fmedia&parent=5030"}],"wp:term":[{"taxonomy":"product_brand","embeddable":true,"href":"https:\/\/benchaaben-fragrance.com\/index.php?rest_route=%2Fwp%2Fv2%2Fproduct_brand&post=5030"},{"taxonomy":"product_cat","embeddable":true,"href":"https:\/\/benchaaben-fragrance.com\/index.php?rest_route=%2Fwp%2Fv2%2Fproduct_cat&post=5030"},{"taxonomy":"product_tag","embeddable":true,"href":"https:\/\/benchaaben-fragrance.com\/index.php?rest_route=%2Fwp%2Fv2%2Fproduct_tag&post=5030"}],"curies":[{"name":"wp","href":"https:\/\/api.w.org\/{rel}","templated":true}]}}