{"id":5034,"date":"2024-12-26T10:51:00","date_gmt":"2024-12-26T09:51:00","guid":{"rendered":"https:\/\/benchaaben-fragrance.com\/?post_type=product&#038;p=5034"},"modified":"2024-12-26T10:51:54","modified_gmt":"2024-12-26T09:51:54","slug":"guilty-elixir-de-parfum-pour-homme-gucci-extrait-de-parfum","status":"publish","type":"product","link":"https:\/\/benchaaben-fragrance.com\/?product=guilty-elixir-de-parfum-pour-homme-gucci-extrait-de-parfum","title":{"rendered":"Guilty Elixir de Parfum pour Homme Gucci Extrait De Parfum"},"content":{"rendered":"<p><b>Guilty Elixir de Parfum pour Homme<\/b>\u00a0de\u00a0<b>Gucci<\/b>\u00a0est un parfum Orientale bois\u00e9 pour homme. C&rsquo;est un nouveau parfum.\u00a0<b>Guilty Elixir de Parfum pour Homme<\/b>\u00a0a \u00e9t\u00e9 lanc\u00e9 en 2023. Le nez derri\u00e8re ce parfum est Quentin Bisch. Les notes de t\u00eate sont Fleur d&rsquo;oranger, Noix de muscade et Graines de piment de la Jama\u00efque; les notes de coeur sont Fleur d&rsquo;oranger, Racine d&rsquo;iris et Osmanthus; les notes de fond sont Vanille, Ambrofix\u2122, Benjoin et Patchouli.<\/p>\n","protected":false},"excerpt":{"rendered":"<p><b>Guilty Elixir de Parfum pour Homme<\/b>\u00a0de\u00a0<b>Gucci<\/b>\u00a0est un parfum Orientale bois\u00e9 pour homme. C&rsquo;est un nouveau parfum.\u00a0<b>Guilty Elixir de Parfum pour Homme<\/b>\u00a0a \u00e9t\u00e9 lanc\u00e9 en 2023. Le nez derri\u00e8re ce parfum est Quentin Bisch. Les notes de t\u00eate sont Fleur d&rsquo;oranger, Noix de muscade et Graines de piment de la Jama\u00efque; les notes de coeur sont Fleur d&rsquo;oranger, Racine d&rsquo;iris et Osmanthus; les notes de fond sont Vanille, Ambrofix\u2122, Benjoin et Patchouli.<\/p>\n","protected":false},"featured_media":5037,"comment_status":"open","ping_status":"closed","template":"","meta":[],"product_brand":[],"product_cat":[195],"product_tag":[203,204],"class_list":{"0":"post-5034","1":"product","2":"type-product","3":"status-publish","4":"has-post-thumbnail","6":"product_cat-parfum-homme","7":"product_tag-gucci","8":"product_tag-parfum-homme","10":"first","11":"instock","12":"shipping-taxable","13":"purchasable","14":"product-type-variable","15":"has-default-attributes"},"jetpack_sharing_enabled":true,"_links":{"self":[{"href":"https:\/\/benchaaben-fragrance.com\/index.php?rest_route=\/wp\/v2\/product\/5034","targetHints":{"allow":["GET"]}}],"collection":[{"href":"https:\/\/benchaaben-fragrance.com\/index.php?rest_route=\/wp\/v2\/product"}],"about":[{"href":"https:\/\/benchaaben-fragrance.com\/index.php?rest_route=\/wp\/v2\/types\/product"}],"replies":[{"embeddable":true,"href":"https:\/\/benchaaben-fragrance.com\/index.php?rest_route=%2Fwp%2Fv2%2Fcomments&post=5034"}],"wp:featuredmedia":[{"embeddable":true,"href":"https:\/\/benchaaben-fragrance.com\/index.php?rest_route=\/wp\/v2\/media\/5037"}],"wp:attachment":[{"href":"https:\/\/benchaaben-fragrance.com\/index.php?rest_route=%2Fwp%2Fv2%2Fmedia&parent=5034"}],"wp:term":[{"taxonomy":"product_brand","embeddable":true,"href":"https:\/\/benchaaben-fragrance.com\/index.php?rest_route=%2Fwp%2Fv2%2Fproduct_brand&post=5034"},{"taxonomy":"product_cat","embeddable":true,"href":"https:\/\/benchaaben-fragrance.com\/index.php?rest_route=%2Fwp%2Fv2%2Fproduct_cat&post=5034"},{"taxonomy":"product_tag","embeddable":true,"href":"https:\/\/benchaaben-fragrance.com\/index.php?rest_route=%2Fwp%2Fv2%2Fproduct_tag&post=5034"}],"curies":[{"name":"wp","href":"https:\/\/api.w.org\/{rel}","templated":true}]}}